{"id":652,"date":"2021-12-14T16:40:06","date_gmt":"2021-12-14T15:40:06","guid":{"rendered":"http:\/\/www.ch-orthez.fr\/?page_id=652"},"modified":"2025-08-21T15:37:02","modified_gmt":"2025-08-21T13:37:02","slug":"ehpad-orthez","status":"publish","type":"page","link":"https:\/\/www.ch-orthez.fr\/index.php\/ehpad-orthez\/","title":{"rendered":"EHPAD Orthez"},"content":{"rendered":"<div class=\"fusion-fullwidth fullwidth-box fusion-builder-row-1 fusion-flex-container nonhundred-percent-fullwidth non-hundred-percent-height-scrolling\" style=\"background-color: rgba(255,255,255,0);background-position: center center;background-repeat: no-repeat;border-width: 0px 0px 0px 0px;border-color:#e2e2e2;border-style:solid;\" ><div class=\"fusion-builder-row fusion-row fusion-flex-align-items-flex-start\" style=\"max-width:1331.2px;margin-left: calc(-4% \/ 2 );margin-right: calc(-4% \/ 2 );\"><div class=\"fusion-layout-column fusion_builder_column fusion-builder-column-0 fusion_builder_column_1_1 1_1 fusion-flex-column\"><div class=\"fusion-column-wrapper fusion-flex-justify-content-flex-start fusion-content-layout-column\" style=\"background-position:left top;background-repeat:no-repeat;-webkit-background-size:cover;-moz-background-size:cover;-o-background-size:cover;background-size:cover;padding: 0px 0px 0px 0px;\"><div class=\"fusion-text fusion-text-1\"><div id=\"panel-gb77-61b8ab88ea229-0-0-0\" class=\"so-panel widget widget_sow-editor panel-first-child\" data-index=\"0\">\n<div class=\"so-widget-sow-editor so-widget-sow-editor-base\">\n<h3 class=\"widget-title\">EHPAD d\u2019Orthez \u00ab La Visitation \u00bb<\/h3>\n<div class=\"siteorigin-widget-tinymce textwidget\"><\/div>\n<\/div>\n<\/div>\n<div id=\"panel-gb77-61b8ab88ea229-0-0-1\" class=\"so-panel widget widget_sow-image\" data-index=\"1\">\n<div class=\"so-widget-sow-image so-widget-sow-image-default-d6014b76747a-77\">\n<div class=\"sow-image-container\"><\/div>\n<\/div>\n<\/div>\n<div id=\"panel-gb77-61b8ab88ea229-0-0-2\" class=\"so-panel widget widget_sow-editor\" data-index=\"2\">\n<div class=\"so-widget-sow-editor so-widget-sow-editor-base\">\n<div class=\"siteorigin-widget-tinymce textwidget\">\n<p>Un\u00a0<strong>Etablissement d&rsquo;H\u00e9bergement pour Personnes Ag\u00e9es D\u00e9pendantes\u00a0\u00bb<\/strong>\u00a0&#8211; souvent appel\u00e9\u00a0<strong>EHPAD<\/strong>\u00a0&#8211; est une r\u00e9sidence collective m\u00e9dicalis\u00e9e destin\u00e9e aux\u00a0<strong>personnes \u00e2g\u00e9es en perte d&rsquo;autonomie ou d\u00e9pendantes<\/strong> de plus de 60 ans.<\/p>\n<p>Vous pouvez utiliser le portail public\u00a0<a href=\"https:\/\/trajectoire.sante-ra.fr\/GrandAge\/Pages\/Public\/CreationDossierAvantPropos.aspx\">ViaTrajectoire<\/a>. Il vous permet de faire votre demande en ligne, de transmettre votre dossier \u00e0 votre m\u00e9decin traitant et de suivre l\u2019avancement de votre dossier.<\/p>\n<p>\u00c0 l\u2019EHPAD \u00ab\u00a0La Visitation\u00a0\u00bb une \u00e9quipe dynamique prend soins des r\u00e9sidents, compos\u00e9e de\u00a0: cadre de pole et de proximit\u00e9, adjointe aux cadres, infirmi\u00e8res, aides-soignantes, agents de services hospitaliers, agent de restauration, animatrice, psychologue, ergoth\u00e9rapeute, coordonnateur logistique, ouvrier d\u2019entretien.<\/p>\n<p>Certaines \u00e9quipes de l\u2019h\u00f4pital sont r\u00e9guli\u00e8rement sollicit\u00e9es\u00a0: Equipe Mobile de Soins Palliatifs, Hospitalisation \u00e0 Domicile, Plaies et Cicatrisation, Equipe Mobile d\u2019Orientation G\u00e9riatrique \u2026<\/p>\n<p>De plus des intervenants ext\u00e9rieurs viennent r\u00e9guli\u00e8rement\u00a0: m\u00e9decins traitants, kin\u00e9sith\u00e9rapeutes lib\u00e9raux, p\u00e9dicures, coiffeuses \u2026<\/p>\n<p>De nombreuses activit\u00e9s autant ludiques que th\u00e9rapeutiques sont propos\u00e9es aux r\u00e9sidents\u00a0par notre animatrice, qui peut \u00eatre accompagn\u00e9e par des intervenants ext\u00e9rieurs\u00a0: chant, informatique, ateliers cr\u00eapes, jeux de soci\u00e9t\u00e9, r\u00e9alit\u00e9 virtuelle, m\u00e9diation animale, sophrologie \u2026<\/p>\n<p>Les r\u00e9sidents peuvent \u00e9galement faire des sorties encadr\u00e9es par l\u2019animatrice, inter-EHPAD.<\/p>\n<p>En cette p\u00e9riode sanitaire compliqu\u00e9e, tous les gestes barri\u00e8res sont appliqu\u00e9s rigoureusement pour permettre \u00e0 chacun de continuer \u00e0 vivre sereinement.<\/p>\n<h5 class=\"text-blanc\">L\u2019\u00e9quipe :<\/h5>\n<ul>\n<li>Mme Sophie COLOMBEL : Cadre du p\u00f4le H\u00e9bergement et activit\u00e9 de r\u00e9adaptation et r\u00e9\u00e9ducation<\/li>\n<li>Mme Sophie PEHAU : Cadre de sant\u00e9<\/li>\n<li>Mmes Sandrine RIGON et Diane DUBALEN : Assistantes sociales<\/li>\n<li>Infirmi\u00e8res, aides-soignantes, agents de service hospitaliers et animatrices.<\/li>\n<\/ul>\n<p><strong>L\u2019infirmi\u00e8re coordinatrice<\/strong>\u00a0peut \u00eatre sollicit\u00e9e du Lundi au Vendredi, sur demande aupr\u00e8s des infirmi\u00e8res ou par t\u00e9l\u00e9phone au\u00a0<strong>05 59 69 71 30<\/strong>.<\/p>\n<\/div>\n<\/div>\n<\/div>\n<\/div><\/div><style type=\"text\/css\">.fusion-body .fusion-builder-column-0{width:100% !important;margin-top : 0px;margin-bottom : 20px;}.fusion-builder-column-0 > .fusion-column-wrapper {padding-top : 0px !important;padding-right : 0px !important;margin-right : 1.92%;padding-bottom : 0px !important;padding-left : 0px !important;margin-left : 1.92%;}@media only screen and (max-width:1024px) {.fusion-body .fusion-builder-column-0{width:100% !important;order : 0;}.fusion-builder-column-0 > .fusion-column-wrapper {margin-right : 1.92%;margin-left : 1.92%;}}@media only screen and (max-width:640px) {.fusion-body .fusion-builder-column-0{width:100% !important;order : 0;}.fusion-builder-column-0 > .fusion-column-wrapper {margin-right : 1.92%;margin-left : 1.92%;}}<\/style><\/div><\/div><style type=\"text\/css\">.fusion-body .fusion-flex-container.fusion-builder-row-1{ padding-top : 0px;margin-top : 0px;padding-right : 0px;padding-bottom : 0px;margin-bottom : 0px;padding-left : 0px;}<\/style><\/div>\n","protected":false},"excerpt":{"rendered":"","protected":false},"author":1,"featured_media":856,"parent":0,"menu_order":0,"comment_status":"closed","ping_status":"closed","template":"","meta":{"footnotes":""},"_links":{"self":[{"href":"https:\/\/www.ch-orthez.fr\/index.php\/wp-json\/wp\/v2\/pages\/652"}],"collection":[{"href":"https:\/\/www.ch-orthez.fr\/index.php\/wp-json\/wp\/v2\/pages"}],"about":[{"href":"https:\/\/www.ch-orthez.fr\/index.php\/wp-json\/wp\/v2\/types\/page"}],"author":[{"embeddable":true,"href":"https:\/\/www.ch-orthez.fr\/index.php\/wp-json\/wp\/v2\/users\/1"}],"replies":[{"embeddable":true,"href":"https:\/\/www.ch-orthez.fr\/index.php\/wp-json\/wp\/v2\/comments?post=652"}],"version-history":[{"count":2,"href":"https:\/\/www.ch-orthez.fr\/index.php\/wp-json\/wp\/v2\/pages\/652\/revisions"}],"predecessor-version":[{"id":3287,"href":"https:\/\/www.ch-orthez.fr\/index.php\/wp-json\/wp\/v2\/pages\/652\/revisions\/3287"}],"wp:featuredmedia":[{"embeddable":true,"href":"https:\/\/www.ch-orthez.fr\/index.php\/wp-json\/wp\/v2\/media\/856"}],"wp:attachment":[{"href":"https:\/\/www.ch-orthez.fr\/index.php\/wp-json\/wp\/v2\/media?parent=652"}],"curies":[{"name":"wp","href":"https:\/\/api.w.org\/{rel}","templated":true}]}}