{"id":650,"date":"2021-12-14T16:39:45","date_gmt":"2021-12-14T15:39:45","guid":{"rendered":"http:\/\/www.ch-orthez.fr\/?page_id=650"},"modified":"2025-12-15T15:24:06","modified_gmt":"2025-12-15T14:24:06","slug":"ehpad-mourenx","status":"publish","type":"page","link":"https:\/\/www.ch-orthez.fr\/index.php\/ehpad-mourenx\/","title":{"rendered":"EHPAD Mourenx"},"content":{"rendered":"<div class=\"fusion-fullwidth fullwidth-box fusion-builder-row-1 fusion-flex-container nonhundred-percent-fullwidth non-hundred-percent-height-scrolling\" style=\"background-color: rgba(255,255,255,0);background-position: center center;background-repeat: no-repeat;border-width: 0px 0px 0px 0px;border-color:#e2e2e2;border-style:solid;\" ><div class=\"fusion-builder-row fusion-row fusion-flex-align-items-flex-start\" style=\"max-width:1331.2px;margin-left: calc(-4% \/ 2 );margin-right: calc(-4% \/ 2 );\"><div class=\"fusion-layout-column fusion_builder_column fusion-builder-column-0 fusion_builder_column_1_1 1_1 fusion-flex-column\"><div class=\"fusion-column-wrapper fusion-flex-justify-content-flex-start fusion-content-layout-column\" style=\"background-position:left top;background-repeat:no-repeat;-webkit-background-size:cover;-moz-background-size:cover;-o-background-size:cover;background-size:cover;padding: 0px 0px 0px 0px;\"><div class=\"fusion-text fusion-text-1\"><div id=\"panel-gb77-61b8ab88ea229-0-0-0\" class=\"so-panel widget widget_sow-editor panel-first-child\" data-index=\"0\">\n<div class=\"so-widget-sow-editor so-widget-sow-editor-base\">\n<div id=\"panel-gb77-61b8ab88ea229-1-0-0\" class=\"so-panel widget widget_sow-editor panel-first-child\" data-index=\"4\">\n<div class=\"so-widget-sow-editor so-widget-sow-editor-base\">\n<h3 class=\"widget-title\">EHPAD de Mourenx \u00ab Les Pionniers \u00bb<\/h3>\n<div class=\"siteorigin-widget-tinymce textwidget\"><\/div>\n<\/div>\n<\/div>\n<div id=\"panel-gb77-61b8ab88ea229-1-0-1\" class=\"so-panel widget widget_sow-image\" data-index=\"5\">\n<div class=\"so-widget-sow-image so-widget-sow-image-default-d6014b76747a-77\">\n<div class=\"sow-image-container\"><\/div>\n<\/div>\n<\/div>\n<div id=\"panel-gb77-61b8ab88ea229-1-0-2\" class=\"so-panel widget widget_sow-editor\" data-index=\"6\">\n<div class=\"so-widget-sow-editor so-widget-sow-editor-base\">\n<div class=\"siteorigin-widget-tinymce textwidget\">\n<p>L\u2019EHPAD de Mourenx a ouvert en Mars 2010, plus grand et mieux adapt\u00e9 aux besoins des r\u00e9sidents.<\/p>\n<p>Dot\u00e9 de 51 places d\u2019h\u00e9bergement permanent (dont 14 lits pour accueillir des personnes atteintes de la maladie d\u2019Alzheimer), 4 lits d\u2019h\u00e9bergement temporaire et 6 places d\u2019accueil de jour, la structure a pour mission d\u2019offrir aux personnes \u00e2g\u00e9es, dans le respect de leur libre choix, une prise en charge adapt\u00e9e \u00e0 l\u2019\u00e9volution de leurs besoins.<\/p>\n<p>Jardin th\u00e9rapeutique r\u00e9alis\u00e9 en collaboration avec le Lyc\u00e9e agricole d\u2019Orthez et la C.C.L.O.<\/p>\n<p>Les r\u00e9sidents et leur entourage sont accompagn\u00e9s par l\u2019\u00e9quipe en fonction du projet individuel de vie et de soins d\u00e9fini en commun.<\/p>\n<h5 class=\"text-blanc\"><strong>L\u2019\u00e9quipe :<\/strong><\/h5>\n<ul>\n<li>Mme Sophie COLOMBEL : Cadre du p\u00f4le H\u00e9bergement et Activit\u00e9 de r\u00e9\u00e9education et r\u00e9adaptation<\/li>\n<li>Mme Sandrine LUBET : Cadre de Sant\u00e9<\/li>\n<li>Mmes Sandrine RIGON et Diane DUBALEN : Assistantes sociales<\/li>\n<li>Infirmi\u00e8re coordinatrice : Mme Marina ROUGIER<\/li>\n<li>Infirmi\u00e8res, aides-soignantes, agents de service hospitaliers et animatrices.<\/li>\n<\/ul>\n<p><strong>\u00a0<\/strong><\/p>\n<\/div>\n<\/div>\n<\/div>\n<\/div>\n<\/div>\n<\/div><\/div><style type=\"text\/css\">.fusion-body .fusion-builder-column-0{width:100% !important;margin-top : 0px;margin-bottom : 20px;}.fusion-builder-column-0 > .fusion-column-wrapper {padding-top : 0px !important;padding-right : 0px !important;margin-right : 1.92%;padding-bottom : 0px !important;padding-left : 0px !important;margin-left : 1.92%;}@media only screen and (max-width:1024px) {.fusion-body .fusion-builder-column-0{width:100% !important;order : 0;}.fusion-builder-column-0 > .fusion-column-wrapper {margin-right : 1.92%;margin-left : 1.92%;}}@media only screen and (max-width:640px) {.fusion-body .fusion-builder-column-0{width:100% !important;order : 0;}.fusion-builder-column-0 > .fusion-column-wrapper {margin-right : 1.92%;margin-left : 1.92%;}}<\/style><\/div><\/div><style type=\"text\/css\">.fusion-body .fusion-flex-container.fusion-builder-row-1{ padding-top : 0px;margin-top : 0px;padding-right : 0px;padding-bottom : 0px;margin-bottom : 0px;padding-left : 0px;}<\/style><\/div>\n","protected":false},"excerpt":{"rendered":"","protected":false},"author":1,"featured_media":878,"parent":0,"menu_order":0,"comment_status":"closed","ping_status":"closed","template":"","meta":{"footnotes":""},"_links":{"self":[{"href":"https:\/\/www.ch-orthez.fr\/index.php\/wp-json\/wp\/v2\/pages\/650"}],"collection":[{"href":"https:\/\/www.ch-orthez.fr\/index.php\/wp-json\/wp\/v2\/pages"}],"about":[{"href":"https:\/\/www.ch-orthez.fr\/index.php\/wp-json\/wp\/v2\/types\/page"}],"author":[{"embeddable":true,"href":"https:\/\/www.ch-orthez.fr\/index.php\/wp-json\/wp\/v2\/users\/1"}],"replies":[{"embeddable":true,"href":"https:\/\/www.ch-orthez.fr\/index.php\/wp-json\/wp\/v2\/comments?post=650"}],"version-history":[{"count":3,"href":"https:\/\/www.ch-orthez.fr\/index.php\/wp-json\/wp\/v2\/pages\/650\/revisions"}],"predecessor-version":[{"id":3407,"href":"https:\/\/www.ch-orthez.fr\/index.php\/wp-json\/wp\/v2\/pages\/650\/revisions\/3407"}],"wp:featuredmedia":[{"embeddable":true,"href":"https:\/\/www.ch-orthez.fr\/index.php\/wp-json\/wp\/v2\/media\/878"}],"wp:attachment":[{"href":"https:\/\/www.ch-orthez.fr\/index.php\/wp-json\/wp\/v2\/media?parent=650"}],"curies":[{"name":"wp","href":"https:\/\/api.w.org\/{rel}","templated":true}]}}