{"id":648,"date":"2021-12-14T16:39:26","date_gmt":"2021-12-14T15:39:26","guid":{"rendered":"http:\/\/www.ch-orthez.fr\/?page_id=648"},"modified":"2022-01-05T18:35:09","modified_gmt":"2022-01-05T17:35:09","slug":"ehpad-monein","status":"publish","type":"page","link":"https:\/\/www.ch-orthez.fr\/index.php\/ehpad-monein\/","title":{"rendered":"EHPAD Monein"},"content":{"rendered":"<div class=\"fusion-fullwidth fullwidth-box fusion-builder-row-1 fusion-flex-container nonhundred-percent-fullwidth non-hundred-percent-height-scrolling\" style=\"background-color: rgba(255,255,255,0);background-position: center center;background-repeat: no-repeat;border-width: 0px 0px 0px 0px;border-color:#e2e2e2;border-style:solid;\" ><div class=\"fusion-builder-row fusion-row fusion-flex-align-items-flex-start\" style=\"max-width:1331.2px;margin-left: calc(-4% \/ 2 );margin-right: calc(-4% \/ 2 );\"><div class=\"fusion-layout-column fusion_builder_column fusion-builder-column-0 fusion_builder_column_1_1 1_1 fusion-flex-column\"><div class=\"fusion-column-wrapper fusion-flex-justify-content-flex-start fusion-content-layout-column\" style=\"background-position:left top;background-repeat:no-repeat;-webkit-background-size:cover;-moz-background-size:cover;-o-background-size:cover;background-size:cover;padding: 0px 0px 0px 0px;\"><div class=\"fusion-text fusion-text-1\"><div id=\"panel-gb77-61b8ab88ea229-2-0-0\" class=\"so-panel widget widget_sow-editor panel-first-child\" data-index=\"8\">\n<div class=\"so-widget-sow-editor so-widget-sow-editor-base\">\n<h3 class=\"widget-title\">EHPAD \u00ab La Roussanne \u00bb \u00e0 Monein<\/h3>\n<div class=\"siteorigin-widget-tinymce textwidget\"><\/div>\n<\/div>\n<\/div>\n<div id=\"panel-gb77-61b8ab88ea229-2-0-1\" class=\"so-panel widget widget_sow-image\" data-index=\"9\">\n<div class=\"so-widget-sow-image so-widget-sow-image-default-d6014b76747a-77\">\n<div class=\"sow-image-container\"><img decoding=\"async\" class=\"so-widget-image aligncenter\" src=\"https:\/\/www.ch-orthez.fr\/wp-content\/uploads\/2019\/09\/ehpad_monein.jpg\" sizes=\"(max-width: 176px) 100vw, 176px\" alt=\"\" width=\"176\" height=\"128\" \/><\/div>\n<\/div>\n<\/div>\n<div id=\"panel-gb77-61b8ab88ea229-2-0-2\" class=\"so-panel widget widget_sow-editor\" data-index=\"10\">\n<div class=\"so-widget-sow-editor so-widget-sow-editor-base\">\n<div class=\"siteorigin-widget-tinymce textwidget\">\n<div id=\"col1\">\n<p>Acc\u00e9der au site :\u00a0<a href=\"https:\/\/www.laroussane.fr\/\" target=\"_blank\" rel=\"noopener\">https:\/\/www.laroussane.fr\/<\/a><\/p>\n<p>Maison de retraite m\u00e9dicalis\u00e9e, a sign\u00e9 sa convention tripartite avec le Conseil g\u00e9n\u00e9ral des Pyr\u00e9n\u00e9es Atlantiques et la DDASS EN 2006. C\u2019est un \u00e9tablissement public m\u00e9dico-social autonome assurant ses missions de service public.<\/p>\n<p><em><strong>UN CADRE D\u2019EXCEPTION\u2026<\/strong><\/em><\/p>\n<p>Nich\u00e9e au c\u0153ur des coteaux de Monein, au pied des Pyr\u00e9n\u00e9es, la Roussane vous accueille dans un cadre convivial et sympathique.<\/p>\n<\/div>\n<div id=\"col2\">\n<p><em><strong>UN PEU D\u2019HISTOIRE\u2026<\/strong><\/em><\/p>\n<p>Inaugur\u00e9 en 1993, notre \u00e9tablissement, d\u2019une capacit\u00e9 de 90 lits se situe \u00e0 deux pas du centre ville et de ses petits commerces.<\/p>\n<p><strong><em>DES BESOINS ADAPTES\u2026<\/em><\/strong><\/p>\n<p>Une unit\u00e9 Alzheimer accueille tout particuli\u00e8rement les malades dans un cadre m\u00e9dicalis\u00e9 rassurant avec un jardin th\u00e9rapeutique.<\/p>\n<\/div>\n<\/div>\n<\/div>\n<\/div>\n<div id=\"panel-gb77-61b8ab88ea229-2-0-3\" class=\"so-panel widget widget_sow-image panel-last-child\" data-index=\"11\">\n<div class=\"panel-widget-style panel-widget-style-for-gb77-61b8ab88ea229-2-0-3\">\n<div class=\"so-widget-sow-image so-widget-sow-image-default-d6014b76747a-77\">\n<div class=\"sow-image-container\"><\/div>\n<\/div>\n<\/div>\n<\/div>\n<\/div><\/div><style type=\"text\/css\">.fusion-body .fusion-builder-column-0{width:100% !important;margin-top : 0px;margin-bottom : 20px;}.fusion-builder-column-0 > .fusion-column-wrapper {padding-top : 0px !important;padding-right : 0px !important;margin-right : 1.92%;padding-bottom : 0px !important;padding-left : 0px !important;margin-left : 1.92%;}@media only screen and (max-width:1024px) {.fusion-body .fusion-builder-column-0{width:100% !important;order : 0;}.fusion-builder-column-0 > .fusion-column-wrapper {margin-right : 1.92%;margin-left : 1.92%;}}@media only screen and (max-width:640px) {.fusion-body .fusion-builder-column-0{width:100% !important;order : 0;}.fusion-builder-column-0 > .fusion-column-wrapper {margin-right : 1.92%;margin-left : 1.92%;}}<\/style><\/div><\/div><style type=\"text\/css\">.fusion-body .fusion-flex-container.fusion-builder-row-1{ padding-top : 0px;margin-top : 0px;padding-right : 0px;padding-bottom : 0px;margin-bottom : 0px;padding-left : 0px;}<\/style><\/div>\n","protected":false},"excerpt":{"rendered":"","protected":false},"author":1,"featured_media":0,"parent":0,"menu_order":0,"comment_status":"closed","ping_status":"closed","template":"","meta":{"footnotes":""},"_links":{"self":[{"href":"https:\/\/www.ch-orthez.fr\/index.php\/wp-json\/wp\/v2\/pages\/648"}],"collection":[{"href":"https:\/\/www.ch-orthez.fr\/index.php\/wp-json\/wp\/v2\/pages"}],"about":[{"href":"https:\/\/www.ch-orthez.fr\/index.php\/wp-json\/wp\/v2\/types\/page"}],"author":[{"embeddable":true,"href":"https:\/\/www.ch-orthez.fr\/index.php\/wp-json\/wp\/v2\/users\/1"}],"replies":[{"embeddable":true,"href":"https:\/\/www.ch-orthez.fr\/index.php\/wp-json\/wp\/v2\/comments?post=648"}],"version-history":[{"count":0,"href":"https:\/\/www.ch-orthez.fr\/index.php\/wp-json\/wp\/v2\/pages\/648\/revisions"}],"wp:attachment":[{"href":"https:\/\/www.ch-orthez.fr\/index.php\/wp-json\/wp\/v2\/media?parent=648"}],"curies":[{"name":"wp","href":"https:\/\/api.w.org\/{rel}","templated":true}]}}