{"id":639,"date":"2021-12-14T16:35:13","date_gmt":"2021-12-14T15:35:13","guid":{"rendered":"http:\/\/www.ch-orthez.fr\/?page_id=639"},"modified":"2024-11-14T11:37:30","modified_gmt":"2024-11-14T10:37:30","slug":"les-demandes-de-stage","status":"publish","type":"page","link":"https:\/\/www.ch-orthez.fr\/index.php\/les-demandes-de-stage\/","title":{"rendered":"Demandes de stage"},"content":{"rendered":"<div class=\"fusion-fullwidth fullwidth-box fusion-builder-row-1 fusion-flex-container nonhundred-percent-fullwidth non-hundred-percent-height-scrolling\" style=\"background-color: rgba(255,255,255,0);background-position: center center;background-repeat: no-repeat;border-width: 0px 0px 0px 0px;border-color:#e2e2e2;border-style:solid;\" ><div class=\"fusion-builder-row fusion-row fusion-flex-align-items-flex-start\" style=\"max-width:1331.2px;margin-left: calc(-4% \/ 2 );margin-right: calc(-4% \/ 2 );\"><div class=\"fusion-layout-column fusion_builder_column fusion-builder-column-0 fusion_builder_column_1_1 1_1 fusion-flex-column\"><div class=\"fusion-column-wrapper fusion-flex-justify-content-flex-start fusion-content-layout-column\" style=\"background-position:left top;background-repeat:no-repeat;-webkit-background-size:cover;-moz-background-size:cover;-o-background-size:cover;background-size:cover;padding: 0px 0px 0px 0px;\"><div class=\"fusion-text fusion-text-1\"><p>Toute personne qui souhaite effectuer un stage au Centre Hospitalier d\u2019Orthez doit faire la demande\u00a0<strong>au moins 1 mois avant la date du d\u00e9but de stage<\/strong>\u00a0(en-dessous de ce d\u00e9lai, la demande ne sera pas trait\u00e9e) aux coordonn\u00e9es suivantes :<\/p>\n<p>Secr\u00e9tariat de la Direction des Soins<\/p>\n<p>Centre Hospitalier d\u2019Orthez<br \/>\nRue du moulin \u2013 BP 118<br \/>\n64301 ORTHEZ Cedex<\/p>\n<p>Ou<\/p>\n<p>sec.ds@ch-orthez.fr<\/p>\n<p><strong>Cette demande doit imp\u00e9rativement comporter :<\/strong><\/p>\n<ul>\n<li>Le type de formation suivie,<\/li>\n<li>Le service dans lequel vous souhaitez r\u00e9aliser votre stage,<\/li>\n<li>Les objectifs de stage,<\/li>\n<li>Les dates pr\u00e9cises de stage,<\/li>\n<li>Un CV et une lettre de motivation \u00e0 l\u2019attention de (selon le type de stage) :<\/li>\n<\/ul>\n<p>Madame la Directrice des Soins pour un stage param\u00e9dical<br \/>\nMadame la Directrice des Approvisionnements, de l\u2019Ing\u00e9nierie et la Logistique pour une stage technique ou logistique<br \/>\nMadame la Directrice des Ressources Humaines\u00a0pour un stage administratif<br \/>\nMadame la Directrice des Affaires Financi\u00e8res pour un stage au service financier ou informatique<\/p>\n<p><strong>R\u00e9ponse au candidat :<\/strong><\/p>\n<p>Un courrier d\u2019accord ou de refus vous sera envoy\u00e9.<br \/>\nEn cas d\u2019accord, le courrier mentionnera les documents n\u00e9cessaires \u00e0 retourner.<br \/>\nAucun stage ne pourra \u00eatre d\u00e9but\u00e9 sans ces documents.<\/p>\n<\/div><\/div><style type=\"text\/css\">.fusion-body .fusion-builder-column-0{width:100% !important;margin-top : 0px;margin-bottom : 20px;}.fusion-builder-column-0 > .fusion-column-wrapper {padding-top : 0px !important;padding-right : 0px !important;margin-right : 1.92%;padding-bottom : 0px !important;padding-left : 0px !important;margin-left : 1.92%;}@media only screen and (max-width:1024px) {.fusion-body .fusion-builder-column-0{width:100% !important;order : 0;}.fusion-builder-column-0 > .fusion-column-wrapper {margin-right : 1.92%;margin-left : 1.92%;}}@media only screen and (max-width:640px) {.fusion-body .fusion-builder-column-0{width:100% !important;order : 0;}.fusion-builder-column-0 > .fusion-column-wrapper {margin-right : 1.92%;margin-left : 1.92%;}}<\/style><\/div><\/div><style type=\"text\/css\">.fusion-body .fusion-flex-container.fusion-builder-row-1{ padding-top : 0px;margin-top : 0px;padding-right : 0px;padding-bottom : 0px;margin-bottom : 0px;padding-left : 0px;}<\/style><\/div>\n","protected":false},"excerpt":{"rendered":"","protected":false},"author":1,"featured_media":0,"parent":0,"menu_order":0,"comment_status":"closed","ping_status":"closed","template":"","meta":{"footnotes":""},"_links":{"self":[{"href":"https:\/\/www.ch-orthez.fr\/index.php\/wp-json\/wp\/v2\/pages\/639"}],"collection":[{"href":"https:\/\/www.ch-orthez.fr\/index.php\/wp-json\/wp\/v2\/pages"}],"about":[{"href":"https:\/\/www.ch-orthez.fr\/index.php\/wp-json\/wp\/v2\/types\/page"}],"author":[{"embeddable":true,"href":"https:\/\/www.ch-orthez.fr\/index.php\/wp-json\/wp\/v2\/users\/1"}],"replies":[{"embeddable":true,"href":"https:\/\/www.ch-orthez.fr\/index.php\/wp-json\/wp\/v2\/comments?post=639"}],"version-history":[{"count":1,"href":"https:\/\/www.ch-orthez.fr\/index.php\/wp-json\/wp\/v2\/pages\/639\/revisions"}],"predecessor-version":[{"id":3089,"href":"https:\/\/www.ch-orthez.fr\/index.php\/wp-json\/wp\/v2\/pages\/639\/revisions\/3089"}],"wp:attachment":[{"href":"https:\/\/www.ch-orthez.fr\/index.php\/wp-json\/wp\/v2\/media?parent=639"}],"curies":[{"name":"wp","href":"https:\/\/api.w.org\/{rel}","templated":true}]}}