{"id":623,"date":"2021-12-14T15:28:56","date_gmt":"2021-12-14T14:28:56","guid":{"rendered":"http:\/\/www.ch-orthez.fr\/?page_id=623"},"modified":"2026-02-17T14:52:34","modified_gmt":"2026-02-17T13:52:34","slug":"pole-urgences-cpp-prestations-ambulatoires-imagerie","status":"publish","type":"page","link":"https:\/\/www.ch-orthez.fr\/index.php\/pole-urgences-cpp-prestations-ambulatoires-imagerie\/","title":{"rendered":"P\u00f4le urgences \/ Centre P\u00e9rinatal de Proximit\u00e9 \/ Prestations ambulatoires \/ Imagerie"},"content":{"rendered":"<div class=\"fusion-fullwidth fullwidth-box fusion-builder-row-1 fusion-flex-container nonhundred-percent-fullwidth non-hundred-percent-height-scrolling\" style=\"background-color: rgba(255,255,255,0);background-position: center center;background-repeat: no-repeat;border-width: 0px 0px 0px 0px;border-color:#e2e2e2;border-style:solid;\" ><div class=\"fusion-builder-row fusion-row fusion-flex-align-items-flex-start\" style=\"max-width:1331.2px;margin-left: calc(-4% \/ 2 );margin-right: calc(-4% \/ 2 );\"><div class=\"fusion-layout-column fusion_builder_column fusion-builder-column-0 fusion_builder_column_1_1 1_1 fusion-flex-column\"><div class=\"fusion-column-wrapper fusion-flex-justify-content-flex-start fusion-content-layout-column\" style=\"background-position:left top;background-repeat:no-repeat;-webkit-background-size:cover;-moz-background-size:cover;-o-background-size:cover;background-size:cover;padding: 0px 0px 0px 0px;\"><div class=\"fusion-text fusion-text-1\"><ul>\n<li>Chef de P\u00f4le: Dr Philippe MOREL<\/li>\n<li>Cadre de P\u00f4le : Mme Sandrine CASTELLA<\/li>\n<\/ul>\n<p>Pour chaque service, une pr\u00e9sentation synth\u00e9tique est mise \u00e0 votre disposition.<\/p>\n<\/div><style>#sp-ea-1080 .spcollapsing { height: 0; overflow: hidden; transition-property: height;transition-duration: 300ms;}#sp-ea-1080.sp-easy-accordion>.sp-ea-single {margin-bottom: 10px; border: 1px solid #e2e2e2; }#sp-ea-1080.sp-easy-accordion>.sp-ea-single>.ea-header a {color: #444;}#sp-ea-1080.sp-easy-accordion>.sp-ea-single>.sp-collapse>.ea-body {background: #ffffff; color: #444;}#sp-ea-1080.sp-easy-accordion>.sp-ea-single {background: #bae6d7;}#sp-ea-1080.sp-easy-accordion>.sp-ea-single>.ea-header a .ea-expand-icon { float: left; color: #444;font-size: 16px;}<\/style><div id=\"sp_easy_accordion-1778071432\"><div id=\"sp-ea-1080\" class=\"sp-ea-one sp-easy-accordion\" data-ea-active=\"ea-click\" data-ea-mode=\"vertical\" data-preloader=\"\" data-scroll-active-item=\"\" data-offset-to-scroll=\"0\"><div class=\"ea-card sp-ea-single\"><h3 class=\"ea-header\"><a class=\"collapsed\" id=\"ea-header-10800\" role=\"button\" data-sptoggle=\"spcollapse\" data-sptarget=\"#collapse10800\" aria-controls=\"collapse10800\" href=\"#\" aria-expanded=\"false\" tabindex=\"0\"><i aria-hidden=\"true\" role=\"presentation\" class=\"ea-expand-icon eap-icon-ea-expand-plus\"><\/i> Urgences - SMUR<\/a><\/h3><div class=\"sp-collapse spcollapse spcollapse\" id=\"collapse10800\" data-parent=\"#sp-ea-1080\" role=\"region\" aria-labelledby=\"ea-header-10800\"> <div class=\"ea-body\"><p><strong>Le service des Urgences<\/strong> est en mesure de prendre en charge toute personne, malade ou bless\u00e9e, 24h\/24h. Une \u00e9quipe m\u00e9dicale et param\u00e9dicale est pr\u00e9sente afin d\u2019assurer les soins urgents imm\u00e9diats et le traitement des probl\u00e8mes de sant\u00e9 survenus de fa\u00e7on aig\u00fce.<\/p><p>A l\u2019issue de ces soins, les patients pourront :<\/p><ul><li>Soit rentrer \u00e0 leur domicile,<\/li><li>Soit \u00eatre hospitalis\u00e9s dans l\u2019\u00e9tablissement,<\/li><li>Soit \u00eatre transf\u00e9r\u00e9s vers un autre centre sp\u00e9cialis\u00e9, si leur \u00e9tat de sant\u00e9 le n\u00e9cessite.<\/li><\/ul><p>Le service dispose d\u2019une UHCD qui est une unit\u00e9 d\u2019hospitalisation de courte dur\u00e9e pour des s\u00e9jours de moins de 48h.<\/p><p><strong>Le SMUR<\/strong> (Service Mobile d\u2019Urgence et de R\u00e9animation) est activ\u00e9 par l\u2019interm\u00e9diaire du m\u00e9decin r\u00e9gulateur du SAMU Centre\u00a015\u00a0et joignable 24h\/24h, en composant le 15 sur votre t\u00e9l\u00e9phone fixe ou le\u00a0112\u00a0depuis un portable.<\/p><p>Sa mission est d\u2019amener, sur les lieux m\u00eames de l\u2019urgence, une \u00e9quipe soignante qui prend en charge les patients n\u00e9cessitant des soins imm\u00e9diats sur les lieux de d\u00e9tresse.<\/p><p>Pour cette mission, il dispose d\u2019un v\u00e9hicule \u00e9quip\u00e9 de mat\u00e9riel d\u2019urgence, de r\u00e9animation et d\u2019une \u00e9quipe compos\u00e9e d\u2019un m\u00e9decin, d\u2019un(e) infirmier(e) et d\u2019un conducteur ambulancier.<\/p><p>L\u2019\u00e9quipe m\u00e9dicale et param\u00e9dicale\u00a0:<\/p><ul><li>Dr AUDRAIN : Chef de p\u00f4le<\/li><li>Dr BARTOU<\/li><li>Dr LIEPA<\/li><li>Dr HUTHER<\/li><li>Dr MOSTEFAI<\/li><li>Dr PACHE<\/li><li>Dr LUCINE<\/li><li>Dr JOMIN<\/li><li>Dr BOUDOUSSE<\/li><li>Dr TENCER<\/li><li>Dr EL KHALDI<\/li><li>Dr MOREL<\/li><li>Dr BASSETTI<\/li><li>Dr EXBRAYAT<\/li><li>Mme S. CASTELLA : Cadre de sant\u00e9<\/li><li>Infirmi\u00e8r(es), aides-soignant(e)s, ambulanciers-chauffeur SMUR.<span style=\"text-decoration: line-through\"><br \/><\/span><\/li><\/ul><\/div><\/div><\/div><div class=\"ea-card sp-ea-single\"><h3 class=\"ea-header\"><a class=\"collapsed\" id=\"ea-header-10801\" role=\"button\" data-sptoggle=\"spcollapse\" data-sptarget=\"#collapse10801\" aria-controls=\"collapse10801\" href=\"#\" aria-expanded=\"false\" tabindex=\"0\"><i aria-hidden=\"true\" role=\"presentation\" class=\"ea-expand-icon eap-icon-ea-expand-plus\"><\/i> Radiologie<\/a><\/h3><div class=\"sp-collapse spcollapse spcollapse\" id=\"collapse10801\" data-parent=\"#sp-ea-1080\" role=\"region\" aria-labelledby=\"ea-header-10801\"> <div class=\"ea-body\"><p>Le service d\u2019imagerie m\u00e9dicale du Centre Hospitalier d\u2019Orthez propose des examens de Scanner, Echographie, Doppler, Radiographie num\u00e9ris\u00e9e, Angiographie, Phl\u00e9bographie.<\/p><p>L\u2019\u00e9quipe m\u00e9dicale et param\u00e9dicale :<\/p><ul><li>Dr K. YAHI<\/li><li>Dr P. AURENSAN<\/li><li>Dr A. BAYSSETTE<\/li><li>Mme S. CASTELLA : Cadre de sant\u00e9<\/li><\/ul><p>Le scanner est g\u00e9r\u00e9 dans le cadre d\u2019un Groupement d\u2019int\u00e9r\u00eat Economique (GIE) qui associe le CHO et la SCM scanner du B\u00e9arn. Le service d\u2019imagerie m\u00e9dicale est ouvert aux usagers, en externe et sur rendez-vous, pour r\u00e9aliser des examens :<\/p><p>Le scanner est ouvert aux usagers, en externe et sur rendez-vous, pour r\u00e9aliser des examens :<\/p><ul><li>Le Lundi matin de 8h30 \u00e0 12h<\/li><li>le Mardi apr\u00e8s-midi de 14h \u00e0 16h30<\/li><li>le Mercredi matin de 8h30 \u00e0 12h<\/li><li>le Jeudi apr\u00e8s-midi de 14h \u00e0 16h30<\/li><li>le Vendredi matin de 8h30 \u00e0 12h<\/li><\/ul><p>Le secr\u00e9tariat du service d\u2019imagerie m\u00e9dicale est \u00e0 votre disposition du Lundi au Vendredi de 8h30 \u00e0 12h et de 12h30 \u00e0 16h30<\/p><p>T\u00e9l\u00e9phone : 05 59 69 71 97 (radiologie) \/ 05 59 69 73 99 (Scanner)<\/p><p>Fax : 05 59 69 73 67 (radiologie) \/ 05 59 69 72 69 (Scanner)<\/p><\/div><\/div><\/div><div class=\"ea-card sp-ea-single\"><h3 class=\"ea-header\"><a class=\"collapsed\" id=\"ea-header-10802\" role=\"button\" data-sptoggle=\"spcollapse\" data-sptarget=\"#collapse10802\" aria-controls=\"collapse10802\" href=\"#\" aria-expanded=\"false\" tabindex=\"0\"><i aria-hidden=\"true\" role=\"presentation\" class=\"ea-expand-icon eap-icon-ea-expand-plus\"><\/i> Le centre p\u00e9rinatal de proximit\u00e9<\/a><\/h3><div class=\"sp-collapse spcollapse spcollapse\" id=\"collapse10802\" data-parent=\"#sp-ea-1080\" role=\"region\" aria-labelledby=\"ea-header-10802\"> <div class=\"ea-body\"><p>Consultations de gyn\u00e9cologie m\u00e9dicale : Dr CHARDON - Dr MADET<\/p><p>Tous les jours sur rendez-vous<\/p><p>Consultations p\u00e9diatrie : Dr MAILLET \/ tous les matins du lundi au vendredi<\/p><p>Echographies obst\u00e9tricales : Dr BAYSSETTE et M ABOUHAFS<\/p><p>Consultations sages-femmes : Tous les jours sur rendez-vous<\/p><p>Secr\u00e9tariat\u00a0: 05.59.69.73.33<\/p><p><img id=\"longdesc-return-1554\" class=\"size-large wp-image-1554 aligncenter\" src=\"https:\/\/www.ch-orthez.fr\/wp-content\/uploads\/2023\/05\/0.jpg\" \/><\/p><p><img id=\"longdesc-return-1555\" class=\"size-large wp-image-1555 aligncenter\" src=\"https:\/\/www.ch-orthez.fr\/wp-content\/uploads\/2023\/05\/1.jpg\" \/><\/p><p><a href=\"https:\/\/www.ch-orthez.fr\/wp-content\/uploads\/2023\/05\/flyer-pop2023-v1.pdf\" target=\"_blank\" rel=\"noopener\">Pour t\u00e9l\u00e9charger le fichier pdf, cliquez ici.<\/a><\/p><\/div><\/div><\/div><\/div><\/div><\/div><style type=\"text\/css\">.fusion-body .fusion-builder-column-0{width:100% !important;margin-top : 0px;margin-bottom : 20px;}.fusion-builder-column-0 > .fusion-column-wrapper {padding-top : 0px !important;padding-right : 0px !important;margin-right : 1.92%;padding-bottom : 0px !important;padding-left : 0px !important;margin-left : 1.92%;}@media only screen and (max-width:1024px) {.fusion-body .fusion-builder-column-0{width:100% !important;order : 0;}.fusion-builder-column-0 > .fusion-column-wrapper {margin-right : 1.92%;margin-left : 1.92%;}}@media only screen and (max-width:640px) {.fusion-body .fusion-builder-column-0{width:100% !important;order : 0;}.fusion-builder-column-0 > .fusion-column-wrapper {margin-right : 1.92%;margin-left : 1.92%;}}<\/style><\/div><\/div><style type=\"text\/css\">.fusion-body .fusion-flex-container.fusion-builder-row-1{ padding-top : 0px;margin-top : 0px;padding-right : 0px;padding-bottom : 0px;margin-bottom : 0px;padding-left : 0px;}<\/style><\/div>\n","protected":false},"excerpt":{"rendered":"","protected":false},"author":1,"featured_media":0,"parent":0,"menu_order":0,"comment_status":"closed","ping_status":"closed","template":"","meta":{"footnotes":""},"_links":{"self":[{"href":"https:\/\/www.ch-orthez.fr\/index.php\/wp-json\/wp\/v2\/pages\/623"}],"collection":[{"href":"https:\/\/www.ch-orthez.fr\/index.php\/wp-json\/wp\/v2\/pages"}],"about":[{"href":"https:\/\/www.ch-orthez.fr\/index.php\/wp-json\/wp\/v2\/types\/page"}],"author":[{"embeddable":true,"href":"https:\/\/www.ch-orthez.fr\/index.php\/wp-json\/wp\/v2\/users\/1"}],"replies":[{"embeddable":true,"href":"https:\/\/www.ch-orthez.fr\/index.php\/wp-json\/wp\/v2\/comments?post=623"}],"version-history":[{"count":1,"href":"https:\/\/www.ch-orthez.fr\/index.php\/wp-json\/wp\/v2\/pages\/623\/revisions"}],"predecessor-version":[{"id":3452,"href":"https:\/\/www.ch-orthez.fr\/index.php\/wp-json\/wp\/v2\/pages\/623\/revisions\/3452"}],"wp:attachment":[{"href":"https:\/\/www.ch-orthez.fr\/index.php\/wp-json\/wp\/v2\/media?parent=623"}],"curies":[{"name":"wp","href":"https:\/\/api.w.org\/{rel}","templated":true}]}}