{"id":595,"date":"2021-12-14T15:11:49","date_gmt":"2021-12-14T14:11:49","guid":{"rendered":"http:\/\/www.ch-orthez.fr\/?page_id=595"},"modified":"2022-02-02T14:13:05","modified_gmt":"2022-02-02T13:13:05","slug":"le-ght","status":"publish","type":"page","link":"https:\/\/www.ch-orthez.fr\/index.php\/le-ght\/","title":{"rendered":"Le GHT"},"content":{"rendered":"<div class=\"fusion-fullwidth fullwidth-box fusion-builder-row-1 fusion-flex-container nonhundred-percent-fullwidth non-hundred-percent-height-scrolling\" style=\"background-color: rgba(255,255,255,0);background-position: center center;background-repeat: no-repeat;border-width: 0px 0px 0px 0px;border-color:#e2e2e2;border-style:solid;\" ><div class=\"fusion-builder-row fusion-row fusion-flex-align-items-flex-start\" style=\"max-width:1331.2px;margin-left: calc(-4% \/ 2 );margin-right: calc(-4% \/ 2 );\"><div class=\"fusion-layout-column fusion_builder_column fusion-builder-column-0 fusion_builder_column_1_1 1_1 fusion-flex-column\"><div class=\"fusion-column-wrapper fusion-flex-justify-content-flex-start fusion-content-layout-column\" style=\"background-position:left top;background-repeat:no-repeat;-webkit-background-size:cover;-moz-background-size:cover;-o-background-size:cover;background-size:cover;padding: 0px 0px 0px 0px;\"><div class=\"fusion-text fusion-text-1\"><p>Le GHT est un nouveau mode de coordination entre \u00e9tablissements de sant\u00e9 sur le territoire, qui place le patient au c\u0153ur de l\u2019organisation des soins.<\/p>\n<p>Les groupements hospitaliers de territoire (GHT) sont n\u00e9s en 2016, de la loi de modernisation du syst\u00e8me de sant\u00e9, avec une mission essentielle : mutualiser les moyens de plusieurs \u00e9tablissements publics de sant\u00e9 sur un m\u00eame territoire afin d&rsquo;assurer une \u00e9galit\u00e9 d\u2019acc\u00e8s \u00e0 des soins s\u00e9curis\u00e9s et de qualit\u00e9 \u00e0 toutes les populations. Cette nouvelle organisation permet de mettre en \u0153uvre, pour chaque patient, une strat\u00e9gie de prise en charge commune et gradu\u00e9e.<\/p>\n<p>Le GHT est constitu\u00e9 par des \u00e9tablissements publics de sant\u00e9, dans le cadre d\u2019un sch\u00e9ma arr\u00eat\u00e9 par l\u2019Agence R\u00e9gionale de Sant\u00e9. Il comprend un \u00e9tablissement dit \u00ab support \u00bb, (<strong>ici le Centre Hospitalier de PAU<\/strong>) charg\u00e9 d&rsquo;assurer la mutualisation de certaines fonctions (achats, syst\u00e8me d&rsquo;information, \u2026) et des \u00e9tablissements parties (<strong>ici : CH d\u2019Oloron, CH des Pyr\u00e9n\u00e9es, CH de Maul\u00e9on, Centre G\u00e9rontologique de Pontacq Nay Juran\u00e7on et le CH d\u2019Orthez)<\/strong><\/p>\n<p>Une offre de soins commune et un dossier patient unique\u00a0:<\/p>\n<p>Ce nouveau mode de coop\u00e9ration s\u2019\u00e9tablit autour d\u2019un \u00ab projet m\u00e9dical partag\u00e9 \u00bb par tous les \u00e9tablissements membres.<\/p>\n<p>Le GHT va aussi favoriser le d\u00e9ploiement de la t\u00e9l\u00e9m\u00e9decine. Enfin le regroupement vise \u00e9galement \u00e0 r\u00e9duire les co\u00fbts par le partage des fonctions support (syst\u00e8me d\u2019information, DIM, achats, etc.).<\/p>\n<p>En inscrivant les h\u00f4pitaux publics dans une vision partag\u00e9e des besoins de la population et de l\u2019offre de soins, les GHT ont pour vocation de renforcer les compl\u00e9mentarit\u00e9s et de donner une plus grande visibilit\u00e9 aux fili\u00e8res de soins. La r\u00e9forme des GHT impose aussi la cr\u00e9ation d\u2019un dossier patient unique au sein de chaque territoire, afin de faciliter l\u2019acc\u00e8s aux examens d\u00e9j\u00e0 r\u00e9alis\u00e9s, \u00e0 leurs r\u00e9sultats, aux ant\u00e9c\u00e9dents du patient.<\/p>\n<\/div><\/div><style type=\"text\/css\">.fusion-body .fusion-builder-column-0{width:100% !important;margin-top : 0px;margin-bottom : 20px;}.fusion-builder-column-0 > .fusion-column-wrapper {padding-top : 0px !important;padding-right : 0px !important;margin-right : 1.92%;padding-bottom : 0px !important;padding-left : 0px !important;margin-left : 1.92%;}@media only screen and (max-width:1024px) {.fusion-body .fusion-builder-column-0{width:100% !important;order : 0;}.fusion-builder-column-0 > .fusion-column-wrapper {margin-right : 1.92%;margin-left : 1.92%;}}@media only screen and (max-width:640px) {.fusion-body .fusion-builder-column-0{width:100% !important;order : 0;}.fusion-builder-column-0 > .fusion-column-wrapper {margin-right : 1.92%;margin-left : 1.92%;}}<\/style><\/div><\/div><style type=\"text\/css\">.fusion-body .fusion-flex-container.fusion-builder-row-1{ padding-top : 0px;margin-top : 0px;padding-right : 0px;padding-bottom : 0px;margin-bottom : 0px;padding-left : 0px;}<\/style><\/div>\n","protected":false},"excerpt":{"rendered":"","protected":false},"author":1,"featured_media":0,"parent":0,"menu_order":0,"comment_status":"closed","ping_status":"closed","template":"","meta":{"footnotes":""},"_links":{"self":[{"href":"https:\/\/www.ch-orthez.fr\/index.php\/wp-json\/wp\/v2\/pages\/595"}],"collection":[{"href":"https:\/\/www.ch-orthez.fr\/index.php\/wp-json\/wp\/v2\/pages"}],"about":[{"href":"https:\/\/www.ch-orthez.fr\/index.php\/wp-json\/wp\/v2\/types\/page"}],"author":[{"embeddable":true,"href":"https:\/\/www.ch-orthez.fr\/index.php\/wp-json\/wp\/v2\/users\/1"}],"replies":[{"embeddable":true,"href":"https:\/\/www.ch-orthez.fr\/index.php\/wp-json\/wp\/v2\/comments?post=595"}],"version-history":[{"count":0,"href":"https:\/\/www.ch-orthez.fr\/index.php\/wp-json\/wp\/v2\/pages\/595\/revisions"}],"wp:attachment":[{"href":"https:\/\/www.ch-orthez.fr\/index.php\/wp-json\/wp\/v2\/media?parent=595"}],"curies":[{"name":"wp","href":"https:\/\/api.w.org\/{rel}","templated":true}]}}