{"id":591,"date":"2021-12-14T15:11:06","date_gmt":"2021-12-14T14:11:06","guid":{"rendered":"http:\/\/www.ch-orthez.fr\/?page_id=591"},"modified":"2022-02-09T16:42:09","modified_gmt":"2022-02-09T15:42:09","slug":"les-instances","status":"publish","type":"page","link":"https:\/\/www.ch-orthez.fr\/index.php\/les-instances\/","title":{"rendered":"Les instances"},"content":{"rendered":"<div class=\"fusion-fullwidth fullwidth-box fusion-builder-row-1 fusion-flex-container nonhundred-percent-fullwidth non-hundred-percent-height-scrolling\" style=\"background-color: rgba(255,255,255,0);background-position: center center;background-repeat: no-repeat;border-width: 0px 0px 0px 0px;border-color:#e2e2e2;border-style:solid;\" ><div class=\"fusion-builder-row fusion-row fusion-flex-align-items-flex-start\" style=\"max-width:1331.2px;margin-left: calc(-4% \/ 2 );margin-right: calc(-4% \/ 2 );\"><div class=\"fusion-layout-column fusion_builder_column fusion-builder-column-0 fusion_builder_column_1_1 1_1 fusion-flex-column\"><div class=\"fusion-column-wrapper fusion-flex-justify-content-flex-start fusion-content-layout-column\" style=\"background-position:left top;background-repeat:no-repeat;-webkit-background-size:cover;-moz-background-size:cover;-o-background-size:cover;background-size:cover;padding: 0px 0px 0px 0px;\"><div class=\"fusion-text fusion-text-1\"><h3 style=\"text-align: center;\">Les instances d\u00e9lib\u00e9ratives<\/h3>\n<\/div><style>#sp-ea-1453 .spcollapsing { height: 0; overflow: hidden; transition-property: height;transition-duration: 300ms;}#sp-ea-1453.sp-easy-accordion>.sp-ea-single {margin-bottom: 10px; border: 1px solid #e2e2e2; }#sp-ea-1453.sp-easy-accordion>.sp-ea-single>.ea-header a {color: #444;}#sp-ea-1453.sp-easy-accordion>.sp-ea-single>.sp-collapse>.ea-body {background: #fff; color: #444;}#sp-ea-1453.sp-easy-accordion>.sp-ea-single {background: #bae6d7;}#sp-ea-1453.sp-easy-accordion>.sp-ea-single>.ea-header a .ea-expand-icon { float: left; color: #444;font-size: 16px;}<\/style><div id=\"sp_easy_accordion-1776207554\"><div id=\"sp-ea-1453\" class=\"sp-ea-one sp-easy-accordion\" data-ea-active=\"ea-click\" data-ea-mode=\"vertical\" data-preloader=\"\" data-scroll-active-item=\"\" data-offset-to-scroll=\"0\"><div class=\"ea-card sp-ea-single\"><h3 class=\"ea-header\"><a class=\"collapsed\" id=\"ea-header-14530\" role=\"button\" data-sptoggle=\"spcollapse\" data-sptarget=\"#collapse14530\" aria-controls=\"collapse14530\" href=\"#\" aria-expanded=\"false\" tabindex=\"0\"><i aria-hidden=\"true\" role=\"presentation\" class=\"ea-expand-icon eap-icon-ea-expand-plus\"><\/i> Le conseil de surveillance<\/a><\/h3><div class=\"sp-collapse spcollapse spcollapse\" id=\"collapse14530\" data-parent=\"#sp-ea-1453\" role=\"region\" aria-labelledby=\"ea-header-14530\"> <div class=\"ea-body\"><p>Le Conseil de Surveillance se prononce sur la strat\u00e9gie et exerce le contr\u00f4le permanent de la gestion de l\u2019\u00e9tablissement ; il d\u00e9lib\u00e8re sur le projet d\u2019\u00e9tablissement, le compte financier et l\u2019affectation des r\u00e9sultats, toute mesure relative \u00e0 la participation de l\u2019\u00e9tablissement \u00e0 une communaut\u00e9 hospitali\u00e8re de territoire et le rapport annuel sur l\u2019activit\u00e9 de l\u2019\u00e9tablissement pr\u00e9sent\u00e9 par le directeur.<\/p><p>Il donne son avis sur la politique d\u2019am\u00e9lioration continue de la qualit\u00e9, de la s\u00e9curit\u00e9 des soins et de la gestion des risques ainsi que les conditions d\u2019accueil et de prise en charge des usagers.<\/p><p>Ses membres\u00a0:<\/p><p><b>Avec voix d\u00e9lib\u00e9rative : <\/b><\/p><p>Monsieur Emmanuel HANON, Pr\u00e9sident du Conseil de Surveillance<\/p><p>Madame Fabienne COSTEDOAT-DIU, Repr\u00e9sentant de la Communaut\u00e9 de Communes de Lacq-Orthez<\/p><p>Madame Isabelle ANTIER, Repr\u00e9sentant le Pr\u00e9sident du Conseil D\u00e9partemental des Pyr\u00e9n\u00e9es Atlantiques<\/p><p>&nbsp;<\/p><p><strong>En qualit\u00e9 de repr\u00e9sentants du personnel\u00a0:<\/strong><\/p><p>Madame Isabelle HENNEBERT, Repr\u00e9sentant de la CSIRMT<\/p><p>Monsieur le Docteur Philippe HUTHER, repr\u00e9sentant de la CME<\/p><p>Monsieur Guy PISANT, Repr\u00e9sentant d\u00e9sign\u00e9 par les organisations syndicales<\/p><p>&nbsp;<\/p><p><strong>En qualit\u00e9 de personnalit\u00e9s qualifi\u00e9es :<\/strong><\/p><p>Monsieur le Docteur Fran\u00e7ois CAZENAVE, Personnalit\u00e9 qualifi\u00e9e d\u00e9sign\u00e9e par le directeur g\u00e9n\u00e9ral de l\u2019agence r\u00e9gionale de sant\u00e9<\/p><p>(en instance), au titre de l\u2019Association pour le Droit de Mourir dans la Dignit\u00e9<\/p><p>Mme Simone CURUTCHET, au titre de l\u2019Union nationale des associations familiales, repr\u00e9sentantes des usagers d\u00e9sign\u00e9e par le Pr\u00e9fet des Pyr\u00e9n\u00e9es Atlantiques<\/p><p>&nbsp;<\/p><p><strong>Sont membres du conseil de surveillance avec voix consultative :<\/strong><\/p><p>Monsieur le Docteur Jean LECAROZ, Vice-Pr\u00e9sident du Directoire<\/p><p>Le Directeur G\u00e9n\u00e9ral de l\u2019ARS ou son repr\u00e9sentant<\/p><p>Monsieur le Directeur de la MSA ou son repr\u00e9sentant<\/p><p>Madame Chantal FOIX, Repr\u00e9sentant des familles des personnes accueillies dans l\u2019USLD<\/p><\/div><\/div><\/div><div class=\"ea-card sp-ea-single\"><h3 class=\"ea-header\"><a class=\"collapsed\" id=\"ea-header-14531\" role=\"button\" data-sptoggle=\"spcollapse\" data-sptarget=\"#collapse14531\" aria-controls=\"collapse14531\" href=\"#\" aria-expanded=\"false\" tabindex=\"0\"><i aria-hidden=\"true\" role=\"presentation\" class=\"ea-expand-icon eap-icon-ea-expand-plus\"><\/i> Le directoire<\/a><\/h3><div class=\"sp-collapse spcollapse spcollapse\" id=\"collapse14531\" data-parent=\"#sp-ea-1453\" role=\"region\" aria-labelledby=\"ea-header-14531\"> <div class=\"ea-body\"><p><strong>Le Directoire est une instance qui appuie et conseille le directeur dans la gestion et la conduite de l\u2019\u00e9tablissement.<\/strong><\/p><p>Il est pr\u00e9sid\u00e9 par le Directeur. Le Vice-Pr\u00e9sident du Directoire est le Pr\u00e9sident de la commission m\u00e9dicale d'\u00e9tablissement.<\/p><p>Le Directoire approuve le projet m\u00e9dical et pr\u00e9pare \u00e9galement le projet d'\u00e9tablissement.<\/p><p>\u00a0<\/p><p><strong>Ses membres\u00a0:<\/strong><\/p><p>Monsieur Jean-Pierre CAZENAVE, Pr\u00e9sident du Directoire<\/p><p>Monsieur le Docteur Jean LECAROZ, Vice-Pr\u00e9sident du Directoire<\/p><p>Madame Christine GAULE, Pr\u00e9sidente de la CSIRMT<\/p><p>Madame Sophie COLOMBEL, Cadre de sant\u00e9<\/p><p>Monsieur le Docteur Jo\u00ebl AUDRAIN, Chef de p\u00f4le<\/p><p>Madame le Docteur Lucie FERRATON, Chef de p\u00f4le<\/p><p>Madame le Docteur Delphine DENIS, Chef de p\u00f4le<\/p><p>Monsieur le Docteur Philippe DUCAMP, Chef de p\u00f4le<\/p><\/div><\/div><\/div><\/div><\/div><div class=\"fusion-text fusion-text-2\"><h3 style=\"text-align: center;\">Les instances consultatives.<\/h3>\n<\/div><style>#sp-ea-1454 .spcollapsing { height: 0; overflow: hidden; transition-property: height;transition-duration: 300ms;}#sp-ea-1454.sp-easy-accordion>.sp-ea-single {margin-bottom: 10px; border: 1px solid #e2e2e2; }#sp-ea-1454.sp-easy-accordion>.sp-ea-single>.ea-header a {color: #444;}#sp-ea-1454.sp-easy-accordion>.sp-ea-single>.sp-collapse>.ea-body {background: #fff; color: #444;}#sp-ea-1454.sp-easy-accordion>.sp-ea-single {background: #bae6d7;}#sp-ea-1454.sp-easy-accordion>.sp-ea-single>.ea-header a .ea-expand-icon { float: left; color: #444;font-size: 16px;}<\/style><div id=\"sp_easy_accordion-1776207554\"><div id=\"sp-ea-1454\" class=\"sp-ea-one sp-easy-accordion\" data-ea-active=\"ea-click\" data-ea-mode=\"vertical\" data-preloader=\"\" data-scroll-active-item=\"\" data-offset-to-scroll=\"0\"><div class=\"ea-card sp-ea-single\"><h3 class=\"ea-header\"><a class=\"collapsed\" id=\"ea-header-14540\" role=\"button\" data-sptoggle=\"spcollapse\" data-sptarget=\"#collapse14540\" aria-controls=\"collapse14540\" href=\"#\" aria-expanded=\"false\" tabindex=\"0\"><i aria-hidden=\"true\" role=\"presentation\" class=\"ea-expand-icon eap-icon-ea-expand-plus\"><\/i> La Commission M\u00e9dicale d\u2019Etablissement (CME)<\/a><\/h3><div class=\"sp-collapse spcollapse spcollapse\" id=\"collapse14540\" data-parent=\"#sp-ea-1454\" role=\"region\" aria-labelledby=\"ea-header-14540\"> <div class=\"ea-body\"><p><img class=\"aligncenter size-full wp-image-1653\" src=\"http:\/\/www.ch-orthez.fr\/wp-content\/uploads\/2022\/03\/Docteur-Jean-LECAROZ.jpg\" alt=\"\" width=\"1280\" height=\"400\" \/><\/p><p style=\"text-align: left\"><em>Le Pr\u00e9sident de la CME : Docteur Jean LECAROZ<\/em><\/p><p>La Commission M\u00e9dicale d'Etablissement est une instance consultative visant \u00e0 associer le corps m\u00e9dical \u00e0 la gestion de l'\u00e9tablissement.<\/p><p>La CME doit permettre \u00e0 la communaut\u00e9 m\u00e9dicale de s'exprimer sur tous les sujets ayant trait \u00e0 la situation et \u00e0 l'\u00e9volution de l'\u00e9tablissement.<\/p><p>La CME se r\u00e9unit sur convocation de son Pr\u00e9sident (il fixe \u00e9galement l'ordre du jour) au moins quatre fois par an.<\/p><p>Le Pr\u00e9sident de la CME est le Docteur Jean LECAROZ.<\/p><p>Le Vice-Pr\u00e9sident sera \u00e9lu prochainement.<\/p><p><strong>Les membres \u00e9lus sont\u00a0:<\/strong><\/p><ul><li>Le Docteur Khadija BENYAHYA<br \/>Le Docteur Pierre BIGOT<br \/>Le Docteur Christine COSTE<br \/>Le Docteur Nicolas HUNAUT<br \/>Le Docteur Philippe HUTHER<br \/>Le Docteur Sylvie MARSALEIX<br \/>Le Docteur Caroline ARTIGUEBERE<br \/>Le Docteur Adrien PANE<br \/>Le Docteur C\u00e9cilia MOLY<\/li><\/ul><ul><li>Suppl\u00e9ant Le Docteur Philippe MOREL,<br \/>Suppl\u00e9ant Le Docteur Henriot RAVALISAONA<\/li><\/ul><\/div><\/div><\/div><div class=\"ea-card sp-ea-single\"><h3 class=\"ea-header\"><a class=\"collapsed\" id=\"ea-header-14541\" role=\"button\" data-sptoggle=\"spcollapse\" data-sptarget=\"#collapse14541\" aria-controls=\"collapse14541\" href=\"#\" aria-expanded=\"false\" tabindex=\"0\"><i aria-hidden=\"true\" role=\"presentation\" class=\"ea-expand-icon eap-icon-ea-expand-plus\"><\/i> Le Comit\u00e9 Technique d\u2019Etablissement (CTE)<\/a><\/h3><div class=\"sp-collapse spcollapse spcollapse\" id=\"collapse14541\" data-parent=\"#sp-ea-1454\" role=\"region\" aria-labelledby=\"ea-header-14541\"> <div class=\"ea-body\"><p class=\"rtejustify\">Le CTE est un organe repr\u00e9sentatif du personnel. Il est consult\u00e9 sur la prise de d\u00e9cision concernant :<\/p><ul><li>L\u2019organisation et le fonctionnement des services,<\/li><li>Les \u00e9volutions technologiques et les m\u00e9thodes de travail,<\/li><li>La gestion pr\u00e9visionnelle des effectifs,<\/li><li>Les emplois et les comp\u00e9tences,<\/li><li>La formation, \u2026<\/li><\/ul><\/div><\/div><\/div><div class=\"ea-card sp-ea-single\"><h3 class=\"ea-header\"><a class=\"collapsed\" id=\"ea-header-14542\" role=\"button\" data-sptoggle=\"spcollapse\" data-sptarget=\"#collapse14542\" aria-controls=\"collapse14542\" href=\"#\" aria-expanded=\"false\" tabindex=\"0\"><i aria-hidden=\"true\" role=\"presentation\" class=\"ea-expand-icon eap-icon-ea-expand-plus\"><\/i> La Commission des Soins Infirmiers, de R\u00e9\u00e9ducation et M\u00e9dico-Techniques (CSIRMT)<\/a><\/h3><div class=\"sp-collapse spcollapse spcollapse\" id=\"collapse14542\" data-parent=\"#sp-ea-1454\" role=\"region\" aria-labelledby=\"ea-header-14542\"> <div class=\"ea-body\"><p>La CSIRMT est consult\u00e9e sur l\u2019organisation g\u00e9n\u00e9rale des soins infirmiers et l\u2019accompagnement des malades, dans le cadre du projet de soins infirmiers mais \u00e9galement sur la politique des formations des personnels soignants, de r\u00e9\u00e9ducations et m\u00e9dico-techniques et sur le projet d\u2019\u00e9tablissement.<\/p><\/div><\/div><\/div><div class=\"ea-card sp-ea-single\"><h3 class=\"ea-header\"><a class=\"collapsed\" id=\"ea-header-14543\" role=\"button\" data-sptoggle=\"spcollapse\" data-sptarget=\"#collapse14543\" aria-controls=\"collapse14543\" href=\"#\" aria-expanded=\"false\" tabindex=\"0\"><i aria-hidden=\"true\" role=\"presentation\" class=\"ea-expand-icon eap-icon-ea-expand-plus\"><\/i> La Commission des Usagers (CDU)<\/a><\/h3><div class=\"sp-collapse spcollapse spcollapse\" id=\"collapse14543\" data-parent=\"#sp-ea-1454\" role=\"region\" aria-labelledby=\"ea-header-14543\"> <div class=\"ea-body\"><p>L\u2019article 183 de la loi du 26 janvier 2016 de modernisation de notre syst\u00e8me de sant\u00e9 pr\u00e9voit la transformation des Commission des Relations avec les Usagers et de la Qualit\u00e9 de la Prise en Charge en Commissions des usagers (CDU) dans les \u00e9tablissements de sant\u00e9.<\/p><p>Cette commission\u00a0a deux missions essentielles\u00a0:<br \/>- veiller au respect des droits des usagers, faciliter leurs d\u00e9marches aupr\u00e8s de l\u2019\u00c9tablissement et, dans ce cadre, recueillir, analyser et traiter les r\u00e9clamations et plaintes formul\u00e9es \u00e0 l\u2019encontre de l\u2019\u00c9tablissement,<br \/>- contribuer \u00e0 l'am\u00e9lioration de la prise en charge et de la qualit\u00e9 et de la s\u00e9curit\u00e9 des soins des patients ainsi que de l'accueil de leurs proches.<\/p><\/div><\/div><\/div><div class=\"ea-card sp-ea-single\"><h3 class=\"ea-header\"><a class=\"collapsed\" id=\"ea-header-14544\" role=\"button\" data-sptoggle=\"spcollapse\" data-sptarget=\"#collapse14544\" aria-controls=\"collapse14544\" href=\"#\" aria-expanded=\"false\" tabindex=\"0\"><i aria-hidden=\"true\" role=\"presentation\" class=\"ea-expand-icon eap-icon-ea-expand-plus\"><\/i> Le Comit\u00e9 d\u2019Hygi\u00e8ne, de S\u00e9curit\u00e9 et des Conditions de Travail (CHSCT)<\/a><\/h3><div class=\"sp-collapse spcollapse spcollapse\" id=\"collapse14544\" data-parent=\"#sp-ea-1454\" role=\"region\" aria-labelledby=\"ea-header-14544\"> <div class=\"ea-body\"><p>Le CHSCT exerce une mission de pr\u00e9vention, d\u2019analyse, d\u2019inspection et d\u2019am\u00e9lioration en mati\u00e8re d\u2019hygi\u00e8ne, de conditions de travail et de sant\u00e9.<\/p><\/div><\/div><\/div><div class=\"ea-card sp-ea-single\"><h3 class=\"ea-header\"><a class=\"collapsed\" id=\"ea-header-14545\" role=\"button\" data-sptoggle=\"spcollapse\" data-sptarget=\"#collapse14545\" aria-controls=\"collapse14545\" href=\"#\" aria-expanded=\"false\" tabindex=\"0\"><i aria-hidden=\"true\" role=\"presentation\" class=\"ea-expand-icon eap-icon-ea-expand-plus\"><\/i> Le Conseil de Vie Sociale (CVS)<\/a><\/h3><div class=\"sp-collapse spcollapse spcollapse\" id=\"collapse14545\" data-parent=\"#sp-ea-1454\" role=\"region\" aria-labelledby=\"ea-header-14545\"> <div class=\"ea-body\"><div id=\"cvs\"><p class=\"rtejustify\">Les CVS sont des lieux d\u2019\u00e9change et d\u2019expression permettant aux r\u00e9sidents et \u00e0 leurs familles d\u2019\u00eatre mieux inform\u00e9s sur la vie et le fonctionnement des services m\u00e9dico-sociaux et sur ce qui peut avoir une incidence sur leurs conditions de vie. Il est le moyen, \u00e9galement, pour les usagers de participer davantage, de communiquer, et de donner leur avis et faire des propositions.<\/p><p class=\"rtejustify\">Le CVS est compos\u00e9 de :<\/p><ul><li>familles,<\/li><li>r\u00e9sidents,<\/li><li>membres du personnel,<\/li><li>m\u00e9decin.<\/li><\/ul><\/div><\/div><\/div><\/div><\/div><\/div><div class=\"fusion-text fusion-text-3\"><h3 style=\"text-align: center;\">Les autres instances<\/h3>\n<\/div><style>#sp-ea-1455 .spcollapsing { height: 0; overflow: hidden; transition-property: height;transition-duration: 300ms;}#sp-ea-1455.sp-easy-accordion>.sp-ea-single {margin-bottom: 10px; border: 1px solid #e2e2e2; }#sp-ea-1455.sp-easy-accordion>.sp-ea-single>.ea-header a {color: #444;}#sp-ea-1455.sp-easy-accordion>.sp-ea-single>.sp-collapse>.ea-body {background: #fff; color: #444;}#sp-ea-1455.sp-easy-accordion>.sp-ea-single {background: #bae6d7;}#sp-ea-1455.sp-easy-accordion>.sp-ea-single>.ea-header a .ea-expand-icon { float: left; color: #444;font-size: 16px;}<\/style><div id=\"sp_easy_accordion-1776207554\"><div id=\"sp-ea-1455\" class=\"sp-ea-one sp-easy-accordion\" data-ea-active=\"ea-click\" data-ea-mode=\"vertical\" data-preloader=\"\" data-scroll-active-item=\"\" data-offset-to-scroll=\"0\"><div class=\"ea-card sp-ea-single\"><h3 class=\"ea-header\"><a class=\"collapsed\" id=\"ea-header-14550\" role=\"button\" data-sptoggle=\"spcollapse\" data-sptarget=\"#collapse14550\" aria-controls=\"collapse14550\" href=\"#\" aria-expanded=\"false\" tabindex=\"0\"><i aria-hidden=\"true\" role=\"presentation\" class=\"ea-expand-icon eap-icon-ea-expand-plus\"><\/i> Le Comit\u00e9 du M\u00e9dicament et des Dispositifs M\u00e9dicaux St\u00e9riles (COMEDIMS)<\/a><\/h3><div class=\"sp-collapse spcollapse spcollapse\" id=\"collapse14550\" data-parent=\"#sp-ea-1455\" role=\"region\" aria-labelledby=\"ea-header-14550\"> <div class=\"ea-body\"><p>Conform\u00e9ment \u00e0 la r\u00e9glementation, le COMEDIMS participe \u00e0 la d\u00e9finition de la politique du m\u00e9dicament et des dispositifs m\u00e9dicaux st\u00e9riles \u00e0 l\u2019int\u00e9rieur de l\u2019\u00e9tablissement.<\/p><\/div><\/div><\/div><div class=\"ea-card sp-ea-single\"><h3 class=\"ea-header\"><a class=\"collapsed\" id=\"ea-header-14551\" role=\"button\" data-sptoggle=\"spcollapse\" data-sptarget=\"#collapse14551\" aria-controls=\"collapse14551\" href=\"#\" aria-expanded=\"false\" tabindex=\"0\"><i aria-hidden=\"true\" role=\"presentation\" class=\"ea-expand-icon eap-icon-ea-expand-plus\"><\/i> Le Comit\u00e9 de Liaison en Alimentation et Nutrition (CLAN)<\/a><\/h3><div class=\"sp-collapse spcollapse spcollapse\" id=\"collapse14551\" data-parent=\"#sp-ea-1455\" role=\"region\" aria-labelledby=\"ea-header-14551\"> <div class=\"ea-body\"><p class=\"fusion-responsive-typography-calculated\" data-fontsize=\"32\" data-lineheight=\"41.6px\">Le CLAN, qui associe des soignants de proximit\u00e9 (m\u00e9decin, infirmiers, di\u00e9t\u00e9ticiens, aides-soignants, agents hospitaliers,\u2026), des producteurs (cuisinier, pharmacien) et la direction de l\u2019h\u00f4pital, est une instance consultative en lien avec la CME. Il a pour mission d\u2019am\u00e9liorer la prise en charge nutritionnelle des patients et des r\u00e9sidents et la qualit\u00e9 de l\u2019ensemble de la prestation alimentation-nutrition. Cette instance a un r\u00f4le de conseil en alimentation et nutrition et coordonne les actions des professionnels.<\/p><\/div><\/div><\/div><div class=\"ea-card sp-ea-single\"><h3 class=\"ea-header\"><a class=\"collapsed\" id=\"ea-header-14552\" role=\"button\" data-sptoggle=\"spcollapse\" data-sptarget=\"#collapse14552\" aria-controls=\"collapse14552\" href=\"#\" aria-expanded=\"false\" tabindex=\"0\"><i aria-hidden=\"true\" role=\"presentation\" class=\"ea-expand-icon eap-icon-ea-expand-plus\"><\/i> Le Comit\u00e9 de Lutte contre la Douleur (CLUD)<\/a><\/h3><div class=\"sp-collapse spcollapse spcollapse\" id=\"collapse14552\" data-parent=\"#sp-ea-1455\" role=\"region\" aria-labelledby=\"ea-header-14552\"> <div class=\"ea-body\"><p>Le CLUD vise \u00e0 am\u00e9liorer la prise en charge de la douleur. Il est force d\u2019analyse, de proposition, de validation, de coordination et de communication vis-\u00e0-vis du public et des professionnels. Il aide au d\u00e9veloppement de la formation continue et \u00e0 la mise en place de plans d\u2019am\u00e9lioration de la qualit\u00e9 pour l\u2019\u00e9valuation et le traitement de la douleur.<\/p><\/div><\/div><\/div><div class=\"ea-card sp-ea-single\"><h3 class=\"ea-header\"><a class=\"collapsed\" id=\"ea-header-14553\" role=\"button\" data-sptoggle=\"spcollapse\" data-sptarget=\"#collapse14553\" aria-controls=\"collapse14553\" href=\"#\" aria-expanded=\"false\" tabindex=\"0\"><i aria-hidden=\"true\" role=\"presentation\" class=\"ea-expand-icon eap-icon-ea-expand-plus\"><\/i> Le Comit\u00e9 de Lutte contre les Infections Nosocomiales (CLIN)<\/a><\/h3><div class=\"sp-collapse spcollapse spcollapse\" id=\"collapse14553\" data-parent=\"#sp-ea-1455\" role=\"region\" aria-labelledby=\"ea-header-14553\"> <div class=\"ea-body\"><p>Le CLIN est charg\u00e9 de la lutte contre les infections nosocomiales et infections associ\u00e9es aux soins au sein de l\u2019\u00e9tablissement, notamment par l\u2019\u00e9laboration et la mise en oeuvre de recommandations de bonnes pratiques d\u2019hygi\u00e8ne et l\u2019information\/formation aux personnels.<\/p><\/div><\/div><\/div><\/div><\/div><\/div><style type=\"text\/css\">.fusion-body .fusion-builder-column-0{width:100% !important;margin-top : 0px;margin-bottom : 20px;}.fusion-builder-column-0 > .fusion-column-wrapper {padding-top : 0px !important;padding-right : 0px !important;margin-right : 1.92%;padding-bottom : 0px !important;padding-left : 0px !important;margin-left : 1.92%;}@media only screen and (max-width:1024px) {.fusion-body .fusion-builder-column-0{width:100% !important;order : 0;}.fusion-builder-column-0 > .fusion-column-wrapper {margin-right : 1.92%;margin-left : 1.92%;}}@media only screen and (max-width:640px) {.fusion-body .fusion-builder-column-0{width:100% !important;order : 0;}.fusion-builder-column-0 > .fusion-column-wrapper {margin-right : 1.92%;margin-left : 1.92%;}}<\/style><\/div><div class=\"fusion-layout-column fusion_builder_column fusion-builder-column-1 fusion_builder_column_1_1 1_1 fusion-flex-column\"><div class=\"fusion-column-wrapper fusion-flex-justify-content-flex-start fusion-content-layout-column\" style=\"background-position:left top;background-repeat:no-repeat;-webkit-background-size:cover;-moz-background-size:cover;-o-background-size:cover;background-size:cover;padding: 0px 0px 0px 0px;\"><\/div><style type=\"text\/css\">.fusion-body .fusion-builder-column-1{width:100% !important;margin-top : 0px;margin-bottom : 20px;}.fusion-builder-column-1 > .fusion-column-wrapper {padding-top : 0px !important;padding-right : 0px !important;margin-right : 1.92%;padding-bottom : 0px !important;padding-left : 0px !important;margin-left : 1.92%;}@media only screen and (max-width:1024px) {.fusion-body .fusion-builder-column-1{width:100% !important;order : 0;}.fusion-builder-column-1 > .fusion-column-wrapper {margin-right : 1.92%;margin-left : 1.92%;}}@media only screen and (max-width:640px) {.fusion-body .fusion-builder-column-1{width:100% !important;order : 0;}.fusion-builder-column-1 > .fusion-column-wrapper {margin-right : 1.92%;margin-left : 1.92%;}}<\/style><\/div><\/div><style type=\"text\/css\">.fusion-body .fusion-flex-container.fusion-builder-row-1{ padding-top : 0px;margin-top : 0px;padding-right : 0px;padding-bottom : 0px;margin-bottom : 0px;padding-left : 0px;}<\/style><\/div>\n","protected":false},"excerpt":{"rendered":"","protected":false},"author":1,"featured_media":0,"parent":0,"menu_order":0,"comment_status":"closed","ping_status":"closed","template":"","meta":{"footnotes":""},"_links":{"self":[{"href":"https:\/\/www.ch-orthez.fr\/index.php\/wp-json\/wp\/v2\/pages\/591"}],"collection":[{"href":"https:\/\/www.ch-orthez.fr\/index.php\/wp-json\/wp\/v2\/pages"}],"about":[{"href":"https:\/\/www.ch-orthez.fr\/index.php\/wp-json\/wp\/v2\/types\/page"}],"author":[{"embeddable":true,"href":"https:\/\/www.ch-orthez.fr\/index.php\/wp-json\/wp\/v2\/users\/1"}],"replies":[{"embeddable":true,"href":"https:\/\/www.ch-orthez.fr\/index.php\/wp-json\/wp\/v2\/comments?post=591"}],"version-history":[{"count":0,"href":"https:\/\/www.ch-orthez.fr\/index.php\/wp-json\/wp\/v2\/pages\/591\/revisions"}],"wp:attachment":[{"href":"https:\/\/www.ch-orthez.fr\/index.php\/wp-json\/wp\/v2\/media?parent=591"}],"curies":[{"name":"wp","href":"https:\/\/api.w.org\/{rel}","templated":true}]}}