{"id":524,"date":"2021-12-09T16:29:02","date_gmt":"2021-12-09T15:29:02","guid":{"rendered":"http:\/\/www.ch-orthez.fr\/?page_id=524"},"modified":"2025-08-21T15:31:53","modified_gmt":"2025-08-21T13:31:53","slug":"vos-droits","status":"publish","type":"page","link":"https:\/\/www.ch-orthez.fr\/index.php\/vos-droits\/","title":{"rendered":"Vos droits et devoirs"},"content":{"rendered":"<div class=\"fusion-fullwidth fullwidth-box fusion-builder-row-1 fusion-flex-container nonhundred-percent-fullwidth non-hundred-percent-height-scrolling\" style=\"background-color: rgba(255,255,255,0);background-position: center center;background-repeat: no-repeat;border-width: 0px 0px 0px 0px;border-color:#e2e2e2;border-style:solid;\" ><div class=\"fusion-builder-row fusion-row fusion-flex-align-items-flex-start\" style=\"max-width:1331.2px;margin-left: calc(-4% \/ 2 );margin-right: calc(-4% \/ 2 );\"><div class=\"fusion-layout-column fusion_builder_column fusion-builder-column-0 fusion_builder_column_1_1 1_1 fusion-flex-column\"><div class=\"fusion-column-wrapper fusion-flex-justify-content-flex-start fusion-content-layout-column\" style=\"background-position:left top;background-repeat:no-repeat;-webkit-background-size:cover;-moz-background-size:cover;-o-background-size:cover;background-size:cover;padding: 0px 0px 0px 0px;\"><style type=\"text\/css\">#accordion-524-1 .fusion-panel:hover{ border-color: #e2e2e2 } #accordion-524-1 .fusion-panel { border-color:#e2e2e2; }.fusion-accordian  #accordion-524-1 .panel-title a .fa-fusion-box{ color: #ffffff;}.fusion-accordian  #accordion-524-1 .panel-title a .fa-fusion-box:before{ font-size: 16px; width: 16px;}.fusion-accordian  #accordion-524-1 .panel-title a{color:#212934;font-family:\"Zilla Slab\";font-weight:400;}.fusion-accordian  #accordion-524-1 .toggle-content{font-size:16px;color:#4a4e57;font-family:Arial, Helvetica, sans-serif;font-weight:400;}.fusion-accordian  #accordion-524-1 .fa-fusion-box { background-color: #65bc7b;border-color: #65bc7b;}.fusion-accordian  #accordion-524-1 .panel-title a:not(.active):hover, #accordion-524-1 .fusion-toggle-boxed-mode:hover .panel-title a { color: rgba(0,0,0,0.81);}.fusion-accordian  #accordion-524-1 .panel-title .active .fa-fusion-box,.fusion-accordian  #accordion-524-1 .panel-title a:not(.active):hover .fa-fusion-box { background-color: rgba(0,0,0,0.81)!important;border-color: rgba(0,0,0,0.81)!important;}<\/style><div class=\"accordian fusion-accordian\"><div class=\"panel-group\" id=\"accordion-524-1\"><style type=\"text\/css\">.fusion-accordian  #accordion-524-1 .panel-5e64991cb6e092fb5 .panel-title a{}.fusion-accordian  #accordion-524-1 .panel-5e64991cb6e092fb5 .toggle-content{}<\/style><div class=\"fusion-panel panel-default panel-5e64991cb6e092fb5 fusion-toggle-no-divider\"><div class=\"panel-heading\"><h4 class=\"panel-title toggle\"><a aria-expanded=\"false\" aria-controls=\"5e64991cb6e092fb5\" role=\"button\" data-toggle=\"collapse\" data-parent=\"#accordion-524-1\" data-target=\"#5e64991cb6e092fb5\" href=\"#5e64991cb6e092fb5\"><span class=\"fusion-toggle-icon-wrapper\" aria-hidden=\"true\"><i class=\"fa-fusion-box active-icon awb-icon-plus\" aria-hidden=\"true\"><\/i><i class=\"fa-fusion-box inactive-icon awb-icon-minus\" aria-hidden=\"true\"><\/i><\/span><span class=\"fusion-toggle-heading\">La charte du patient<\/span><\/a><\/h4><\/div><div id=\"5e64991cb6e092fb5\" class=\"panel-collapse collapse \"><div class=\"panel-body toggle-content fusion-clearfix\">\n<p><span style=\"color: #008000;\"><a style=\"color: #008000;\" role=\"link\" href=\"https:\/\/www.ch-orthez.fr\/wp-content\/uploads\/2022\/01\/charte_du_patient.pdf\" target=\"_blank\" rel=\"noopener\">Pour visualiser la charte du patient hospitalis\u00e9, cliquez ici.<\/a><\/span><\/p>\n<\/div><\/div><\/div><style type=\"text\/css\">.fusion-accordian  #accordion-524-1 .panel-01d578958c8c2dbb6 .panel-title a{}.fusion-accordian  #accordion-524-1 .panel-01d578958c8c2dbb6 .toggle-content{}<\/style><div class=\"fusion-panel panel-default panel-01d578958c8c2dbb6 fusion-toggle-no-divider\"><div class=\"panel-heading\"><h4 class=\"panel-title toggle\"><a aria-expanded=\"false\" aria-controls=\"01d578958c8c2dbb6\" role=\"button\" data-toggle=\"collapse\" data-parent=\"#accordion-524-1\" data-target=\"#01d578958c8c2dbb6\" href=\"#01d578958c8c2dbb6\"><span class=\"fusion-toggle-icon-wrapper\" aria-hidden=\"true\"><i class=\"fa-fusion-box active-icon awb-icon-plus\" aria-hidden=\"true\"><\/i><i class=\"fa-fusion-box inactive-icon awb-icon-minus\" aria-hidden=\"true\"><\/i><\/span><span class=\"fusion-toggle-heading\">Information et consentement<\/span><\/a><\/h4><\/div><div id=\"01d578958c8c2dbb6\" class=\"panel-collapse collapse \"><div class=\"panel-body toggle-content fusion-clearfix\">\n<p>Les professionnels vous informent, chacun dans leur domaine de comp\u00e9tence sur votre \u00e9tat de sant\u00e9, son \u00e9volution pr\u00e9visible et les th\u00e9rapeutiques envisag\u00e9es.<\/p>\n<p>Aucun acte m\u00e9dical ne peut \u00eatre effectu\u00e9 sans votre consentement libre et \u00e9clair\u00e9.<\/p>\n<p>Les informations utiles \u00e0 la continuit\u00e9 des soins vous seront remises en fin de s\u00e9jour et envoy\u00e9es, avec votre accord, au m\u00e9decin de votre choix.<\/p>\n<\/div><\/div><\/div><style type=\"text\/css\">.fusion-accordian  #accordion-524-1 .panel-c56980812e43bd94e .panel-title a{}.fusion-accordian  #accordion-524-1 .panel-c56980812e43bd94e .toggle-content{}<\/style><div class=\"fusion-panel panel-default panel-c56980812e43bd94e fusion-toggle-no-divider\"><div class=\"panel-heading\"><h4 class=\"panel-title toggle\"><a aria-expanded=\"false\" aria-controls=\"c56980812e43bd94e\" role=\"button\" data-toggle=\"collapse\" data-parent=\"#accordion-524-1\" data-target=\"#c56980812e43bd94e\" href=\"#c56980812e43bd94e\"><span class=\"fusion-toggle-icon-wrapper\" aria-hidden=\"true\"><i class=\"fa-fusion-box active-icon awb-icon-plus\" aria-hidden=\"true\"><\/i><i class=\"fa-fusion-box inactive-icon awb-icon-minus\" aria-hidden=\"true\"><\/i><\/span><span class=\"fusion-toggle-heading\">Acc\u00e8s \u00e0 mon dossier m\u00e9dical<\/span><\/a><\/h4><\/div><div id=\"c56980812e43bd94e\" class=\"panel-collapse collapse \"><div class=\"panel-body toggle-content fusion-clearfix\">\n<p><a href=\"https:\/\/www.ch-orthez.fr\/wp-content\/uploads\/2022\/04\/FORMULAIRE-DE-DEMANDE-DE-DOSSIER-MEDICAL-PAR-LE-PATIENT2.pdf\" target=\"_blank\" rel=\"noopener\"><span style=\"color: #008000;\">Formulaire accessible ici<\/span><\/a><\/p>\n<p>Possibilit\u00e9 soit de consulter le dossier sur place (gratuit) ou de solliciter un envoi de copies (frais de reproduction et d\u2019envoi factur\u00e9s)<\/p>\n<p>Votre dossier est conserv\u00e9 pendant vingt ans \u00e0 la date de votre derni\u00e8re hospitalisation ou consultation externe.<\/p>\n<p>Les informations contenues dans un dossier m\u00e9dical pr\u00e9sentent un caract\u00e8re\u00a0strictement personnel et confidentiel. Vos ayants droits ou tiers, ne pourront acc\u00e9der \u00e0 de telles informations que dans les conditions d\u00e9crites par la Loi et avec votre accord \u00e9crit. Vous pouvez \u00e9galement vous opposer \u00e0 la consultation de votre dossier m\u00e9dical par les ayant-droits apr\u00e8s votre d\u00e9c\u00e8s.<\/p>\n<p><strong>Pour les cas particuliers cit\u00e9s ci-apr\u00e8s, vous pouvez t\u00e9l\u00e9charger le formulaire en cliquant sur le lien :<\/strong><br \/>\n\u2013 si vous \u00eates le conjoint ou un parent d\u2019un patient d\u00e9c\u00e9d\u00e9 et si vous souhaitez acc\u00e9der \u00e0 son dossier m\u00e9dical :<a href=\"https:\/\/www.ch-orthez.fr\/wp-content\/uploads\/2022\/04\/FORMULAIRE-DE-DEMANDE-DE-DOSSIER-MEDICAL-PAR-UN-AYANT-DROIT2.pdf\" target=\"_blank\" rel=\"noopener\"><span style=\"color: #008000;\"> demande de dossier m\u00e9dical par un ayant droit.<\/span><\/a><br \/>\n\u2013 si vous \u00eates mandat\u00e9 par un patient pour demander l\u2019acc\u00e8s \u00e0 son dossier m\u00e9dical : <a href=\"https:\/\/www.ch-orthez.fr\/wp-content\/uploads\/2022\/04\/FORMULAIRE-DE-DEMANDE-DE-DOSSIER-MEDICAL-PAR-UN-MANDATAIRE1.pdf\" target=\"_blank\" rel=\"noopener\"><span style=\"color: #008000;\">demande de dossier m\u00e9dical par un mandataire.<\/span><\/a><br \/>\n\u2013 si vous \u00eates le tuteur d\u2019un patient majeur et si vous souhaitez acc\u00e9der \u00e0 son dossier m\u00e9dical : <a href=\"https:\/\/www.ch-orthez.fr\/wp-content\/uploads\/2022\/04\/FORMULAIRE-DEMANDE-DE-DOSSIER-MEDICAL-DUN-INCAPABLE-MAJEUR1.pdf\" target=\"_blank\" rel=\"noopener\"><span style=\"color: #008000;\">demande de dossier m\u00e9dical d\u2019un incapable majeur.<\/span><\/a><br \/>\n\u2013 si vous \u00eates le parent ou le repr\u00e9sentant l\u00e9gal d\u2019un patient mineur et si vous souhaitez acc\u00e9der \u00e0 son dossier m\u00e9dical :<a href=\"https:\/\/www.ch-orthez.fr\/wp-content\/uploads\/2022\/04\/FORMULAIRE-DE-DEMANDE-DE-DOSSIER-MEDICAL-DUN-MINEUR1.pdf\" target=\"_blank\" rel=\"noopener\"><span style=\"color: #008000;\"> demande de dossier m\u00e9dical d\u2019un mineur.<\/span><\/a><\/p>\n<\/div><\/div><\/div><style type=\"text\/css\">.fusion-accordian  #accordion-524-1 .panel-432fd78d8d7bb319c .panel-title a{}.fusion-accordian  #accordion-524-1 .panel-432fd78d8d7bb319c .toggle-content{}<\/style><div class=\"fusion-panel panel-default panel-432fd78d8d7bb319c fusion-toggle-no-divider\"><div class=\"panel-heading\"><h4 class=\"panel-title toggle\"><a aria-expanded=\"false\" aria-controls=\"432fd78d8d7bb319c\" role=\"button\" data-toggle=\"collapse\" data-parent=\"#accordion-524-1\" data-target=\"#432fd78d8d7bb319c\" href=\"#432fd78d8d7bb319c\"><span class=\"fusion-toggle-icon-wrapper\" aria-hidden=\"true\"><i class=\"fa-fusion-box active-icon awb-icon-plus\" aria-hidden=\"true\"><\/i><i class=\"fa-fusion-box inactive-icon awb-icon-minus\" aria-hidden=\"true\"><\/i><\/span><span class=\"fusion-toggle-heading\">Personne de confiance<\/span><\/a><\/h4><\/div><div id=\"432fd78d8d7bb319c\" class=\"panel-collapse collapse \"><div class=\"panel-body toggle-content fusion-clearfix\">\n<p>Quel est son r\u00f4le ?<\/p>\n<p><em>\u2013 Lorsque vous pouvez exprimer votre volont\u00e9 :<\/em><\/p>\n<p>La personne de confiance peut si vous le souhaitez :<br \/>\n\u2013 Vous soutenir dans votre cheminement personnel et vous aider dans vos d\u00e9cisions concernant votre sant\u00e9 ;<br \/>\n\u2013 Assister aux consultations ou aux entretiens m\u00e9dicaux : elle vous assiste mais ne vous remplace pas ;<br \/>\n\u2013 Prendre connaissance d\u2019\u00e9l\u00e9ments de votre dossier m\u00e9dical en votre pr\u00e9sence : elle n\u2019aura pas acc\u00e8s \u00e0 l\u2019information en dehors de votre pr\u00e9sence et ne devra pas divulguer des informations sans votre accord.<\/p>\n<p><em>\u2013 Si vous ne pouvez plus exprimer votre volont\u00e9 :<\/em><\/p>\n<p>La personne de confiance sera la personne consult\u00e9e en priorit\u00e9 par l\u2019\u00e9quipe m\u00e9dicale lors de tout questionnement sur la mise en \u0153uvre, la poursuite ou l\u2019arr\u00eat de traitements et recevra les informations n\u00e9cessaires pour pouvoir exprimer ce que vous auriez souhait\u00e9.<br \/>\nLe m\u00e9decin a l\u2019obligation de consulter votre personne de confiance dans le cas o\u00f9 vous seriez hors d\u2019\u00e9tat d\u2019exprimer votre volont\u00e9 afin de conna\u00eetre vos souhaits relatifs \u00e0 la fin de vie.<br \/>\nElle sera votre porte-parole pour refl\u00e9ter de fa\u00e7on pr\u00e9cise et fid\u00e8le vos souhaits et votre volont\u00e9, par exemple sur la poursuite, la limitation ou l\u2019arr\u00eat de traitement. Elle n\u2019exprime pas ses propres souhaits mais rapporte les v\u00f4tres.<\/p>\n<p>La personne de confiance peut faire le lien avec votre famille ou vos proches mais en cas de une contestation, s\u2019ils ne sont pas d\u2019accord avec vos volont\u00e9s, son t\u00e9moignage l\u2019emportera.<\/p>\n<p>Elle n\u2019aura pas la responsabilit\u00e9 de prendre des d\u00e9cisions concernant vos traitements, mais t\u00e9moignera de vos souhaits, volont\u00e9s et convictions : celle-ci appartient au m\u00e9decin, sous r\u00e9serve de vos directives anticip\u00e9es, et la d\u00e9cision sera prise apr\u00e8s avis d\u2019un autre m\u00e9decin et concertation avec l\u2019\u00e9quipe soignante.<\/p>\n<\/div><\/div><\/div><style type=\"text\/css\">.fusion-accordian  #accordion-524-1 .panel-37a9d4d24c6799de2 .panel-title a{}.fusion-accordian  #accordion-524-1 .panel-37a9d4d24c6799de2 .toggle-content{}<\/style><div class=\"fusion-panel panel-default panel-37a9d4d24c6799de2 fusion-toggle-no-divider\"><div class=\"panel-heading\"><h4 class=\"panel-title toggle\"><a aria-expanded=\"false\" aria-controls=\"37a9d4d24c6799de2\" role=\"button\" data-toggle=\"collapse\" data-parent=\"#accordion-524-1\" data-target=\"#37a9d4d24c6799de2\" href=\"#37a9d4d24c6799de2\"><span class=\"fusion-toggle-icon-wrapper\" aria-hidden=\"true\"><i class=\"fa-fusion-box active-icon awb-icon-plus\" aria-hidden=\"true\"><\/i><i class=\"fa-fusion-box inactive-icon awb-icon-minus\" aria-hidden=\"true\"><\/i><\/span><span class=\"fusion-toggle-heading\">Directives anticip\u00e9es<\/span><\/a><\/h4><\/div><div id=\"37a9d4d24c6799de2\" class=\"panel-collapse collapse \"><div class=\"panel-body toggle-content fusion-clearfix\">\n<p>Si un jour, vous n\u2019\u00eates plus en <strong>mesure de vous exprimer, <\/strong>vous ne pouvez <strong>plus agir ou d\u00e9cider par vous-m\u00eame<\/strong> et que vous souhaitez que vos derni\u00e8res <strong>volont\u00e9s soient respect\u00e9es<\/strong> alors n\u2019attendez pas que l\u2019on prenne des d\u00e9cisions \u00e0 votre place, dites aujourd\u2019hui ce que vous souhaitez pour votre fin de vie.\u00a0 <strong>Prenez le temps de la r\u00e9flexion et r\u00e9digez vos directives anticip\u00e9es.<\/strong><\/p>\n<p>Toute <strong>personne majeure<\/strong> peut le faire : ce sont vos volont\u00e9s, expri\u00adm\u00e9es par \u00e9crit, sur les traitements ou les actes m\u00e9dicaux que vous souhaitez ou non, si un jour vous ne pouvez plus communiquer apr\u00e8s un accident grave ou \u00e0 l\u2019occasion d\u2019une maladie grave. Elles concernent les conditions de votre fin de vie, c\u2019est \u00e0 de dire de poursuivre, limiter, arr\u00eater ou refuser les traitements ou actes m\u00e9dicaux.<\/p>\n<p>Elles sont valables <strong>sans limite\u00a0de temps, modifiables ou annulables<\/strong> \u00e0 tout moment.<\/p>\n<p><strong>Informez de leur existence et du lieu<\/strong> o\u00f9 vos directives se trouvent \u00e0 votre famille, votre personne de confiance, votre M\u00e9decin traitant et <strong>conservez les toujours sur vous<\/strong>.<\/p>\n<p>Cliquez sur le lien <a href=\"https:\/\/www.ch-orthez.fr\/wp-content\/uploads\/2022\/05\/infographie-fin-de-vie-usagers.pdf\"><u>DIALOGUER ET ACCOMPAGNER<\/u> <\/a>pour plus de renseignements.<\/p>\n<\/div><\/div><\/div><style type=\"text\/css\">.fusion-accordian  #accordion-524-1 .panel-d9a8f5a8050fc0e06 .panel-title a{}.fusion-accordian  #accordion-524-1 .panel-d9a8f5a8050fc0e06 .toggle-content{}<\/style><div class=\"fusion-panel panel-default panel-d9a8f5a8050fc0e06 fusion-toggle-no-divider\"><div class=\"panel-heading\"><h4 class=\"panel-title toggle\"><a aria-expanded=\"false\" aria-controls=\"d9a8f5a8050fc0e06\" role=\"button\" data-toggle=\"collapse\" data-parent=\"#accordion-524-1\" data-target=\"#d9a8f5a8050fc0e06\" href=\"#d9a8f5a8050fc0e06\"><span class=\"fusion-toggle-icon-wrapper\" aria-hidden=\"true\"><i class=\"fa-fusion-box active-icon awb-icon-plus\" aria-hidden=\"true\"><\/i><i class=\"fa-fusion-box inactive-icon awb-icon-minus\" aria-hidden=\"true\"><\/i><\/span><span class=\"fusion-toggle-heading\">Discr\u00e9tion et confidentialit\u00e9<\/span><\/a><\/h4><\/div><div id=\"d9a8f5a8050fc0e06\" class=\"panel-collapse collapse \"><div class=\"panel-body toggle-content fusion-clearfix\">\n<p>Les informations vous concernant ne sont accessibles que par vous-m\u00eame.<br \/>\nVous pouvez demander \u00e0 ce que votre pr\u00e9sence ne soit pas divulgu\u00e9e et que les informations concernant votre \u00e9tat de sant\u00e9 ne soient pas communiqu\u00e9es \u00e0 vos proches.<\/p>\n<\/div><\/div><\/div><style type=\"text\/css\">.fusion-accordian  #accordion-524-1 .panel-a18ce2b3ee4e1fa95 .panel-title a{}.fusion-accordian  #accordion-524-1 .panel-a18ce2b3ee4e1fa95 .toggle-content{}<\/style><div class=\"fusion-panel panel-default panel-a18ce2b3ee4e1fa95 fusion-toggle-no-divider\"><div class=\"panel-heading\"><h4 class=\"panel-title toggle\"><a aria-expanded=\"false\" aria-controls=\"a18ce2b3ee4e1fa95\" role=\"button\" data-toggle=\"collapse\" data-parent=\"#accordion-524-1\" data-target=\"#a18ce2b3ee4e1fa95\" href=\"#a18ce2b3ee4e1fa95\"><span class=\"fusion-toggle-icon-wrapper\" aria-hidden=\"true\"><i class=\"fa-fusion-box active-icon awb-icon-plus\" aria-hidden=\"true\"><\/i><i class=\"fa-fusion-box inactive-icon awb-icon-minus\" aria-hidden=\"true\"><\/i><\/span><span class=\"fusion-toggle-heading\">R\u00e9clamations<\/span><\/a><\/h4><\/div><div id=\"a18ce2b3ee4e1fa95\" class=\"panel-collapse collapse \"><div class=\"panel-body toggle-content fusion-clearfix\">Au cas o\u00f9 vous souhaiteriez \u00e9mettre une contestation ou r\u00e9clamation, vous avez la possibilit\u00e9 de contacter par \u00e9crit le Directeur de l\u2019\u00e9tablissement.<\/p>\n<p>Si votre r\u00e9clamation rel\u00e8ve de ses attributions, le m\u00e9decin m\u00e9diateur sera saisi.<\/p>\n<p>Centre Hospitalier<br \/>\nMonsieur le Directeur<br \/>\nRue du moulin \u2013 64300 ORTHEZ<\/div><\/div><\/div><style type=\"text\/css\">.fusion-accordian  #accordion-524-1 .panel-73f702b6ea02e15f2 .panel-title a{}.fusion-accordian  #accordion-524-1 .panel-73f702b6ea02e15f2 .toggle-content{}<\/style><div class=\"fusion-panel panel-default panel-73f702b6ea02e15f2 fusion-toggle-no-divider\"><div class=\"panel-heading\"><h4 class=\"panel-title toggle\"><a aria-expanded=\"false\" aria-controls=\"73f702b6ea02e15f2\" role=\"button\" data-toggle=\"collapse\" data-parent=\"#accordion-524-1\" data-target=\"#73f702b6ea02e15f2\" href=\"#73f702b6ea02e15f2\"><span class=\"fusion-toggle-icon-wrapper\" aria-hidden=\"true\"><i class=\"fa-fusion-box active-icon awb-icon-plus\" aria-hidden=\"true\"><\/i><i class=\"fa-fusion-box inactive-icon awb-icon-minus\" aria-hidden=\"true\"><\/i><\/span><span class=\"fusion-toggle-heading\">Repr\u00e9sentants des Usagers<\/span><\/a><\/h4><\/div><div id=\"73f702b6ea02e15f2\" class=\"panel-collapse collapse \"><div class=\"panel-body toggle-content fusion-clearfix\">\n<p>Les repr\u00e9sentants des Usagers (RU) sont propos\u00e9s par les associations agr\u00e9\u00e9es et d\u00e9sign\u00e9s par l&rsquo;Agence R\u00e9gionale de Sant\u00e9 (ARS) Nouvelle-Aquitaine pour 3 ans. Ils sont les porte-parole de tous les usagers, quelle que soit l&rsquo;association \u00e0 laquelle ces RU adh\u00e8rent.<\/p>\n<p>Ils sont membres de la Commission des Usagers (CDU).<\/p>\n<p>Vous pouvez \u00e9galement faire des remarques ou observations en contactant les repr\u00e9sentants des Usagers.<\/p>\n<p>Vous pouvez les contacter en composant le 05 59 69 73 76 et en laissant votre message sur le r\u00e9pondeur vocal. Merci d&rsquo;indiquer sur le r\u00e9pondeur les informations suivantes :<\/p>\n<p>votre nom, \u00a0pr\u00e9nom,<br \/>votre num\u00e9ro de t\u00e9l\u00e9phone,<br \/>l\u2019objet de votre appel<\/p>\n<p>\u00a0<\/p>\n<p><strong><a href=\"https:\/\/www.youtube.com\/watch?v=Gql25f2xdbI\"><em><span style=\"color: #339966;\">Cliquez ici<\/span>\u00a0<\/em><\/a><em>pour une pr\u00e9sentation du repr\u00e9sentant des Usagers en sant\u00e9<\/em><\/strong><\/p>\n<\/div><\/div><\/div><\/div><\/div><\/div><style type=\"text\/css\">.fusion-body .fusion-builder-column-0{width:100% !important;margin-top : 0px;margin-bottom : 0px;}.fusion-builder-column-0 > .fusion-column-wrapper {padding-top : 0px !important;padding-right : 0px !important;margin-right : 1.92%;padding-bottom : 0px !important;padding-left : 0px !important;margin-left : 1.92%;}@media only screen and (max-width:1024px) {.fusion-body .fusion-builder-column-0{width:100% !important;}.fusion-builder-column-0 > .fusion-column-wrapper {margin-right : 1.92%;margin-left : 1.92%;}}@media only screen and (max-width:640px) {.fusion-body .fusion-builder-column-0{width:100% !important;}.fusion-builder-column-0 > .fusion-column-wrapper {margin-right : 1.92%;margin-left : 1.92%;}}<\/style><\/div><\/div><style type=\"text\/css\">.fusion-body .fusion-flex-container.fusion-builder-row-1{ padding-top : 0px;margin-top : 0px;padding-right : 0px;padding-bottom : 0px;margin-bottom : 0px;padding-left : 0px;}<\/style><\/div>\n","protected":false},"excerpt":{"rendered":"","protected":false},"author":1,"featured_media":0,"parent":0,"menu_order":0,"comment_status":"closed","ping_status":"closed","template":"","meta":{"footnotes":""},"_links":{"self":[{"href":"https:\/\/www.ch-orthez.fr\/index.php\/wp-json\/wp\/v2\/pages\/524"}],"collection":[{"href":"https:\/\/www.ch-orthez.fr\/index.php\/wp-json\/wp\/v2\/pages"}],"about":[{"href":"https:\/\/www.ch-orthez.fr\/index.php\/wp-json\/wp\/v2\/types\/page"}],"author":[{"embeddable":true,"href":"https:\/\/www.ch-orthez.fr\/index.php\/wp-json\/wp\/v2\/users\/1"}],"replies":[{"embeddable":true,"href":"https:\/\/www.ch-orthez.fr\/index.php\/wp-json\/wp\/v2\/comments?post=524"}],"version-history":[{"count":4,"href":"https:\/\/www.ch-orthez.fr\/index.php\/wp-json\/wp\/v2\/pages\/524\/revisions"}],"predecessor-version":[{"id":3284,"href":"https:\/\/www.ch-orthez.fr\/index.php\/wp-json\/wp\/v2\/pages\/524\/revisions\/3284"}],"wp:attachment":[{"href":"https:\/\/www.ch-orthez.fr\/index.php\/wp-json\/wp\/v2\/media?parent=524"}],"curies":[{"name":"wp","href":"https:\/\/api.w.org\/{rel}","templated":true}]}}