{"id":516,"date":"2021-12-09T16:23:35","date_gmt":"2021-12-09T15:23:35","guid":{"rendered":"http:\/\/www.ch-orthez.fr\/?page_id=516"},"modified":"2023-05-24T08:53:02","modified_gmt":"2023-05-24T06:53:02","slug":"venir-en-consultation","status":"publish","type":"page","link":"https:\/\/www.ch-orthez.fr\/index.php\/venir-en-consultation\/","title":{"rendered":"Venir en consultation"},"content":{"rendered":"<div class=\"fusion-fullwidth fullwidth-box fusion-builder-row-1 fusion-flex-container nonhundred-percent-fullwidth non-hundred-percent-height-scrolling\" style=\"background-color: rgba(255,255,255,0);background-position: center center;background-repeat: no-repeat;border-width: 0px 0px 0px 0px;border-color:#e2e2e2;border-style:solid;\" ><div class=\"fusion-builder-row fusion-row fusion-flex-align-items-flex-start\" style=\"max-width:1331.2px;margin-left: calc(-4% \/ 2 );margin-right: calc(-4% \/ 2 );\"><div class=\"fusion-layout-column fusion_builder_column fusion-builder-column-0 fusion_builder_column_1_1 1_1 fusion-flex-column\"><div class=\"fusion-column-wrapper fusion-flex-justify-content-flex-start fusion-content-layout-column\" style=\"background-position:left top;background-repeat:no-repeat;-webkit-background-size:cover;-moz-background-size:cover;-o-background-size:cover;background-size:cover;padding: 0px 0px 0px 0px;\"><div class=\"fusion-text fusion-text-1\"><div id=\"accordion-content-venir-en-consultation\" class=\"sow-accordion-panel-content\" role=\"region\" aria-labelledby=\"accordion-label-venir-en-consultation\">\n<div class=\"sow-accordion-panel-border\" tabindex=\"0\">\n<h5>Prendre rendez-vous<\/h5>\n<p>C\u2019est une \u00e9tape indispensable.<br \/>\nPensez \u00e0 prendre rendez-vous suffisamment \u00e0 l\u2019avance pour pouvoir b\u00e9n\u00e9ficier d\u2019une date et d\u2019un horaire correspondants \u00e0 vos besoins.<\/p>\n<h5>Par t\u00e9l\u00e9phone<\/h5>\n<p>Commencez par consulter les fiches des services \u2013 <a href=\"https:\/\/www.ch-orthez.fr\/index.php\/les-consultations-externes\/\">consultations externes<\/a> (lien) afin de trouver le nom d\u2019un praticien ainsi que le num\u00e9ro de t\u00e9l\u00e9phone du secr\u00e9tariat concern\u00e9.<br \/>\nAppelez ensuite ce secr\u00e9tariat, le personnel administratif r\u00e9pondra \u00e0 votre appel et vous proposera un rendez-vous dans les meilleurs d\u00e9lais.<\/p>\n<h5>Sur place<\/h5>\n<p>Nos agents d\u2019accueil vous indiqueront le nom et l\u2019emplacement du service ou du praticien avec lequel vous souhaitez prendre rendez-vous.<br \/>\nLe secr\u00e9tariat concern\u00e9 vous recevra pour convenir avec vous d\u2019un rendez-vous ult\u00e9rieur.<\/p>\n<h5>Le jour de la consultation<\/h5>\n<p>D\u00e8s votre arriv\u00e9e au Centre Hospitalier d\u2019Orthez pr\u00e9sentez-vous au \u00ab Bureau des entr\u00e9es \u2013 soins externes \u00bb situ\u00e9 \u00e0 droite du hall d\u2019entr\u00e9e :<br \/>\nDu lundi au vendredi de 8h \u00e0 17h.<br \/>\nEn dehors de ces horaires, s\u2019adresser au standard-Accueil<\/p>\n<p><strong><u>Pr\u00e9parer certains documents en amont de votre visite vous permettra de gagner du temps \u00e0 votre arriv\u00e9e au Centre Hospitalier. Pr\u00e9voyez toutefois de venir en avance afin de remplir les \u00e9ventuelles formalit\u00e9s d\u2019admission.<\/u><\/strong><br \/>\n\u2022 Votre pi\u00e8ce d\u2019identit\u00e9 : carte nationale d\u2019identit\u00e9, passeport, carte de s\u00e9jour, livret de famille<br \/>\n\u2022 Votre Carte Vitale d\u2019assur\u00e9 social actualis\u00e9e justifiant de vos droits<br \/>\n\u2022 Votre carte de r\u00e9gime compl\u00e9mentaire : carte d\u2019affiliation et de prise en charge d\u00e9livr\u00e9e par<br \/>\nvotre mutuelle et votre compagnie d\u2019assurance ou votre attestation de Couverture Maladie<br \/>\nUniverselle (CMU)<br \/>\n\u2022 Votre d\u00e9claration d\u2019accident si vous \u00eates victime d\u2019un accident du travail<br \/>\n\u2022 Votre carte europ\u00e9enne et les formulaires E111 ou E112 si vous \u00eates patient \u00e9tranger de la<br \/>\ncommunaut\u00e9 europ\u00e9enne<br \/>\n\u2022 L\u2019ordonnance de votre m\u00e9decin traitant si vous consultez dans le cadre d\u2019une prescription<br \/>\n\u2022 Votre dossier et\/ou toutes pi\u00e8ces m\u00e9dicales utiles (analyses, radiographies\u2026).<\/p>\n<\/div>\n<\/div>\n<\/div><\/div><style type=\"text\/css\">.fusion-body .fusion-builder-column-0{width:100% !important;margin-top : 0px;margin-bottom : 0px;}.fusion-builder-column-0 > .fusion-column-wrapper {padding-top : 0px !important;padding-right : 0px !important;margin-right : 1.92%;padding-bottom : 0px !important;padding-left : 0px !important;margin-left : 1.92%;}@media only screen and (max-width:1024px) {.fusion-body .fusion-builder-column-0{width:100% !important;}.fusion-builder-column-0 > .fusion-column-wrapper {margin-right : 1.92%;margin-left : 1.92%;}}@media only screen and (max-width:640px) {.fusion-body .fusion-builder-column-0{width:100% !important;}.fusion-builder-column-0 > .fusion-column-wrapper {margin-right : 1.92%;margin-left : 1.92%;}}<\/style><\/div><\/div><style type=\"text\/css\">.fusion-body .fusion-flex-container.fusion-builder-row-1{ padding-top : 0px;margin-top : 0px;padding-right : 0px;padding-bottom : 0px;margin-bottom : 0px;padding-left : 0px;}<\/style><\/div>\n","protected":false},"excerpt":{"rendered":"","protected":false},"author":1,"featured_media":1492,"parent":0,"menu_order":0,"comment_status":"closed","ping_status":"closed","template":"","meta":{"footnotes":""},"_links":{"self":[{"href":"https:\/\/www.ch-orthez.fr\/index.php\/wp-json\/wp\/v2\/pages\/516"}],"collection":[{"href":"https:\/\/www.ch-orthez.fr\/index.php\/wp-json\/wp\/v2\/pages"}],"about":[{"href":"https:\/\/www.ch-orthez.fr\/index.php\/wp-json\/wp\/v2\/types\/page"}],"author":[{"embeddable":true,"href":"https:\/\/www.ch-orthez.fr\/index.php\/wp-json\/wp\/v2\/users\/1"}],"replies":[{"embeddable":true,"href":"https:\/\/www.ch-orthez.fr\/index.php\/wp-json\/wp\/v2\/comments?post=516"}],"version-history":[{"count":0,"href":"https:\/\/www.ch-orthez.fr\/index.php\/wp-json\/wp\/v2\/pages\/516\/revisions"}],"wp:featuredmedia":[{"embeddable":true,"href":"https:\/\/www.ch-orthez.fr\/index.php\/wp-json\/wp\/v2\/media\/1492"}],"wp:attachment":[{"href":"https:\/\/www.ch-orthez.fr\/index.php\/wp-json\/wp\/v2\/media?parent=516"}],"curies":[{"name":"wp","href":"https:\/\/api.w.org\/{rel}","templated":true}]}}