{"id":3024,"date":"2024-08-12T10:23:21","date_gmt":"2024-08-12T08:23:21","guid":{"rendered":"https:\/\/www.ch-orthez.fr\/?page_id=3024"},"modified":"2024-09-02T13:51:19","modified_gmt":"2024-09-02T11:51:19","slug":"le-projet-medico-soignant-partage","status":"publish","type":"page","link":"https:\/\/www.ch-orthez.fr\/index.php\/le-projet-medico-soignant-partage\/","title":{"rendered":"Le projet m\u00e9dico-soignant partag\u00e9 (PMSP)"},"content":{"rendered":"<p>Le projet m\u00e9dico-soignant partag\u00e9, le fichier est en deux parties, cliquez sur l&rsquo;un des liens pour t\u00e9l\u00e9charger l&rsquo;une ou l&rsquo;autre partie.<\/p>\n<p><a href=\"https:\/\/www.ch-orthez.fr\/wp-content\/uploads\/2024\/08\/PMSP-2024-2028-GHT-Bearn-et-Soule_compressed-1-16.pdf\"><strong>Partie 1<\/strong><\/a><br \/>\n<a href=\"https:\/\/www.ch-orthez.fr\/wp-content\/uploads\/2024\/08\/PMSP-2024-2028-GHT-Bearn-et-Soule_compressed-1-16.pdf\">1-Introduction<\/a><br \/>\n<a href=\"https:\/\/www.ch-orthez.fr\/wp-content\/uploads\/2024\/08\/PMSP-2024-2028-GHT-Bearn-et-Soule_compressed-1-16.pdf\">2. Notre strat\u00e9gie m\u00e9dico-soignante pour r\u00e9pondre<\/a><br \/>\n<a href=\"https:\/\/www.ch-orthez.fr\/wp-content\/uploads\/2024\/08\/PMSP-2024-2028-GHT-Bearn-et-Soule_compressed-1-16.pdf\">aux besoins du territoire<\/a><\/p>\n<p><a href=\"https:\/\/www.ch-orthez.fr\/wp-content\/uploads\/2024\/08\/PMSP-2024-2028-GHT-Bearn-et-Soule_compressed-17-31.pdf\"><strong>Partie 2<\/strong><\/a><br \/>\n<a href=\"https:\/\/www.ch-orthez.fr\/wp-content\/uploads\/2024\/08\/PMSP-2024-2028-GHT-Bearn-et-Soule_compressed-17-31.pdf\">3. Des axes strat\u00e9giques pour porter l\u2019ambition de<\/a><br \/>\n<a href=\"https:\/\/www.ch-orthez.fr\/wp-content\/uploads\/2024\/08\/PMSP-2024-2028-GHT-Bearn-et-Soule_compressed-17-31.pdf\">notre GHT pour les cinq prochaines ann\u00e9es<\/a><br \/>\n<a href=\"https:\/\/www.ch-orthez.fr\/wp-content\/uploads\/2024\/08\/PMSP-2024-2028-GHT-Bearn-et-Soule_compressed-17-31.pdf\">4. Etablissements et partenaires sollicit\u00e9s pour les<\/a><br \/>\n<a href=\"https:\/\/www.ch-orthez.fr\/wp-content\/uploads\/2024\/08\/PMSP-2024-2028-GHT-Bearn-et-Soule_compressed-17-31.pdf\">travaux du PMSP<\/a><br \/>\n<a href=\"https:\/\/www.ch-orthez.fr\/wp-content\/uploads\/2024\/08\/PMSP-2024-2028-GHT-Bearn-et-Soule_compressed-17-31.pdf\">5. R\u00e9ussir la mise en \u0153uvre<\/a><\/p>\n","protected":false},"excerpt":{"rendered":"<p>Le projet m\u00e9dico-soignant partag\u00e9, le fichier est en deux parties,&hellip; <a class=\"continue\" href=\"https:\/\/www.ch-orthez.fr\/index.php\/le-projet-medico-soignant-partage\/\">Lire la suite<span> Le projet m\u00e9dico-soignant partag\u00e9 (PMSP)<\/span><\/a><\/p>\n","protected":false},"author":1,"featured_media":0,"parent":0,"menu_order":0,"comment_status":"closed","ping_status":"closed","template":"","meta":{"footnotes":""},"_links":{"self":[{"href":"https:\/\/www.ch-orthez.fr\/index.php\/wp-json\/wp\/v2\/pages\/3024"}],"collection":[{"href":"https:\/\/www.ch-orthez.fr\/index.php\/wp-json\/wp\/v2\/pages"}],"about":[{"href":"https:\/\/www.ch-orthez.fr\/index.php\/wp-json\/wp\/v2\/types\/page"}],"author":[{"embeddable":true,"href":"https:\/\/www.ch-orthez.fr\/index.php\/wp-json\/wp\/v2\/users\/1"}],"replies":[{"embeddable":true,"href":"https:\/\/www.ch-orthez.fr\/index.php\/wp-json\/wp\/v2\/comments?post=3024"}],"version-history":[{"count":11,"href":"https:\/\/www.ch-orthez.fr\/index.php\/wp-json\/wp\/v2\/pages\/3024\/revisions"}],"predecessor-version":[{"id":3043,"href":"https:\/\/www.ch-orthez.fr\/index.php\/wp-json\/wp\/v2\/pages\/3024\/revisions\/3043"}],"wp:attachment":[{"href":"https:\/\/www.ch-orthez.fr\/index.php\/wp-json\/wp\/v2\/media?parent=3024"}],"curies":[{"name":"wp","href":"https:\/\/api.w.org\/{rel}","templated":true}]}}