{"id":1838,"date":"2022-03-22T11:48:03","date_gmt":"2022-03-22T10:48:03","guid":{"rendered":"https:\/\/www.ch-orthez.fr\/?page_id=1838"},"modified":"2022-05-30T11:40:18","modified_gmt":"2022-05-30T09:40:18","slug":"accessibilite","status":"publish","type":"page","link":"https:\/\/www.ch-orthez.fr\/index.php\/accessibilite\/","title":{"rendered":"Accessibilit\u00e9"},"content":{"rendered":"<div class=\"fusion-fullwidth fullwidth-box fusion-builder-row-1 fusion-flex-container nonhundred-percent-fullwidth non-hundred-percent-height-scrolling\" style=\"background-color: rgba(255,255,255,0);background-position: center center;background-repeat: no-repeat;border-width: 0px 0px 0px 0px;border-color:#e2e2e2;border-style:solid;\" ><div class=\"fusion-builder-row fusion-row fusion-flex-align-items-flex-start\" style=\"max-width:1331.2px;margin-left: calc(-4% \/ 2 );margin-right: calc(-4% \/ 2 );\"><div class=\"fusion-layout-column fusion_builder_column fusion-builder-column-0 fusion_builder_column_1_1 1_1 fusion-flex-column\"><div class=\"fusion-column-wrapper fusion-flex-justify-content-flex-start fusion-content-layout-column\" style=\"background-position:left top;background-repeat:no-repeat;-webkit-background-size:cover;-moz-background-size:cover;-o-background-size:cover;background-size:cover;padding: 0px 0px 0px 0px;\"><div class=\"fusion-text fusion-text-1\"><h1 style=\"text-align: center;\">D\u00e9claration d&rsquo;accessibilit\u00e9.<\/h1>\n<p><a href=\"https:\/\/www.ch-orthez.fr\/wp-content\/uploads\/2022\/03\/criteres-validation-rgaa.pdf\" target=\"_blank\" rel=\"noopener\"><strong>Pour voir le document pdf, cliquez ici<\/strong><\/a><\/p>\n<p>Le Centre Hospitalier d&rsquo;Orthez s\u2019engage \u00e0 rendre son site internet accessible conform\u00e9ment \u00e0 l\u2019article 47 de la loi n\u00b0 2005-102 du 11 f\u00e9vrier 2005.<\/p>\n<p>\u00c0 cette fin, un audit de conformit\u00e9 au RGAA a \u00e9t\u00e9 r\u00e9alis\u00e9.<\/p>\n<p>Cette d\u00e9claration d\u2019accessibilit\u00e9 s\u2019applique au site officiel, www.ch-orthez.fr.<\/p>\n<h2>\u00c9TAT DE CONFORMIT\u00c9<\/h2>\n<p>Le site est en conformit\u00e9 partielle avec le r\u00e9f\u00e9rentiel g\u00e9n\u00e9ral d\u2019am\u00e9lioration de l\u2019accessibilit\u00e9, RGAA 4.0, en raison des non-conformit\u00e9s \u00e9num\u00e9r\u00e9es ci-dessous.<\/p>\n<h2>R\u00c9SULTATS DES TESTS<\/h2>\n<p>L\u2019audit de conformit\u00e9, r\u00e9alis\u00e9 en mai 2022, r\u00e9v\u00e8le que 78,57% des crit\u00e8res RGAA sont respect\u00e9s, avec 44 crit\u00e8res conformes et 12 crit\u00e8res non conformes.<\/p>\n<h2>CONTENUS NON ACCESSIBLES<\/h2>\n<p>Les contenus list\u00e9s ci-dessous ne sont pas accessibles pour les raisons suivantes.<\/p>\n<p>Non-conformit\u00e9s<\/p>\n<p>Sont list\u00e9es ici les principales non-conformit\u00e9s du site.<\/p>\n<ul>\n<li>Crit\u00e8res 6.1 et 6.2 : D\u00e9faut de balise alt dans les liens et intitul\u00e9s des liens.<br \/>\nCrit\u00e8re 7.1 : La compatibilit\u00e9 avec les techniques d&rsquo;assistances n&rsquo;a pu \u00eatre totalement test\u00e9e.<br \/>\nCrit\u00e8re 8.9 : Les balises sont parfois utilis\u00e9es \u00e0 des fins de pr\u00e9sentation.<br \/>\nCrit\u00e8re 10.6 : Les liens ne sont pas forc\u00e9ment visibles tout de suite, cette situation est corrigeable via l&rsquo;outil d&rsquo;accessibilit\u00e9.<br \/>\nCrit\u00e8re 10.9 et 10.10 : La page plan du site ne respecte pas totalement ces deux crit\u00e8res.<br \/>\nCrit\u00e8re 12.9 : L&rsquo;utilisateur n&rsquo;a pas d&rsquo;information concernant le focus qui existe mais qui est impl\u00e9ment\u00e9 sur le site.<br \/>\nCrit\u00e8re 12.11 : La loupe n&rsquo;est pas g\u00e9rable au clavier.<br \/>\nDans les pages du site, certains passages de texte ne sont pas correctement structur\u00e9s (absence de titre, liste ou paragraphes).<br \/>\nCertains PDF disponibles en t\u00e9l\u00e9chargement sur le site ne sont pas accessibles et ne disposent pas d\u2019une version accessible.<\/li>\n<\/ul>\n<p>\u00c9TABLISSEMENT DE CETTE D\u00c9CLARATION D\u2019ACCESSIBILIT\u00c9<\/p>\n<p>Cette d\u00e9claration a \u00e9t\u00e9 \u00e9tablie le 25\/05\/2022.<\/p>\n<p>Technologies utilis\u00e9es pour la r\u00e9alisation du site web<\/p>\n<ul>\n<li>HTML5<br \/>\nCSS<br \/>\nJS<br \/>\nCMS : WordPress<\/li>\n<li>Outil d&rsquo;accessibilit\u00e9<\/li>\n<\/ul>\n<p>Agents utilisateurs, technologies d\u2019assistance et outils utilis\u00e9s pour v\u00e9rifier l\u2019accessibilit\u00e9<\/p>\n<p>Les tests des pages web ont \u00e9t\u00e9 effectu\u00e9s avec les combinaisons de navigateurs web et lecteurs d\u2019\u00e9cran suivants :<\/p>\n<ul>\n<li>A11y.css<br \/>\nAssistant RGAA Firefox<br \/>\nNVDA et eSpeak<\/li>\n<\/ul>\n<ul>\n<li>site test\u00e9 avec<br \/>\nWindows : chrome, firefox, edge, op\u00e9ra et brave<br \/>\nFirefox developpeur<br \/>\nLinux : firefox<br \/>\nFirefox et NVDA<\/li>\n<\/ul>\n<p>La v\u00e9rification de l\u2019accessibilit\u00e9 est le r\u00e9sultat de tests manuels, assist\u00e9s par des outils (feuilles CSS d\u00e9di\u00e9es, extensions WebDeveloper Toolbar, Color Contrast Analyser).<\/p>\n<p>Pages du site ayant fait l\u2019objet de la v\u00e9rification de conformit\u00e9<\/p>\n<ul>\n<li>Page d\u2019accueil<br \/>\nPage mentions l\u00e9gales<br \/>\nPage accessibilit\u00e9<br \/>\nPage plan du site<br \/>\nPage Vos droits et devoirs<br \/>\nPage P\u00f4le m\u00e9decine<br \/>\nPage Les consultations externes<br \/>\nPage Offre d\u2019emploi<br \/>\nPage IFSI<br \/>\nPage EHPAD et USLD<br \/>\nPage USLD<br \/>\nPage Les instances<br \/>\nDocument : Passerelles et d\u00e9bouch\u00e9s professionnels<\/li>\n<\/ul>\n<p>RETOUR D\u2019INFORMATION ET CONTACT<\/p>\n<p>Il est important de rappeler qu\u2019en vertu de l\u2019article 11 de la loi de f\u00e9vrier 2005 :<\/p>\n<p>La personne handicap\u00e9e a droit \u00e0 la compensation des cons\u00e9quences de son handicap, quels que soient l\u2019origine et la nature de sa d\u00e9ficience, son \u00e2ge ou son mode de vie.<\/p>\n<p>Le P\u00f4le de sant\u00e9 d&rsquo;Orthez s\u2019engage \u00e0 prendre les moyens n\u00e9cessaires afin de donner acc\u00e8s, dans un d\u00e9lai raisonnable, aux informations et fonctionnalit\u00e9s recherch\u00e9es par la personne handicap\u00e9e, que le contenu fasse l\u2019objet d\u2019une d\u00e9rogation ou non.<\/p>\n<p>Si vous n\u2019arrivez pas \u00e0 acc\u00e9der \u00e0 un contenu ou \u00e0 un service, vous pouvez contacter le responsable du site internet pour \u00eatre orient\u00e9 vers une alternative accessible ou obtenir le contenu sous une autre forme \u00e0 l\u2019adresse suivante : secretariat.direction@ch-orthez.fr<\/p>\n<p>VOIES DE RECOURS<\/p>\n<p>Si vous constatez un d\u00e9faut d\u2019accessibilit\u00e9 vous emp\u00eachant d\u2019acc\u00e9der \u00e0 un contenu ou une fonctionnalit\u00e9 du site, que vous nous le signalez et que vous ne parvenez pas \u00e0 obtenir une r\u00e9ponse de notre part, vous \u00eates en droit de faire parvenir vos dol\u00e9ances ou une demande de saisine au D\u00e9fenseur des droits.<\/p>\n<p>Plusieurs moyens sont \u00e0 votre disposition :<\/p>\n<p>un formulaire de contact ;<br \/>\nla liste du ou des d\u00e9l\u00e9gu\u00e9s de votre r\u00e9gion avec leurs informations de contact direct ;<br \/>\nun num\u00e9ro de t\u00e9l\u00e9phone : 09 69 39 00 00 ;<br \/>\nune adresse postale (courrier gratuit, sans affranchissement) : Le D\u00e9fenseur des droits &#8211; Libre r\u00e9ponse 71120 &#8211; 75342 Paris CEDEX 07.<\/p>\n<p><a href=\"https:\/\/www.ch-orthez.fr\/wp-content\/uploads\/2022\/05\/Audit-rgaa-protege.pdf\" target=\"_blank\" rel=\"noopener\"><strong>Lien vers un document d&rsquo;aide \u00e0 la validation RGAA, cliquez ici<\/strong><\/a><\/p>\n<\/div><\/div><style type=\"text\/css\">.fusion-body .fusion-builder-column-0{width:100% !important;margin-top : 0px;margin-bottom : 20px;}.fusion-builder-column-0 > .fusion-column-wrapper {padding-top : 0px !important;padding-right : 0px !important;margin-right : 1.92%;padding-bottom : 0px !important;padding-left : 0px !important;margin-left : 1.92%;}@media only screen and (max-width:1024px) {.fusion-body .fusion-builder-column-0{width:100% !important;order : 0;}.fusion-builder-column-0 > .fusion-column-wrapper {margin-right : 1.92%;margin-left : 1.92%;}}@media only screen and (max-width:640px) {.fusion-body .fusion-builder-column-0{width:100% !important;order : 0;}.fusion-builder-column-0 > .fusion-column-wrapper {margin-right : 1.92%;margin-left : 1.92%;}}<\/style><\/div><\/div><style type=\"text\/css\">.fusion-body .fusion-flex-container.fusion-builder-row-1{ padding-top : 0px;margin-top : 0px;padding-right : 0px;padding-bottom : 0px;margin-bottom : 0px;padding-left : 0px;}<\/style><\/div>\n","protected":false},"excerpt":{"rendered":"","protected":false},"author":1,"featured_media":0,"parent":0,"menu_order":0,"comment_status":"closed","ping_status":"closed","template":"","meta":{"footnotes":""},"_links":{"self":[{"href":"https:\/\/www.ch-orthez.fr\/index.php\/wp-json\/wp\/v2\/pages\/1838"}],"collection":[{"href":"https:\/\/www.ch-orthez.fr\/index.php\/wp-json\/wp\/v2\/pages"}],"about":[{"href":"https:\/\/www.ch-orthez.fr\/index.php\/wp-json\/wp\/v2\/types\/page"}],"author":[{"embeddable":true,"href":"https:\/\/www.ch-orthez.fr\/index.php\/wp-json\/wp\/v2\/users\/1"}],"replies":[{"embeddable":true,"href":"https:\/\/www.ch-orthez.fr\/index.php\/wp-json\/wp\/v2\/comments?post=1838"}],"version-history":[{"count":0,"href":"https:\/\/www.ch-orthez.fr\/index.php\/wp-json\/wp\/v2\/pages\/1838\/revisions"}],"wp:attachment":[{"href":"https:\/\/www.ch-orthez.fr\/index.php\/wp-json\/wp\/v2\/media?parent=1838"}],"curies":[{"name":"wp","href":"https:\/\/api.w.org\/{rel}","templated":true}]}}