{"id":1469,"date":"2022-02-09T17:44:46","date_gmt":"2022-02-09T16:44:46","guid":{"rendered":"http:\/\/www.ch-orthez.fr\/?page_id=1469"},"modified":"2022-12-16T17:31:02","modified_gmt":"2022-12-16T16:31:02","slug":"addictions","status":"publish","type":"page","link":"https:\/\/www.ch-orthez.fr\/index.php\/addictions\/","title":{"rendered":"Addictions"},"content":{"rendered":"<p><div class=\"fusion-fullwidth fullwidth-box fusion-builder-row-1 fusion-flex-container nonhundred-percent-fullwidth non-hundred-percent-height-scrolling\" style=\"background-color: rgba(255,255,255,0);background-position: center center;background-repeat: no-repeat;border-width: 0px 0px 0px 0px;border-color:#e2e2e2;border-style:solid;\" ><div class=\"fusion-builder-row fusion-row fusion-flex-align-items-flex-start\" style=\"max-width:1331.2px;margin-left: calc(-4% \/ 2 );margin-right: calc(-4% \/ 2 );\"><div class=\"fusion-layout-column fusion_builder_column fusion-builder-column-0 fusion_builder_column_2_3 2_3 fusion-flex-column\"><div class=\"fusion-column-wrapper fusion-flex-justify-content-flex-start fusion-content-layout-column\" style=\"background-position:left top;background-repeat:no-repeat;-webkit-background-size:cover;-moz-background-size:cover;-o-background-size:cover;background-size:cover;padding: 0px 0px 0px 0px;\"><div class=\"fusion-text fusion-text-1\"><p>Les <b>addictions <\/b>sont d\u00e9finies par une d\u00e9pendance \u00e0 une substance ou \u00e0 une activit\u00e9, avec des cons\u00e9quences nuisibles pour la sant\u00e9. La <b>d\u00e9pendance<\/b> se caract\u00e9rise par un d\u00e9sir souvent puissant, voire compulsif, de consommer ou de pratiquer une activit\u00e9.<\/p>\n<p>Au travers de diff\u00e9rents projets, le Centre Hospitalier d&rsquo;Orthez s&rsquo;engage dans<b> la pr\u00e9vention des conduites addictives<\/b>, qu&rsquo;elles soient li\u00e9es \u00e0 des substances ou \u00e0 des comportements, <b>en partenariat avec les acteurs locaux <\/b>sur tout le territoire !<\/p><\/p>\n<\/div><div class=\"fusion-separator fusion-full-width-sep\" style=\"align-self: center;margin-left: auto;margin-right: auto;width:100%;\"><div class=\"fusion-separator-border sep-double\" style=\"border-color:#e2e2e2;border-top-width:1px;border-bottom-width:1px;\"><\/div><\/div><div class=\"fusion-text fusion-text-2\"><h4><strong>Consultations en addictologie :<\/strong><\/h4>\n<ul>\n<li>&#8211; Tous les mercredis apr\u00e8s-midi, des consultations en addictologie avec le Dr HUC vous sont propos\u00e9es gratuitement au Centre Hospitalier d\u2019Orthez !<\/li>\n<\/ul>\n<ul>\n<li>&#8211; Pour prendre rendez-vous : <strong>05.59.69.70.21<\/strong><\/li>\n<li>\u00a0<\/li>\n<\/ul>\n<p><strong><a href=\"https:\/\/www.ch-orthez.fr\/wp-content\/uploads\/2022\/11\/Consultations-Addictologie_CHO.pdf\">T\u00e9l\u00e9charger notre plaquette d&rsquo;information <span style=\"text-decoration: underline;\">ici <\/span><\/a>!<\/strong><\/p>\n<\/div><\/div><style type=\"text\/css\">.fusion-body .fusion-builder-column-0{width:66.666666666667% !important;margin-top : 0px;margin-bottom : 20px;}.fusion-builder-column-0 > .fusion-column-wrapper {padding-top : 0px !important;padding-right : 0px !important;margin-right : 2.88%;padding-bottom : 0px !important;padding-left : 0px !important;margin-left : 2.88%;}@media only screen and (max-width:1024px) {.fusion-body .fusion-builder-column-0{width:66.666666666667% !important;order : 0;}.fusion-builder-column-0 > .fusion-column-wrapper {margin-right : 2.88%;margin-left : 2.88%;}}@media only screen and (max-width:640px) {.fusion-body .fusion-builder-column-0{width:100% !important;order : 0;}.fusion-builder-column-0 > .fusion-column-wrapper {margin-right : 1.92%;margin-left : 1.92%;}}<\/style><\/div><div class=\"fusion-layout-column fusion_builder_column fusion-builder-column-1 fusion_builder_column_1_3 1_3 fusion-flex-column\"><div class=\"fusion-column-wrapper fusion-flex-justify-content-flex-start fusion-content-layout-column\" style=\"background-position:left top;background-repeat:no-repeat;-webkit-background-size:cover;-moz-background-size:cover;-o-background-size:cover;background-size:cover;padding: 0px 0px 0px 0px;\"><div ><span class=\" fusion-imageframe imageframe-none imageframe-1 hover-type-none\"><a class=\"fusion-no-lightbox\" href=\"https:\/\/www.ch-orthez.fr\/wp-content\/uploads\/2022\/11\/Consultations-Addictologie_CHO.png\" target=\"_self\" aria-label=\"Consultations Addictologie_CHO\"><img decoding=\"async\" width=\"212\" height=\"300\" src=\"https:\/\/www.ch-orthez.fr\/wp-content\/uploads\/2022\/11\/Consultations-Addictologie_CHO-212x300.png\" alt class=\"img-responsive wp-image-2409\" srcset=\"https:\/\/www.ch-orthez.fr\/wp-content\/uploads\/2022\/11\/Consultations-Addictologie_CHO-200x283.png 200w, https:\/\/www.ch-orthez.fr\/wp-content\/uploads\/2022\/11\/Consultations-Addictologie_CHO-400x566.png 400w, https:\/\/www.ch-orthez.fr\/wp-content\/uploads\/2022\/11\/Consultations-Addictologie_CHO-600x849.png 600w, https:\/\/www.ch-orthez.fr\/wp-content\/uploads\/2022\/11\/Consultations-Addictologie_CHO-800x1132.png 800w, https:\/\/www.ch-orthez.fr\/wp-content\/uploads\/2022\/11\/Consultations-Addictologie_CHO-1200x1697.png 1200w, https:\/\/www.ch-orthez.fr\/wp-content\/uploads\/2022\/11\/Consultations-Addictologie_CHO.png 1414w\" sizes=\"(max-width: 640px) 100vw, 400px\" \/><\/a><\/span><\/div><\/div><style type=\"text\/css\">.fusion-body .fusion-builder-column-1{width:33.333333333333% !important;margin-top : 0px;margin-bottom : 20px;}.fusion-builder-column-1 > .fusion-column-wrapper {padding-top : 0px !important;padding-right : 0px !important;margin-right : 5.76%;padding-bottom : 0px !important;padding-left : 0px !important;margin-left : 5.76%;}@media only screen and (max-width:1024px) {.fusion-body .fusion-builder-column-1{width:33.333333333333% !important;order : 0;}.fusion-builder-column-1 > .fusion-column-wrapper {margin-right : 5.76%;margin-left : 5.76%;}}@media only screen and (max-width:640px) {.fusion-body .fusion-builder-column-1{width:100% !important;order : 0;}.fusion-builder-column-1 > .fusion-column-wrapper {margin-right : 1.92%;margin-left : 1.92%;}}<\/style><\/div><\/div><style type=\"text\/css\">.fusion-body .fusion-flex-container.fusion-builder-row-1{ padding-top : 0px;margin-top : 0px;padding-right : 0px;padding-bottom : 0px;margin-bottom : 0px;padding-left : 0px;}<\/style><\/div><div class=\"fusion-fullwidth fullwidth-box fusion-builder-row-2 fusion-flex-container nonhundred-percent-fullwidth non-hundred-percent-height-scrolling\" style=\"background-color: rgba(255,255,255,0);background-position: center center;background-repeat: no-repeat;border-width: 0px 0px 0px 0px;border-color:#e2e2e2;border-style:solid;\" ><div class=\"fusion-builder-row fusion-row fusion-flex-align-items-flex-start\" style=\"max-width:1331.2px;margin-left: calc(-4% \/ 2 );margin-right: calc(-4% \/ 2 );\"><div class=\"fusion-layout-column fusion_builder_column fusion-builder-column-2 fusion_builder_column_1_1 1_1 fusion-flex-column\"><div class=\"fusion-column-wrapper fusion-flex-justify-content-flex-start fusion-content-layout-column\" style=\"background-position:left top;background-repeat:no-repeat;-webkit-background-size:cover;-moz-background-size:cover;-o-background-size:cover;background-size:cover;padding: 0px 0px 0px 0px;\"><div class=\"fusion-separator fusion-full-width-sep\" style=\"align-self: center;margin-left: auto;margin-right: auto;width:100%;\"><div class=\"fusion-separator-border sep-double\" style=\"border-color:#e2e2e2;border-top-width:1px;border-bottom-width:1px;\"><\/div><\/div><\/div><style type=\"text\/css\">.fusion-body .fusion-builder-column-2{width:100% !important;margin-top : 0px;margin-bottom : 20px;}.fusion-builder-column-2 > .fusion-column-wrapper {padding-top : 0px !important;padding-right : 0px !important;margin-right : 1.92%;padding-bottom : 0px !important;padding-left : 0px !important;margin-left : 1.92%;}@media only screen and (max-width:1024px) {.fusion-body .fusion-builder-column-2{width:100% !important;order : 0;}.fusion-builder-column-2 > .fusion-column-wrapper {margin-right : 1.92%;margin-left : 1.92%;}}@media only screen and (max-width:640px) {.fusion-body .fusion-builder-column-2{width:100% !important;order : 0;}.fusion-builder-column-2 > .fusion-column-wrapper {margin-right : 1.92%;margin-left : 1.92%;}}<\/style><\/div><\/div><style type=\"text\/css\">.fusion-body .fusion-flex-container.fusion-builder-row-2{ padding-top : 0px;margin-top : 0px;padding-right : 0px;padding-bottom : 0px;margin-bottom : 0px;padding-left : 0px;}<\/style><\/div><div class=\"fusion-fullwidth fullwidth-box fusion-builder-row-3 fusion-flex-container nonhundred-percent-fullwidth non-hundred-percent-height-scrolling\" style=\"background-color: rgba(255,255,255,0);background-position: center center;background-repeat: no-repeat;border-width: 0px 0px 0px 0px;border-color:#e2e2e2;border-style:solid;\" ><div class=\"fusion-builder-row fusion-row fusion-flex-align-items-flex-start\" style=\"max-width:1331.2px;margin-left: calc(-4% \/ 2 );margin-right: calc(-4% \/ 2 );\"><div class=\"fusion-layout-column fusion_builder_column fusion-builder-column-3 fusion_builder_column_1_3 1_3 fusion-flex-column\"><div class=\"fusion-column-wrapper fusion-flex-justify-content-flex-start fusion-content-layout-column\" style=\"background-position:left top;background-repeat:no-repeat;-webkit-background-size:cover;-moz-background-size:cover;-o-background-size:cover;background-size:cover;padding: 0px 0px 0px 0px;\"><\/div><style type=\"text\/css\">.fusion-body .fusion-builder-column-3{width:33.333333333333% !important;margin-top : 0px;margin-bottom : 20px;}.fusion-builder-column-3 > .fusion-column-wrapper {padding-top : 0px !important;padding-right : 0px !important;margin-right : 5.76%;padding-bottom : 0px !important;padding-left : 0px !important;margin-left : 5.76%;}@media only screen and (max-width:1024px) {.fusion-body .fusion-builder-column-3{width:33.333333333333% !important;order : 0;}.fusion-builder-column-3 > .fusion-column-wrapper {margin-right : 5.76%;margin-left : 5.76%;}}@media only screen and (max-width:640px) {.fusion-body .fusion-builder-column-3{width:100% !important;order : 0;}.fusion-builder-column-3 > .fusion-column-wrapper {margin-right : 1.92%;margin-left : 1.92%;}}<\/style><\/div><div class=\"fusion-layout-column fusion_builder_column fusion-builder-column-4 fusion_builder_column_1_3 1_3 fusion-flex-column\"><div class=\"fusion-column-wrapper fusion-flex-justify-content-flex-start fusion-content-layout-column\" style=\"background-position:left top;background-repeat:no-repeat;-webkit-background-size:cover;-moz-background-size:cover;-o-background-size:cover;background-size:cover;padding: 0px 0px 0px 0px;\"><div class=\"fusion-slider-sc\"><div class=\"fusion-flexslider-loading flexslider flexslider-hover-type-none\" data-slideshow_autoplay=\"1\" data-slideshow_smooth_height=\"0\" data-slideshow_speed=\"7000\" style=\"max-width:100%;height:100%;\"><ul class=\"slides\"><li class=\"image\"><a title=\"M\u00e9mo addicto jeunes_page-0001\" data-caption=\"Se lib\u00e9rer des addictions\" data-title=\"M\u00e9mo addicto jeunes_page-0001\" aria-label=\"M\u00e9mo addicto jeunes_page-0001\" href=\"https:\/\/www.ch-orthez.fr\/wp-content\/uploads\/2022\/03\/Memo-addicto-jeunes_page-0001.jpg\" target=\"_self\"><span class=\"fusion-image-hover-element hover-type-none\"><img decoding=\"async\" src=\"https:\/\/www.ch-orthez.fr\/wp-content\/uploads\/2022\/03\/Memo-addicto-jeunes_page-0001-300x212.jpg\" alt=\"M\u00e9mo addictions \u00e0 destination des jeunes 1\" width=\"300\" height=\"212\" class=\"wp-image-1628\" srcset=\"https:\/\/www.ch-orthez.fr\/wp-content\/uploads\/2022\/03\/Memo-addicto-jeunes_page-0001-200x141.jpg 200w, https:\/\/www.ch-orthez.fr\/wp-content\/uploads\/2022\/03\/Memo-addicto-jeunes_page-0001-400x283.jpg 400w, https:\/\/www.ch-orthez.fr\/wp-content\/uploads\/2022\/03\/Memo-addicto-jeunes_page-0001-600x424.jpg 600w, https:\/\/www.ch-orthez.fr\/wp-content\/uploads\/2022\/03\/Memo-addicto-jeunes_page-0001-800x565.jpg 800w, https:\/\/www.ch-orthez.fr\/wp-content\/uploads\/2022\/03\/Memo-addicto-jeunes_page-0001.jpg 1200w\" sizes=\"(max-width: 640px) 100vw, 400px\" \/><\/span><\/a><\/li><li class=\"image\"><a title=\"M\u00e9mo addicto jeunes_page-0002\" data-caption=\"Coordonn\u00e9es des acteurs\" data-title=\"M\u00e9mo addicto jeunes_page-0002\" aria-label=\"M\u00e9mo addicto jeunes_page-0002\" href=\"https:\/\/www.ch-orthez.fr\/wp-content\/uploads\/2022\/03\/Memo-addicto-jeunes_page-0001.jpg\" target=\"_self\"><span class=\"fusion-image-hover-element hover-type-none\"><img decoding=\"async\" src=\"https:\/\/www.ch-orthez.fr\/wp-content\/uploads\/2022\/03\/Memo-addicto-jeunes_page-0002-300x212.jpg\" alt=\"M\u00e9mo addiction \u00e0 destination des jeunes 2\" width=\"300\" height=\"212\" class=\"wp-image-1629\" srcset=\"https:\/\/www.ch-orthez.fr\/wp-content\/uploads\/2022\/03\/Memo-addicto-jeunes_page-0002-200x141.jpg 200w, https:\/\/www.ch-orthez.fr\/wp-content\/uploads\/2022\/03\/Memo-addicto-jeunes_page-0002-400x283.jpg 400w, https:\/\/www.ch-orthez.fr\/wp-content\/uploads\/2022\/03\/Memo-addicto-jeunes_page-0002-600x424.jpg 600w, https:\/\/www.ch-orthez.fr\/wp-content\/uploads\/2022\/03\/Memo-addicto-jeunes_page-0002-800x565.jpg 800w, https:\/\/www.ch-orthez.fr\/wp-content\/uploads\/2022\/03\/Memo-addicto-jeunes_page-0002.jpg 1200w\" sizes=\"(max-width: 640px) 100vw, 400px\" \/><\/span><\/a><\/li><\/ul><\/div><\/div><\/div><style type=\"text\/css\">.fusion-body .fusion-builder-column-4{width:33.333333333333% !important;margin-top : 0px;margin-bottom : 20px;}.fusion-builder-column-4 > .fusion-column-wrapper {padding-top : 0px !important;padding-right : 0px !important;margin-right : 5.76%;padding-bottom : 0px !important;padding-left : 0px !important;margin-left : 5.76%;}@media only screen and (max-width:1024px) {.fusion-body .fusion-builder-column-4{width:33.333333333333% !important;order : 0;}.fusion-builder-column-4 > .fusion-column-wrapper {margin-right : 5.76%;margin-left : 5.76%;}}@media only screen and (max-width:640px) {.fusion-body .fusion-builder-column-4{width:100% !important;order : 0;}.fusion-builder-column-4 > .fusion-column-wrapper {margin-right : 1.92%;margin-left : 1.92%;}}<\/style><\/div><div class=\"fusion-layout-column fusion_builder_column fusion-builder-column-5 fusion_builder_column_1_3 1_3 fusion-flex-column\"><div class=\"fusion-column-wrapper fusion-flex-justify-content-flex-start fusion-content-layout-column\" style=\"background-position:left top;background-repeat:no-repeat;-webkit-background-size:cover;-moz-background-size:cover;-o-background-size:cover;background-size:cover;padding: 0px 0px 0px 0px;\"><\/div><style type=\"text\/css\">.fusion-body .fusion-builder-column-5{width:33.333333333333% !important;margin-top : 0px;margin-bottom : 20px;}.fusion-builder-column-5 > .fusion-column-wrapper {padding-top : 0px !important;padding-right : 0px !important;margin-right : 5.76%;padding-bottom : 0px !important;padding-left : 0px !important;margin-left : 5.76%;}@media only screen and (max-width:1024px) {.fusion-body .fusion-builder-column-5{width:33.333333333333% !important;order : 0;}.fusion-builder-column-5 > .fusion-column-wrapper {margin-right : 5.76%;margin-left : 5.76%;}}@media only screen and (max-width:640px) {.fusion-body .fusion-builder-column-5{width:100% !important;order : 0;}.fusion-builder-column-5 > .fusion-column-wrapper {margin-right : 1.92%;margin-left : 1.92%;}}<\/style><\/div><\/div><style type=\"text\/css\">.fusion-body .fusion-flex-container.fusion-builder-row-3{ padding-top : 0px;margin-top : 0px;padding-right : 0px;padding-bottom : 0px;margin-bottom : 0px;padding-left : 0px;}<\/style><\/div><div class=\"fusion-fullwidth fullwidth-box fusion-builder-row-4 fusion-flex-container nonhundred-percent-fullwidth non-hundred-percent-height-scrolling\" style=\"background-color: rgba(255,255,255,0);background-position: center center;background-repeat: no-repeat;border-width: 0px 0px 0px 0px;border-color:#e2e2e2;border-style:solid;\" ><div class=\"fusion-builder-row fusion-row fusion-flex-align-items-flex-start\" style=\"max-width:1331.2px;margin-left: calc(-4% \/ 2 );margin-right: calc(-4% \/ 2 );\"><div class=\"fusion-layout-column fusion_builder_column fusion-builder-column-6 fusion_builder_column_1_1 1_1 fusion-flex-column\"><div class=\"fusion-column-wrapper fusion-flex-justify-content-flex-start fusion-content-layout-column\" style=\"background-position:left top;background-repeat:no-repeat;-webkit-background-size:cover;-moz-background-size:cover;-o-background-size:cover;background-size:cover;padding: 0px 0px 0px 0px;\"><div class=\"fusion-separator fusion-full-width-sep\" style=\"align-self: center;margin-left: auto;margin-right: auto;width:100%;\"><div class=\"fusion-separator-border sep-double\" style=\"border-color:#e2e2e2;border-top-width:1px;border-bottom-width:1px;\"><\/div><\/div><\/div><style type=\"text\/css\">.fusion-body .fusion-builder-column-6{width:100% !important;margin-top : 0px;margin-bottom : 20px;}.fusion-builder-column-6 > .fusion-column-wrapper {padding-top : 0px !important;padding-right : 0px !important;margin-right : 1.92%;padding-bottom : 0px !important;padding-left : 0px !important;margin-left : 1.92%;}@media only screen and (max-width:1024px) {.fusion-body .fusion-builder-column-6{width:100% !important;order : 0;}.fusion-builder-column-6 > .fusion-column-wrapper {margin-right : 1.92%;margin-left : 1.92%;}}@media only screen and (max-width:640px) {.fusion-body .fusion-builder-column-6{width:100% !important;order : 0;}.fusion-builder-column-6 > .fusion-column-wrapper {margin-right : 1.92%;margin-left : 1.92%;}}<\/style><\/div><\/div><style type=\"text\/css\">.fusion-body .fusion-flex-container.fusion-builder-row-4{ padding-top : 0px;margin-top : 0px;padding-right : 0px;padding-bottom : 0px;margin-bottom : 0px;padding-left : 0px;}<\/style><\/div><div class=\"fusion-fullwidth fullwidth-box fusion-builder-row-5 fusion-flex-container nonhundred-percent-fullwidth non-hundred-percent-height-scrolling\" style=\"background-color: rgba(255,255,255,0);background-position: center center;background-repeat: no-repeat;border-width: 0px 0px 0px 0px;border-color:#e2e2e2;border-style:solid;\" ><div class=\"fusion-builder-row fusion-row fusion-flex-align-items-flex-start\" style=\"max-width:1331.2px;margin-left: calc(-4% \/ 2 );margin-right: calc(-4% \/ 2 );\"><div class=\"fusion-layout-column fusion_builder_column fusion-builder-column-7 fusion_builder_column_1_1 1_1 fusion-flex-column\"><div class=\"fusion-column-wrapper fusion-flex-justify-content-flex-start fusion-content-layout-column\" style=\"background-position:left top;background-repeat:no-repeat;-webkit-background-size:cover;-moz-background-size:cover;-o-background-size:cover;background-size:cover;padding: 0px 0px 0px 0px;\"><div class=\"fusion-text fusion-text-3\"><h4 class=\"fusion-responsive-typography-calculated\" style=\"--fontsize: 24; line-height: 1.4;\" data-fontsize=\"24\" data-lineheight=\"33.6px\"><strong>Articles ou actions du Centre Hospitalier d&rsquo;Orthez sur cette th\u00e9matique :<\/strong><\/h4>\n<\/div><div class=\"fusion-blog-shortcode fusion-blog-shortcode-1 fusion-blog-archive fusion-blog-layout-large fusion-blog-no fusion-blog-no-images\"><div class=\"fusion-posts-container fusion-posts-container-no\" data-pages=\"0\"><article id=\"blog-1-post-2106\" class=\"fusion-post-large post-2106 post type-post status-publish format-standard has-post-thumbnail hentry category-addictions\">\n<div class=\"fusion-post-content post-content\"><h2 class=\"blog-shortcode-post-title entry-title\"><a href=\"https:\/\/www.ch-orthez.fr\/index.php\/2022\/06\/01\/prevention-des-addictions-a-la-cite-scolaire-de-gaston-febus\/\">Pr\u00e9vention des addictions \u00e0 la cit\u00e9 scolaire de Gaston F\u00e9bus<\/a><\/h2><div class=\"fusion-post-content-container\"><p> \u00a0 Lundi 30 et Mardi 31 mai 2022, 8 [...]<\/p><\/div><\/div><div class=\"fusion-clearfix\"><\/div><div class=\"fusion-meta-info\"><div class=\"fusion-alignleft\"><span class=\"vcard\" style=\"display: none;\"><span class=\"fn\"><a href=\"https:\/\/www.ch-orthez.fr\/index.php\/author\/valerie\/\" title=\"Articles par Bucau Val\u00e9rie\" rel=\"author\">Bucau Val\u00e9rie<\/a><\/span><\/span><span class=\"updated\" style=\"display:none;\">2022-07-27T12:28:38+02:00<\/span><span>1 juin 2022<\/span><span class=\"fusion-inline-sep\">|<\/span><\/div><div class=\"fusion-alignright\"><a class=\"fusion-read-more\" href=\"https:\/\/www.ch-orthez.fr\/index.php\/2022\/06\/01\/prevention-des-addictions-a-la-cite-scolaire-de-gaston-febus\/\" aria-label=\"More on Pr\u00e9vention des addictions \u00e0 la cit\u00e9 scolaire de Gaston F\u00e9bus\">Read More<\/a><\/div><\/div><\/article>\n<article id=\"blog-1-post-2164\" class=\"fusion-post-large post-2164 post type-post status-publish format-standard has-post-thumbnail hentry category-addictions category-projets-divers\">\n<div class=\"fusion-post-content post-content\"><h2 class=\"blog-shortcode-post-title entry-title\"><a href=\"https:\/\/www.ch-orthez.fr\/index.php\/2022\/06\/01\/les-ecrans-autrement-2022-orthez-releve-le-defi\/\">Les \u00e9crans autrement 2022 : Orthez rel\u00e8ve le d\u00e9fi !<\/a><\/h2><div class=\"fusion-post-content-container\"><p> Dans le cadre de la pr\u00e9vention contre la cyberd\u00e9pendance. [...]<\/p><\/div><\/div><div class=\"fusion-clearfix\"><\/div><div class=\"fusion-meta-info\"><div class=\"fusion-alignleft\"><span class=\"vcard\" style=\"display: none;\"><span class=\"fn\"><a href=\"https:\/\/www.ch-orthez.fr\/index.php\/author\/valerie\/\" title=\"Articles par Bucau Val\u00e9rie\" rel=\"author\">Bucau Val\u00e9rie<\/a><\/span><\/span><span class=\"updated\" style=\"display:none;\">2022-07-27T11:09:07+02:00<\/span><span>1 juin 2022<\/span><span class=\"fusion-inline-sep\">|<\/span><\/div><div class=\"fusion-alignright\"><a class=\"fusion-read-more\" href=\"https:\/\/www.ch-orthez.fr\/index.php\/2022\/06\/01\/les-ecrans-autrement-2022-orthez-releve-le-defi\/\" aria-label=\"More on Les \u00e9crans autrement 2022 : Orthez rel\u00e8ve le d\u00e9fi !\">Read More<\/a><\/div><\/div><\/article>\n<article id=\"blog-1-post-1631\" class=\"fusion-post-large post-1631 post type-post status-publish format-standard has-post-thumbnail hentry category-addictions\">\n<div class=\"fusion-post-content post-content\"><h2 class=\"blog-shortcode-post-title entry-title\"><a href=\"https:\/\/www.ch-orthez.fr\/index.php\/2022\/03\/10\/memo-addictions-a-destination-des-jeunes\/\">M\u00e9mo addictions \u00e0 destination des jeunes<\/a><\/h2><div class=\"fusion-post-content-container\"><p> Pour voir le fichier pdf, cliquez sur ce lien [...]<\/p><\/div><\/div><div class=\"fusion-clearfix\"><\/div><div class=\"fusion-meta-info\"><div class=\"fusion-alignleft\"><span class=\"vcard\" style=\"display: none;\"><span class=\"fn\"><a href=\"https:\/\/www.ch-orthez.fr\/index.php\/author\/phil\/\" title=\"Articles par phil64\" rel=\"author\">phil64<\/a><\/span><\/span><span class=\"updated\" style=\"display:none;\">2022-03-10T13:33:38+01:00<\/span><span>10 mars 2022<\/span><span class=\"fusion-inline-sep\">|<\/span><\/div><div class=\"fusion-alignright\"><a class=\"fusion-read-more\" href=\"https:\/\/www.ch-orthez.fr\/index.php\/2022\/03\/10\/memo-addictions-a-destination-des-jeunes\/\" aria-label=\"More on M\u00e9mo addictions \u00e0 destination des jeunes\">Read More<\/a><\/div><\/div><\/article>\n<\/div><\/div><\/div><style type=\"text\/css\">.fusion-body .fusion-builder-column-7{width:100% !important;margin-top : 0px;margin-bottom : 20px;}.fusion-builder-column-7 > .fusion-column-wrapper {padding-top : 0px !important;padding-right : 0px !important;margin-right : 1.92%;padding-bottom : 0px !important;padding-left : 0px !important;margin-left : 1.92%;}@media only screen and (max-width:1024px) {.fusion-body .fusion-builder-column-7{width:100% !important;order : 0;}.fusion-builder-column-7 > .fusion-column-wrapper {margin-right : 1.92%;margin-left : 1.92%;}}@media only screen and (max-width:640px) {.fusion-body .fusion-builder-column-7{width:100% !important;order : 0;}.fusion-builder-column-7 > .fusion-column-wrapper {margin-right : 1.92%;margin-left : 1.92%;}}<\/style><\/div><\/div><style type=\"text\/css\">.fusion-body .fusion-flex-container.fusion-builder-row-5{ padding-top : 0px;margin-top : 0px;padding-right : 0px;padding-bottom : 0px;margin-bottom : 0px;padding-left : 0px;}<\/style><\/div><\/p>\n","protected":false},"excerpt":{"rendered":"","protected":false},"author":1,"featured_media":0,"parent":0,"menu_order":0,"comment_status":"closed","ping_status":"closed","template":"","meta":{"footnotes":""},"_links":{"self":[{"href":"https:\/\/www.ch-orthez.fr\/index.php\/wp-json\/wp\/v2\/pages\/1469"}],"collection":[{"href":"https:\/\/www.ch-orthez.fr\/index.php\/wp-json\/wp\/v2\/pages"}],"about":[{"href":"https:\/\/www.ch-orthez.fr\/index.php\/wp-json\/wp\/v2\/types\/page"}],"author":[{"embeddable":true,"href":"https:\/\/www.ch-orthez.fr\/index.php\/wp-json\/wp\/v2\/users\/1"}],"replies":[{"embeddable":true,"href":"https:\/\/www.ch-orthez.fr\/index.php\/wp-json\/wp\/v2\/comments?post=1469"}],"version-history":[{"count":0,"href":"https:\/\/www.ch-orthez.fr\/index.php\/wp-json\/wp\/v2\/pages\/1469\/revisions"}],"wp:attachment":[{"href":"https:\/\/www.ch-orthez.fr\/index.php\/wp-json\/wp\/v2\/media?parent=1469"}],"curies":[{"name":"wp","href":"https:\/\/api.w.org\/{rel}","templated":true}]}}