{"id":1304,"date":"2022-02-01T15:06:17","date_gmt":"2022-02-01T14:06:17","guid":{"rendered":"http:\/\/www.ch-orthez.fr\/?page_id=1304"},"modified":"2022-02-08T12:43:25","modified_gmt":"2022-02-08T11:43:25","slug":"activites-transversales","status":"publish","type":"page","link":"https:\/\/www.ch-orthez.fr\/index.php\/activites-transversales\/","title":{"rendered":"Activit\u00e9s transversales"},"content":{"rendered":"<div class=\"fusion-fullwidth fullwidth-box fusion-builder-row-1 fusion-flex-container nonhundred-percent-fullwidth non-hundred-percent-height-scrolling\" style=\"background-color: rgba(255,255,255,0);background-position: center center;background-repeat: no-repeat;border-width: 0px 0px 0px 0px;border-color:#e2e2e2;border-style:solid;\" ><div class=\"fusion-builder-row fusion-row fusion-flex-align-items-flex-start\" style=\"max-width:1331.2px;margin-left: calc(-4% \/ 2 );margin-right: calc(-4% \/ 2 );\"><div class=\"fusion-layout-column fusion_builder_column fusion-builder-column-0 fusion_builder_column_1_1 1_1 fusion-flex-column\"><div class=\"fusion-column-wrapper fusion-flex-justify-content-flex-start fusion-content-layout-column\" style=\"background-position:left top;background-repeat:no-repeat;-webkit-background-size:cover;-moz-background-size:cover;-o-background-size:cover;background-size:cover;padding: 0px 0px 0px 0px;\">\t\t\t\t\t<div class=\"fusion-slider-container fusion-slider-sc-slider-soins-2 fusion-slider-34 full-width-slider\" data-id=\"34\" data-full_height=\"\" style=\"height:400px; max-width:100%;\">\n\t\t\t\t\t\t<style type=\"text\/css\">.fusion-slider-34 .flex-direction-nav a {width:20px;height:63px;line-height:63px;font-size:16px;}.fusion-slider-34 .flex-control-paging li a {background:rgba(101, 188, 123, 0.6);}.fusion-slider-34 .flex-control-paging li a.flex-active {background:rgba(101, 188, 123, 1);}<\/style>\t\t\t\t\t\t<div class=\"fusion-slider-loading\">Loading...<\/div>\n\t\t\t\t\t\t<div class=\"tfs-slider flexslider main-flex full-width-slider\" data-slider_width=\"100%\" data-slider_height=\"400px\" data-full_screen=\"0\" data-parallax=\"0\" data-slider_indicator=\"pagination_circles\" data-slider_indicator_color=\"#65bc7b\" data-nav_arrows=\"1\" data-nav_arrow_size=\"16px\" data-nav_box_width=\"20px\" data-nav_box_height=\"63px\" data-slideshow_speed=\"7000\" data-loop=\"1\" data-autoplay=\"1\" data-orderby=\"date\" data-order=\"DESC\" data-animation=\"slide\" data-animation_speed=\"1000\" data-typo_sensitivity=\"1\" data-typo_factor=\"1.5\" style=\"max-width:100%;\">\n\t\t\t\t\t\t\t<ul class=\"slides\">\n\t\t\t\t\t\t\t\t\t\t\t\t\t\t\t\t\t<li data-mute=\"yes\" data-loop=\"yes\" data-autoplay=\"yes\">\n\t\t\t\t\t\t\t\t\t\t<div class=\"slide-content-container slide-content-left\" style=\"display: none;\">\n\t\t\t\t\t\t\t\t\t\t\t<div class=\"slide-content\" style=\"\">\n\t\t\t\t\t\t\t\t\t\t\t\t\t\t\t\t\t\t\t\t\t\t\t\t\t<div class=\"heading with-bg\">\n\t\t\t\t\t\t\t\t\t\t\t\t\t\t<div class=\"fusion-title-sc-wrapper\" style=\"background-color:rgba(0,0,0,0.4)\">\n\t\t\t\t\t\t\t\t\t\t\t\t\t\t\t<style type=\"text\/css\">@media only screen and (max-width:1024px) {.fusion-title.fusion-title-1{margin-top:0px!important; margin-right:0px!important;margin-bottom:0px!important;margin-left:0px!important;}}@media only screen and (max-width:640px) {.fusion-title.fusion-title-1{margin-top:10px!important; margin-right:0px!important;margin-bottom:10px!important; margin-left:0px!important;}}<\/style><div class=\"fusion-title title fusion-title-1 fusion-sep-none fusion-title-text fusion-title-size-one\" style=\"font-size:30px;margin-top:0px;margin-right:0px;margin-bottom:0px;margin-left:0px;\"><h1 class=\"title-heading-left fusion-responsive-typography-calculated\" style=\"margin:0;font-size:1em;color:#ffffff;--fontSize:30;line-height:1.2;\">Les di\u00e9t\u00e9ticiennes<\/h1><\/div>\t\t\t\t\t\t\t\t\t\t\t\t\t\t<\/div>\n\t\t\t\t\t\t\t\t\t\t\t\t\t<\/div>\n\t\t\t\t\t\t\t\t\t\t\t\t\t\t\t\t\t\t\t\t\t\t\t\t\t\t\t\t\t\t\t\t\t\t\t\t\t\t\t\t\t\t\t\t\t\t\t<\/div>\n\t\t\t\t\t\t\t\t\t\t<\/div>\n\t\t\t\t\t\t\t\t\t\t\t\t\t\t\t\t\t\t\t\t\t\t\t\t\t\t\t\t\t\t\t\t\t\t\t\t\t\t\t\t<div class=\"background background-image\" style=\"background-image: url(https:\/\/www.ch-orthez.fr\/wp-content\/uploads\/2022\/03\/dieteticiennes.jpg);max-width:100%;height:400px;filter: progid:DXImageTransform.Microsoft.AlphaImageLoader(src='https:\/\/www.ch-orthez.fr\/wp-content\/uploads\/2022\/03\/dieteticiennes.jpg', sizingMethod='scale');\" data-imgwidth=\"1280\">\n\t\t\t\t\t\t\t\t\t\t\t\t\t\t\t\t\t\t\t\t\t\t\t\t\t\t\t\t\t\t\t\t\t\t\t\t\t\t\t\t\t\t\t\t\t\t\t\t\t\t\t\t\t\t\t\t\t\t\t\t\t\t\t\t\t\t<\/div>\n\t\t\t\t\t\t\t\t\t<\/li>\n\t\t\t\t\t\t\t\t\t\t\t\t\t\t\t\t\t<li data-mute=\"yes\" data-loop=\"yes\" data-autoplay=\"yes\">\n\t\t\t\t\t\t\t\t\t\t<div class=\"slide-content-container slide-content-left\" style=\"display: none;\">\n\t\t\t\t\t\t\t\t\t\t\t<div class=\"slide-content\" style=\"\">\n\t\t\t\t\t\t\t\t\t\t\t\t\t\t\t\t\t\t\t\t\t\t\t\t\t<div class=\"heading with-bg\">\n\t\t\t\t\t\t\t\t\t\t\t\t\t\t<div class=\"fusion-title-sc-wrapper\" style=\"background-color:rgba(0,0,0,0.4)\">\n\t\t\t\t\t\t\t\t\t\t\t\t\t\t\t<style type=\"text\/css\">@media only screen and (max-width:1024px) {.fusion-title.fusion-title-2{margin-top:0px!important; margin-right:0px!important;margin-bottom:0px!important;margin-left:0px!important;}}@media only screen and (max-width:640px) {.fusion-title.fusion-title-2{margin-top:10px!important; margin-right:0px!important;margin-bottom:10px!important; margin-left:0px!important;}}<\/style><div class=\"fusion-title title fusion-title-2 fusion-sep-none fusion-title-text fusion-title-size-one\" style=\"font-size:30px;margin-top:0px;margin-right:0px;margin-bottom:0px;margin-left:0px;\"><h1 class=\"title-heading-left fusion-responsive-typography-calculated\" style=\"margin:0;font-size:1em;color:#ffffff;--fontSize:30;line-height:1.2;\">Les neuropsychologues<\/h1><\/div>\t\t\t\t\t\t\t\t\t\t\t\t\t\t<\/div>\n\t\t\t\t\t\t\t\t\t\t\t\t\t<\/div>\n\t\t\t\t\t\t\t\t\t\t\t\t\t\t\t\t\t\t\t\t\t\t\t\t\t\t\t\t\t\t\t\t\t\t\t\t\t\t\t\t\t\t\t\t\t\t\t<\/div>\n\t\t\t\t\t\t\t\t\t\t<\/div>\n\t\t\t\t\t\t\t\t\t\t\t\t\t\t\t\t\t\t\t\t\t\t\t\t\t\t\t\t\t\t\t\t\t\t\t\t\t\t\t\t<div class=\"background background-image\" style=\"background-image: url(https:\/\/www.ch-orthez.fr\/wp-content\/uploads\/2022\/02\/neuro-psy.jpg);max-width:100%;height:400px;filter: progid:DXImageTransform.Microsoft.AlphaImageLoader(src='https:\/\/www.ch-orthez.fr\/wp-content\/uploads\/2022\/02\/neuro-psy.jpg', sizingMethod='scale');\" data-imgwidth=\"1280\">\n\t\t\t\t\t\t\t\t\t\t\t\t\t\t\t\t\t\t\t\t\t\t\t\t\t\t\t\t\t\t\t\t\t\t\t\t\t\t\t\t\t\t\t\t\t\t\t\t\t\t\t\t\t\t\t\t\t\t\t\t\t\t\t\t\t\t<\/div>\n\t\t\t\t\t\t\t\t\t<\/li>\n\t\t\t\t\t\t\t\t\t\t\t\t\t\t\t\t\t<li data-mute=\"yes\" data-loop=\"yes\" data-autoplay=\"yes\">\n\t\t\t\t\t\t\t\t\t\t<div class=\"slide-content-container slide-content-left\" style=\"display: none;\">\n\t\t\t\t\t\t\t\t\t\t\t<div class=\"slide-content\" style=\"\">\n\t\t\t\t\t\t\t\t\t\t\t\t\t\t\t\t\t\t\t\t\t\t\t\t\t<div class=\"heading with-bg\">\n\t\t\t\t\t\t\t\t\t\t\t\t\t\t<div class=\"fusion-title-sc-wrapper\" style=\"background-color:rgba(0,0,0,0.4)\">\n\t\t\t\t\t\t\t\t\t\t\t\t\t\t\t<style type=\"text\/css\">@media only screen and (max-width:1024px) {.fusion-title.fusion-title-3{margin-top:0px!important; margin-right:0px!important;margin-bottom:0px!important;margin-left:0px!important;}}@media only screen and (max-width:640px) {.fusion-title.fusion-title-3{margin-top:10px!important; margin-right:0px!important;margin-bottom:10px!important; margin-left:0px!important;}}<\/style><div class=\"fusion-title title fusion-title-3 fusion-sep-none fusion-title-text fusion-title-size-one\" style=\"font-size:30px;margin-top:0px;margin-right:0px;margin-bottom:0px;margin-left:0px;\"><h1 class=\"title-heading-left fusion-responsive-typography-calculated\" style=\"margin:0;font-size:1em;color:#ffffff;--fontSize:30;line-height:1.2;\">L\u2019\u00e9quipe du service social<\/h1><\/div>\t\t\t\t\t\t\t\t\t\t\t\t\t\t<\/div>\n\t\t\t\t\t\t\t\t\t\t\t\t\t<\/div>\n\t\t\t\t\t\t\t\t\t\t\t\t\t\t\t\t\t\t\t\t\t\t\t\t\t\t\t\t\t\t\t\t\t\t\t\t\t<div class=\"caption with-bg\">\n\t\t\t\t\t\t\t\t\t\t\t\t\t\t<div class=\"fusion-title-sc-wrapper\" style=\"background-color:rgba(239,239,239,0.4)\">\n\t\t\t\t\t\t\t\t\t\t\t\t\t\t\t<style type=\"text\/css\">@media only screen and (max-width:1024px) {.fusion-title.fusion-title-4{margin-top:0px!important; margin-right:0px!important;margin-bottom:0px!important;margin-left:0px!important;}}@media only screen and (max-width:640px) {.fusion-title.fusion-title-4{margin-top:10px!important; margin-right:0px!important;margin-bottom:10px!important; margin-left:0px!important;}}<\/style><div class=\"fusion-title title fusion-title-4 fusion-sep-none fusion-title-text fusion-title-size-two\" style=\"font-size:20px;margin-top:0px;margin-right:0px;margin-bottom:0px;margin-left:0px;\"><h2 class=\"title-heading-left fusion-responsive-typography-calculated\" style=\"margin:0;font-size:1em;color:#000000;--fontSize:20;--minFontSize:20px;line-height:1.2;\">De gauche \u00e0 droite : Cindy LENARDUZZI, Sandrine RIGON et Diane DUBALEN<\/h2><\/div>\t\t\t\t\t\t\t\t\t\t\t\t\t\t<\/div>\n\t\t\t\t\t\t\t\t\t\t\t\t\t<\/div>\n\t\t\t\t\t\t\t\t\t\t\t\t\t\t\t\t\t\t\t\t\t\t\t\t\t\t\t\t\t\t\t\t\t\t\t<\/div>\n\t\t\t\t\t\t\t\t\t\t<\/div>\n\t\t\t\t\t\t\t\t\t\t\t\t\t\t\t\t\t\t\t\t\t\t\t\t\t\t\t\t\t\t\t\t\t\t\t\t\t\t\t\t<div class=\"background background-image\" style=\"background-image: url(https:\/\/www.ch-orthez.fr\/wp-content\/uploads\/2022\/02\/SERVICE-SOCIAL.jpeg);max-width:100%;height:400px;filter: progid:DXImageTransform.Microsoft.AlphaImageLoader(src='https:\/\/www.ch-orthez.fr\/wp-content\/uploads\/2022\/02\/SERVICE-SOCIAL.jpeg', sizingMethod='scale');\" data-imgwidth=\"1200\">\n\t\t\t\t\t\t\t\t\t\t\t\t\t\t\t\t\t\t\t\t\t\t\t\t\t\t\t\t\t\t\t\t\t\t\t\t\t\t\t\t\t\t\t\t\t\t\t\t\t\t\t\t\t\t\t\t\t\t\t\t\t\t\t\t\t\t<\/div>\n\t\t\t\t\t\t\t\t\t<\/li>\n\t\t\t\t\t\t\t\t\t\t\t\t\t\t\t\t\t\t\t\t\t\t\t<\/ul>\n\t\t\t\t\t\t<\/div>\n\t\t\t\t\t<\/div>\n\t\t\t\t\t\t\t\t<div class=\"fusion-separator fusion-full-width-sep\" style=\"align-self: center;margin-left: auto;margin-right: auto;margin-top:20px;margin-bottom:20px;width:100%;\"><\/div><style>#sp-ea-1322 .spcollapsing { height: 0; overflow: hidden; transition-property: height;transition-duration: 300ms;}#sp-ea-1322.sp-easy-accordion>.sp-ea-single {margin-bottom: 10px; border: 1px solid #e2e2e2; }#sp-ea-1322.sp-easy-accordion>.sp-ea-single>.ea-header a {color: #444;}#sp-ea-1322.sp-easy-accordion>.sp-ea-single>.sp-collapse>.ea-body {background: #fff; color: #444;}#sp-ea-1322.sp-easy-accordion>.sp-ea-single {background: #bae6d7;}#sp-ea-1322.sp-easy-accordion>.sp-ea-single>.ea-header a .ea-expand-icon { float: left; color: #444;font-size: 16px;}<\/style><div id=\"sp_easy_accordion-1696844116\"><div id=\"sp-ea-1322\" class=\"sp-ea-one sp-easy-accordion\" data-ea-active=\"ea-click\" data-ea-mode=\"vertical\" data-preloader=\"\" data-scroll-active-item=\"\" data-offset-to-scroll=\"0\"><div class=\"ea-card sp-ea-single\"><h3 class=\"ea-header\"><a class=\"collapsed\" id=\"ea-header-13220\" role=\"button\" data-sptoggle=\"spcollapse\" data-sptarget=\"#collapse13220\" aria-controls=\"collapse13220\" href=\"#\" aria-expanded=\"false\" tabindex=\"0\"><i aria-hidden=\"true\" role=\"presentation\" class=\"ea-expand-icon eap-icon-ea-expand-plus\"><\/i> Service social<\/a><\/h3><div class=\"sp-collapse spcollapse spcollapse\" id=\"collapse13220\" data-parent=\"#sp-ea-1322\" role=\"region\" aria-labelledby=\"ea-header-13220\"> <div class=\"ea-body\"><p><img class=\"size-large wp-image-1468 aligncenter\" src=\"http:\/\/www.ch-orthez.fr\/wp-content\/uploads\/2022\/02\/assistantes-sociales-1024x685.png\" alt=\"organigramme assistantes sociales\" width=\"1024\" height=\"685\" \/><\/p><p><img class=\"size-large wp-image-1468 aligncenter\" \/><\/p><\/div><\/div><\/div><div class=\"ea-card sp-ea-single\"><h3 class=\"ea-header\"><a class=\"collapsed\" id=\"ea-header-13221\" role=\"button\" data-sptoggle=\"spcollapse\" data-sptarget=\"#collapse13221\" aria-controls=\"collapse13221\" href=\"#\" aria-expanded=\"false\" tabindex=\"0\"><i aria-hidden=\"true\" role=\"presentation\" class=\"ea-expand-icon eap-icon-ea-expand-plus\"><\/i> Pharmacie<\/a><\/h3><div class=\"sp-collapse spcollapse spcollapse\" id=\"collapse13221\" data-parent=\"#sp-ea-1322\" role=\"region\" aria-labelledby=\"ea-header-13221\"> <div class=\"ea-body\"><p><strong><u>La pharmacie \u00e0 usage int\u00e9rieur (PUI) du P\u00f4le de Sant\u00e9 d\u2019Orthez<\/u><\/strong> assure\u00a0:<\/p><ul><li><strong>l\u2019approvisionnement et la dispensation<\/strong> des m\u00e9dicaments, des dispositifs m\u00e9dicaux st\u00e9riles, des dispositifs m\u00e9dicaux implantables, des pansements et des gaz m\u00e9dicaux aux unit\u00e9s de soins du Centre Hospitalier d\u2019Orthez et du Groupement de Coop\u00e9ration Sanitaire Orth\u00e9zien de Chirurgie.<\/li><\/ul><div class=\"wp-block-image\"><img class=\"alignnone size-medium wp-image-2752\" src=\"https:\/\/www.ch-orthez.fr\/wp-content\/uploads\/2023\/10\/1-et-2-300x239.jpg\" alt=\"\" width=\"300\" height=\"239\" \/><\/div><ul><li><strong>la vente de certains m\u00e9dicaments \u00e0 des patients non hospitalis\u00e9s<\/strong> (liste limitative) = R\u00e9trocessions. La r\u00e9trocession consiste en la d\u00e9livrance par la pharmacie hospitali\u00e8re, aux patients ext\u00e9rieurs (non hospitalis\u00e9s) de <u>certains m\u00e9dicaments<\/u> qui ne sont pas disponibles en pharmacie d\u2019officine ou qui sont disponibles en double circuit. Il vous sera demand\u00e9 d\u2019appeler la pharmacie quelques jours avant votre venue pour v\u00e9rifier que votre traitement est disponible ou peut \u00eatre command\u00e9.<\/li><\/ul><p><strong>Avant de vous pr\u00e9senter en r\u00e9trocessions<em> uniquement lors de votre premi\u00e8re venue et\/ou \u00e0 chaque d\u00e9but d\u2019ann\u00e9e civile<\/em><\/strong>,<strong> vous devez\u00a0:<\/strong><\/p><ul><li>passer par le bureau des admissions pour faire cr\u00e9er votre dossier de R\u00e9trocessions,<\/li><li>\u00eatre muni de la carte vitale, l\u2019attestation de mutuelle, la carte d\u2019identit\u00e9 du destinataire du m\u00e9dicament (nom correspondant \u00e0 celui de l\u2019ordonnance),<\/li><li>\u00eatre muni d\u2019une ordonnance en cours de validit\u00e9 originale : Les m\u00e9dicaments seront dispens\u00e9s pour une p\u00e9riode maximale de 4 semaines.<\/li><\/ul><p><strong>Situation g\u00e9ographique :<\/strong><\/p><p>L\u2019accueil des patients en r\u00e9trocession se fait \u00e0 la Pharmacie, au rez-de-chauss\u00e9e du b\u00e2timent situ\u00e9 de l\u2019autre c\u00f4t\u00e9 de la passerelle par rapport au service des urgences.<\/p><p><strong>Horaires d\u2019ouverture\u00a0:<\/strong><\/p><p><strong>Accueil du lundi au vendredi de 8h30 \u00e0 12h30 et de 13h30 \u00e0 16h30.<br \/><\/strong>La r\u00e9trocession est ferm\u00e9e le week-end et les jours f\u00e9ri\u00e9s<\/p><p><strong>T\u00e9l\u00e9phone :<\/strong><\/p><p>05 59 69 71 99 \u2013 Choix num\u00e9ro 3<\/p><div class=\"wp-block-image\"><img class=\"alignnone size-medium wp-image-2753\" src=\"https:\/\/www.ch-orthez.fr\/wp-content\/uploads\/2023\/10\/3-et-4-300x239.jpg\" alt=\"\" width=\"300\" height=\"239\" \/><\/div><ul><li><strong>la st\u00e9rilisation du mat\u00e9riel chirurgical<\/strong> pour les blocs op\u00e9ratoires et les unit\u00e9s de soins.<\/li><\/ul><p>La st\u00e9rilisation occupe une place importante dans la<strong> lutte contre les infections nosocomiales.<\/strong> Ce service permet de prendre en charge l\u2019ensemble du mat\u00e9riel rest\u00e9rilisable utilis\u00e9 dans les blocs op\u00e9ratoires et dans les unit\u00e9s de soins<strong>. <\/strong>Il est pr\u00e9alablement pr\u00e9-d\u00e9sinfect\u00e9 dans les services. Le traitement en st\u00e9rilisation consiste \u00e0 laver, recomposer et contr\u00f4ler le mat\u00e9riel des plateaux op\u00e9ratoires et des sets des unit\u00e9s de soins, puis de les st\u00e9riliser \u00e0 l\u2019autoclave (cocotte-minute vapeur) \u00e0 134\u00b0 pendant 18mn pour les rendre st\u00e9riles et les remettre \u00e0 disposition des utilisateurs.<\/p><p>L\u2019activit\u00e9 de St\u00e9rilisation fait l\u2019objet d\u2019un syst\u00e8me d\u2019assurance qualit\u00e9 avec une tra\u00e7abilit\u00e9 de l\u2019ensemble du circuit.<\/p><div class=\"wp-block-image\"><img class=\"alignnone size-medium wp-image-2754\" src=\"https:\/\/www.ch-orthez.fr\/wp-content\/uploads\/2023\/10\/PHOTO-5-CONDITIONNEMENT-300x225.jpg\" alt=\"\" width=\"300\" height=\"225\" \/><\/div><p><strong><u>L\u2019\u00e9quipe de la pharmacie<\/u>\u00a0<\/strong>est compos\u00e9e de :<\/p><p>Dr Mylaine CORJON, pharmacien g\u00e9rant<\/p><p>Dr Delphine DENIS, pharmacien responsable m\u00e9dical du p\u00f4le<\/p><p>Dr Alain GAUBERT, pharmacien responsable de la St\u00e9rilisation<\/p><p>1 cadre de sant\u00e9\u00a0: Sandrine LUBET<\/p><p>7 pr\u00e9parateurs en pharmacie<\/p><p>2 magasiniers<\/p><p>1 agent administratif<\/p><\/div><\/div><\/div><div class=\"ea-card sp-ea-single\"><h3 class=\"ea-header\"><a class=\"collapsed\" id=\"ea-header-13222\" role=\"button\" data-sptoggle=\"spcollapse\" data-sptarget=\"#collapse13222\" aria-controls=\"collapse13222\" href=\"#\" aria-expanded=\"false\" tabindex=\"0\"><i aria-hidden=\"true\" role=\"presentation\" class=\"ea-expand-icon eap-icon-ea-expand-plus\"><\/i> Psychologues<\/a><\/h3><div class=\"sp-collapse spcollapse spcollapse\" id=\"collapse13222\" data-parent=\"#sp-ea-1322\" role=\"region\" aria-labelledby=\"ea-header-13222\"> <div class=\"ea-body\">No Content<\/div><\/div><\/div><div class=\"ea-card sp-ea-single\"><h3 class=\"ea-header\"><a class=\"collapsed\" id=\"ea-header-13223\" role=\"button\" data-sptoggle=\"spcollapse\" data-sptarget=\"#collapse13223\" aria-controls=\"collapse13223\" href=\"#\" aria-expanded=\"false\" tabindex=\"0\"><i aria-hidden=\"true\" role=\"presentation\" class=\"ea-expand-icon eap-icon-ea-expand-plus\"><\/i> Neuropsychologues<\/a><\/h3><div class=\"sp-collapse spcollapse spcollapse\" id=\"collapse13223\" data-parent=\"#sp-ea-1322\" role=\"region\" aria-labelledby=\"ea-header-13223\"> <div class=\"ea-body\">No Content<\/div><\/div><\/div><div class=\"ea-card sp-ea-single\"><h3 class=\"ea-header\"><a class=\"collapsed\" id=\"ea-header-13224\" role=\"button\" data-sptoggle=\"spcollapse\" data-sptarget=\"#collapse13224\" aria-controls=\"collapse13224\" href=\"#\" aria-expanded=\"false\" tabindex=\"0\"><i aria-hidden=\"true\" role=\"presentation\" class=\"ea-expand-icon eap-icon-ea-expand-plus\"><\/i> Ergoth\u00e9rapeutes<\/a><\/h3><div class=\"sp-collapse spcollapse spcollapse\" id=\"collapse13224\" data-parent=\"#sp-ea-1322\" role=\"region\" aria-labelledby=\"ea-header-13224\"> <div class=\"ea-body\"><p><img id=\"longdesc-return-1554\" class=\"size-large wp-image-1554 aligncenter\" src=\"http:\/\/www.ch-orthez.fr\/wp-content\/uploads\/2022\/02\/ergotherapie1-724x1024.png\" alt=\"L'\u00e9quipe d'ergoth\u00e9rapie\" width=\"724\" height=\"1024\" longdesc=\"http:\/\/www.ch-orthez.fr?longdesc=1554&amp;referrer=0\" \/><\/p><p><img id=\"longdesc-return-1555\" class=\"size-large wp-image-1555 aligncenter\" src=\"http:\/\/www.ch-orthez.fr\/wp-content\/uploads\/2022\/02\/ergotherapie2-724x1024.png\" alt=\"Ce qu'est l'ergoth\u00e9rapie\" width=\"724\" height=\"1024\" longdesc=\"http:\/\/www.ch-orthez.fr?longdesc=1555&amp;referrer=0\" \/><\/p><\/div><\/div><\/div><div class=\"ea-card sp-ea-single\"><h3 class=\"ea-header\"><a class=\"collapsed\" id=\"ea-header-13225\" role=\"button\" data-sptoggle=\"spcollapse\" data-sptarget=\"#collapse13225\" aria-controls=\"collapse13225\" href=\"#\" aria-expanded=\"false\" tabindex=\"0\"><i aria-hidden=\"true\" role=\"presentation\" class=\"ea-expand-icon eap-icon-ea-expand-plus\"><\/i> Kin\u00e9sith\u00e9rapeutes<\/a><\/h3><div class=\"sp-collapse spcollapse spcollapse\" id=\"collapse13225\" data-parent=\"#sp-ea-1322\" role=\"region\" aria-labelledby=\"ea-header-13225\"> <div class=\"ea-body\"><p><img class=\"aligncenter wp-image-1337 size-full\" title=\"Image d'information concernant les kin\u00e9sith\u00e9rapeutes\" src=\"http:\/\/www.ch-orthez.fr\/wp-content\/uploads\/2022\/02\/infokine1.jpg\" alt=\"Image d'information concernant les kin\u00e9sith\u00e9rapeutes\" width=\"788\" height=\"1295\" \/><\/p><\/div><\/div><\/div><div class=\"ea-card sp-ea-single\"><h3 class=\"ea-header\"><a class=\"collapsed\" id=\"ea-header-13226\" role=\"button\" data-sptoggle=\"spcollapse\" data-sptarget=\"#collapse13226\" aria-controls=\"collapse13226\" href=\"#\" aria-expanded=\"false\" tabindex=\"0\"><i aria-hidden=\"true\" role=\"presentation\" class=\"ea-expand-icon eap-icon-ea-expand-plus\"><\/i> Di\u00e9t\u00e9ticiennes<\/a><\/h3><div class=\"sp-collapse spcollapse spcollapse\" id=\"collapse13226\" data-parent=\"#sp-ea-1322\" role=\"region\" aria-labelledby=\"ea-header-13226\"> <div class=\"ea-body\"><p><img id=\"longdesc-return-1641\" class=\"aligncenter size-full wp-image-1641\" src=\"http:\/\/www.ch-orthez.fr\/wp-content\/uploads\/2022\/03\/dieteticienne-Flyer.png\" alt=\"la di\u00e9t\u00e9tique\" width=\"1200\" height=\"1697\" longdesc=\"http:\/\/www.ch-orthez.fr?longdesc=1641&amp;referrer=0\" \/><\/p><p><a href=\"http:\/\/www.ch-orthez.fr\/wp-content\/uploads\/2022\/03\/dieteticienne-Flyer.pdf\" target=\"_blank\" rel=\"noopener\">Pour t\u00e9l\u00e9charger le fichier pdf, cliquez ici.<\/a><\/p><\/div><\/div><\/div><div class=\"ea-card sp-ea-single\"><h3 class=\"ea-header\"><a class=\"collapsed\" id=\"ea-header-13227\" role=\"button\" data-sptoggle=\"spcollapse\" data-sptarget=\"#collapse13227\" aria-controls=\"collapse13227\" href=\"#\" aria-expanded=\"false\" tabindex=\"0\"><i aria-hidden=\"true\" role=\"presentation\" class=\"ea-expand-icon eap-icon-ea-expand-plus\"><\/i> Reposoir<\/a><\/h3><div class=\"sp-collapse spcollapse spcollapse\" id=\"collapse13227\" data-parent=\"#sp-ea-1322\" role=\"region\" aria-labelledby=\"ea-header-13227\"> <div class=\"ea-body\"><p>Le reposoir est le lieu o\u00f9 peuvent \u00eatre accueillis les corps des d\u00e9funts. Il est situ\u00e9 au sous-sol du b\u00e2timent V80 et peut accueillir 4 personnes.<\/p><p>Les familles peuvent y acc\u00e9der accompagn\u00e9es de 9h \u00e0 17hpar une brancardi\u00e8re et 1 AS du service o\u00f9 \u00e9tait hospitalis\u00e9e la personne.<\/p><\/div><\/div><\/div><\/div><\/div><\/div><style type=\"text\/css\">.fusion-body .fusion-builder-column-0{width:100% !important;margin-top : 0px;margin-bottom : 20px;}.fusion-builder-column-0 > .fusion-column-wrapper {padding-top : 0px !important;padding-right : 0px !important;margin-right : 1.92%;padding-bottom : 0px !important;padding-left : 0px !important;margin-left : 1.92%;}@media only screen and (max-width:1024px) {.fusion-body .fusion-builder-column-0{width:100% !important;order : 0;}.fusion-builder-column-0 > .fusion-column-wrapper {margin-right : 1.92%;margin-left : 1.92%;}}@media only screen and (max-width:640px) {.fusion-body .fusion-builder-column-0{width:100% !important;order : 0;}.fusion-builder-column-0 > .fusion-column-wrapper {margin-right : 1.92%;margin-left : 1.92%;}}<\/style><\/div><\/div><style type=\"text\/css\">.fusion-body .fusion-flex-container.fusion-builder-row-1{ padding-top : 0px;margin-top : 0px;padding-right : 0px;padding-bottom : 0px;margin-bottom : 0px;padding-left : 0px;}<\/style><\/div>\n","protected":false},"excerpt":{"rendered":"","protected":false},"author":1,"featured_media":0,"parent":0,"menu_order":0,"comment_status":"closed","ping_status":"closed","template":"","meta":{"footnotes":""},"_links":{"self":[{"href":"https:\/\/www.ch-orthez.fr\/index.php\/wp-json\/wp\/v2\/pages\/1304"}],"collection":[{"href":"https:\/\/www.ch-orthez.fr\/index.php\/wp-json\/wp\/v2\/pages"}],"about":[{"href":"https:\/\/www.ch-orthez.fr\/index.php\/wp-json\/wp\/v2\/types\/page"}],"author":[{"embeddable":true,"href":"https:\/\/www.ch-orthez.fr\/index.php\/wp-json\/wp\/v2\/users\/1"}],"replies":[{"embeddable":true,"href":"https:\/\/www.ch-orthez.fr\/index.php\/wp-json\/wp\/v2\/comments?post=1304"}],"version-history":[{"count":0,"href":"https:\/\/www.ch-orthez.fr\/index.php\/wp-json\/wp\/v2\/pages\/1304\/revisions"}],"wp:attachment":[{"href":"https:\/\/www.ch-orthez.fr\/index.php\/wp-json\/wp\/v2\/media?parent=1304"}],"curies":[{"name":"wp","href":"https:\/\/api.w.org\/{rel}","templated":true}]}}