{"id":1188,"date":"2022-01-29T11:16:07","date_gmt":"2022-01-29T10:16:07","guid":{"rendered":"http:\/\/www.ch-orthez.fr\/?page_id=1188"},"modified":"2023-03-13T10:15:26","modified_gmt":"2023-03-13T09:15:26","slug":"pass-permanence-dacces-aux-soins-de-sante","status":"publish","type":"page","link":"https:\/\/www.ch-orthez.fr\/index.php\/pass-permanence-dacces-aux-soins-de-sante\/","title":{"rendered":"PASS (Permanence d\u2019Acc\u00e8s aux Soins de Sant\u00e9)"},"content":{"rendered":"<div class=\"fusion-fullwidth fullwidth-box fusion-builder-row-1 fusion-flex-container nonhundred-percent-fullwidth non-hundred-percent-height-scrolling\" style=\"background-color: rgba(255,255,255,0);background-position: center center;background-repeat: no-repeat;border-width: 0px 0px 0px 0px;border-color:#e2e2e2;border-style:solid;\" ><div class=\"fusion-builder-row fusion-row fusion-flex-align-items-flex-start\" style=\"max-width:1331.2px;margin-left: calc(-4% \/ 2 );margin-right: calc(-4% \/ 2 );\"><div class=\"fusion-layout-column fusion_builder_column fusion-builder-column-0 fusion_builder_column_1_1 1_1 fusion-flex-column\"><div class=\"fusion-column-wrapper fusion-flex-justify-content-flex-start fusion-content-layout-column\" style=\"background-position:left top;background-repeat:no-repeat;-webkit-background-size:cover;-moz-background-size:cover;-o-background-size:cover;background-size:cover;padding: 0px 0px 0px 0px;\"><div class=\"fusion-text fusion-text-1\"><p><img decoding=\"async\" id=\"longdesc-return-2610\" class=\"size-full wp-image-2610\" tabindex=\"-1\" src=\"https:\/\/www.ch-orthez.fr\/wp-content\/uploads\/2022\/01\/PASS.jpg\" alt=\"PASS\" width=\"1280\" height=\"400\" longdesc=\"https:\/\/www.ch-orthez.fr?longdesc=2610&amp;referrer=1188\" srcset=\"https:\/\/www.ch-orthez.fr\/wp-content\/uploads\/2022\/01\/PASS-200x63.jpg 200w, https:\/\/www.ch-orthez.fr\/wp-content\/uploads\/2022\/01\/PASS-300x94.jpg 300w, https:\/\/www.ch-orthez.fr\/wp-content\/uploads\/2022\/01\/PASS-400x125.jpg 400w, https:\/\/www.ch-orthez.fr\/wp-content\/uploads\/2022\/01\/PASS-600x188.jpg 600w, https:\/\/www.ch-orthez.fr\/wp-content\/uploads\/2022\/01\/PASS-768x240.jpg 768w, https:\/\/www.ch-orthez.fr\/wp-content\/uploads\/2022\/01\/PASS-800x250.jpg 800w, https:\/\/www.ch-orthez.fr\/wp-content\/uploads\/2022\/01\/PASS-1024x320.jpg 1024w, https:\/\/www.ch-orthez.fr\/wp-content\/uploads\/2022\/01\/PASS-1200x375.jpg 1200w, https:\/\/www.ch-orthez.fr\/wp-content\/uploads\/2022\/01\/PASS.jpg 1280w\" sizes=\"(max-width: 1280px) 100vw, 1280px\" \/><\/p>\n<\/div><div class=\"fusion-text fusion-text-2 fusion-text-no-margin\" style=\"margin-top:10px;margin-bottom:10px;\"><p>Les <strong>Permanences d&rsquo;Acc\u00e8s aux Soins de Sant\u00e9<\/strong> (PASS) ont \u00e9t\u00e9 cr\u00e9\u00e9es en 1998 dans les \u00e9tablissements de sant\u00e9 pour permettre aux personnes en situation de pr\u00e9carit\u00e9 d&rsquo;avoir un acc\u00e8s facilit\u00e9 \u00e0 des droits et \u00e0 la sant\u00e9.<br \/>\nLes principaux objectifs de ces dispositifs sont les suivants :<\/p>\n<ul>\n<li>&#8211; accompagner les personnes en situation de rupture de droits et de soins ;<\/li>\n<li>&#8211; r\u00e9duire les in\u00e9galit\u00e9s d&rsquo;acc\u00e8s \u00e0 la sant\u00e9 et les renoncements aux soins ;<\/li>\n<li>&#8211; permettre un retour de ces personnes vers le droit commun.<\/li>\n<\/ul>\n<p>Depuis 2016, la PASS du Centre Hospitalier d&rsquo;Orthez compte parmi son \u00e9quipe le <strong>Docteur Lucie PARIS<\/strong> et l\u2019<strong>Assistante Sociale Diane DUBALEN.<\/strong> Cette \u00e9quipe travaille en collaboration avec les diff\u00e9rentes associations et services m\u00e9dico-sociaux du territoire afin de proposer un accompagnement aux personnes les plus pr\u00e9caires (avec ou sans domicile, mutuelle, couverture sociale, m\u00e9decin traitant,\u2026 dans l\u2019impossibilit\u00e9 de couvrir les frais li\u00e9s aux soins). Il existe une permanence, les mardi et\/ou jeudi mais l\u2019\u00e9quipe r\u00e9alise \u00e9galement ses actions \u00ab hors les murs \u00bb.<\/p>\n<\/div><div class=\"fusion-text fusion-text-3\"><p style=\"text-align: center;\"><strong>T\u00e9l\u00e9charger notre plaquette d\u2019information<em> <a href=\"https:\/\/www.ch-orthez.fr\/wp-content\/uploads\/2022\/05\/Flyers_P.A.S.S..pdf\"><u>ici<\/u><\/a> !<\/em><\/strong><\/p>\n<p style=\"text-align: center;\"><strong>Pour contacter la PASS : 05.59.69.70.22<\/strong><\/p>\n<\/div><\/div><style type=\"text\/css\">.fusion-body .fusion-builder-column-0{width:100% !important;margin-top : 0px;margin-bottom : 20px;}.fusion-builder-column-0 > .fusion-column-wrapper {padding-top : 0px !important;padding-right : 0px !important;margin-right : 1.92%;padding-bottom : 0px !important;padding-left : 0px !important;margin-left : 1.92%;}@media only screen and (max-width:1024px) {.fusion-body .fusion-builder-column-0{width:100% !important;order : 0;}.fusion-builder-column-0 > .fusion-column-wrapper {margin-right : 1.92%;margin-left : 1.92%;}}@media only screen and (max-width:640px) {.fusion-body .fusion-builder-column-0{width:100% !important;order : 0;}.fusion-builder-column-0 > .fusion-column-wrapper {margin-right : 1.92%;margin-left : 1.92%;}}<\/style><\/div><\/div><style type=\"text\/css\">.fusion-body .fusion-flex-container.fusion-builder-row-1{ padding-top : 0px;margin-top : 0px;padding-right : 0px;padding-bottom : 0px;margin-bottom : 0px;padding-left : 0px;}<\/style><\/div>\n","protected":false},"excerpt":{"rendered":"","protected":false},"author":1,"featured_media":0,"parent":0,"menu_order":0,"comment_status":"closed","ping_status":"closed","template":"","meta":{"footnotes":""},"_links":{"self":[{"href":"https:\/\/www.ch-orthez.fr\/index.php\/wp-json\/wp\/v2\/pages\/1188"}],"collection":[{"href":"https:\/\/www.ch-orthez.fr\/index.php\/wp-json\/wp\/v2\/pages"}],"about":[{"href":"https:\/\/www.ch-orthez.fr\/index.php\/wp-json\/wp\/v2\/types\/page"}],"author":[{"embeddable":true,"href":"https:\/\/www.ch-orthez.fr\/index.php\/wp-json\/wp\/v2\/users\/1"}],"replies":[{"embeddable":true,"href":"https:\/\/www.ch-orthez.fr\/index.php\/wp-json\/wp\/v2\/comments?post=1188"}],"version-history":[{"count":0,"href":"https:\/\/www.ch-orthez.fr\/index.php\/wp-json\/wp\/v2\/pages\/1188\/revisions"}],"wp:attachment":[{"href":"https:\/\/www.ch-orthez.fr\/index.php\/wp-json\/wp\/v2\/media?parent=1188"}],"curies":[{"name":"wp","href":"https:\/\/api.w.org\/{rel}","templated":true}]}}