{"id":1186,"date":"2022-01-29T11:15:48","date_gmt":"2022-01-29T10:15:48","guid":{"rendered":"http:\/\/www.ch-orthez.fr\/?page_id=1186"},"modified":"2022-08-02T13:45:36","modified_gmt":"2022-08-02T11:45:36","slug":"handicap","status":"publish","type":"page","link":"https:\/\/www.ch-orthez.fr\/index.php\/handicap\/","title":{"rendered":"Handicap"},"content":{"rendered":"<p><div class=\"fusion-fullwidth fullwidth-box fusion-builder-row-1 fusion-flex-container nonhundred-percent-fullwidth non-hundred-percent-height-scrolling\" style=\"background-color: rgba(255,255,255,0);background-position: center center;background-repeat: no-repeat;border-width: 0px 0px 0px 0px;border-color:#e2e2e2;border-style:solid;\" ><div class=\"fusion-builder-row fusion-row fusion-flex-align-items-flex-start\" style=\"max-width:1331.2px;margin-left: calc(-4% \/ 2 );margin-right: calc(-4% \/ 2 );\"><div class=\"fusion-layout-column fusion_builder_column fusion-builder-column-0 fusion_builder_column_1_1 1_1 fusion-flex-column\"><div class=\"fusion-column-wrapper fusion-flex-justify-content-flex-start fusion-content-layout-column\" style=\"background-position:left top;background-repeat:no-repeat;-webkit-background-size:cover;-moz-background-size:cover;-o-background-size:cover;background-size:cover;padding: 0px 0px 0px 0px;\"><div class=\"fusion-text fusion-text-1\"><p style=\"text-align: center;\">Le Centre Hospitalier d&rsquo;Orthez s&rsquo;engage pour le handicap !<\/p>\n<\/div><div style=\"text-align:center;\"><span class=\" fusion-imageframe imageframe-none imageframe-1 hover-type-none\"><img decoding=\"async\" width=\"300\" height=\"71\" title=\"Illustration handicap\" src=\"https:\/\/www.ch-orthez.fr\/wp-content\/uploads\/2022\/07\/Capture-300x71.png\" alt class=\"img-responsive wp-image-2089\" srcset=\"https:\/\/www.ch-orthez.fr\/wp-content\/uploads\/2022\/07\/Capture-200x47.png 200w, https:\/\/www.ch-orthez.fr\/wp-content\/uploads\/2022\/07\/Capture-400x95.png 400w, https:\/\/www.ch-orthez.fr\/wp-content\/uploads\/2022\/07\/Capture-600x142.png 600w, https:\/\/www.ch-orthez.fr\/wp-content\/uploads\/2022\/07\/Capture.png 791w\" sizes=\"(max-width: 640px) 100vw, 300px\" \/><\/span><\/div><div class=\"fusion-text fusion-text-2\"><\/p>\n<p>Les personnes r\u00e9f\u00e9rentes handicap au sein du p\u00f4le de sant\u00e9 sont disponibles pour vous :<\/p>\n<p>\u2013 Dominique VERDIER SAMSON au 05.59.69.73.29 ou dominique.samson@ch-orthez.fr<\/p>\n<p>\u2013 Ma\u00eft\u00e9 SOTERAS au 05.59.69.73.31 ou maite.soteras@ch-orthez.fr<\/p>\n<\/p>\n<p>Depuis 2019, le CHO s\u2019est dot\u00e9 d\u2019une<strong> commission handicap<\/strong> r\u00e9unissant diff\u00e9rents acteurs tels que des agents administratifs, des soignants, des repr\u00e9sentants de usagers et des acteurs locaux du territoire. Cette commission a pour objectif principal de travailler en pluridisciplinarit\u00e9 autour de l\u2019accueil, l&rsquo;accessibilit\u00e9 et la prise en soin des personnes en situation de handicap au sein de notre \u00e9tablissement.<\/p><\/p>\n<\/div><div class=\"fusion-separator fusion-full-width-sep\" style=\"align-self: center;margin-left: auto;margin-right: auto;width:100%;\"><div class=\"fusion-separator-border sep-double\" style=\"border-color:#e2e2e2;border-top-width:1px;border-bottom-width:1px;\"><\/div><\/div><div class=\"fusion-text fusion-text-3\"><\/p>\n<p>Notre site internet est \u00e9galement aux normes num\u00e9riques pour le handicap : <strong>en cliquant sur l\u2019onglet handicap \u00e0 votre gauche, vous pouvez modifier l\u2019affichage selon vos besoins.<\/strong><\/p>\n<p><strong><br \/><\/strong><\/p>\n<\/div><div class=\"fusion-separator fusion-full-width-sep\" style=\"align-self: center;margin-left: auto;margin-right: auto;width:100%;\"><div class=\"fusion-separator-border sep-double\" style=\"border-color:#e2e2e2;border-top-width:1px;border-bottom-width:1px;\"><\/div><\/div><div class=\"fusion-text fusion-text-4\"><p><strong><br \/><\/strong><\/p>\n<p><strong>Charte handicap du Centre Hospitalier d&rsquo;Orthez :<\/strong><\/p>\n<p><em>T\u00e9l\u00e9chargez-la en cliquant<strong> <a href=\"https:\/\/www.ch-orthez.fr\/wp-content\/uploads\/2022\/07\/Charte-handicap-CHO-affichage.pdf\">ici !<\/a><\/strong><\/em><\/p>\n<\/div><div style=\"text-align:center;\"><style>.fusion-imageframe.imageframe-2 img{aspect-ratio:2 \/ 3;}<\/style><span class=\" fusion-imageframe imageframe-none imageframe-2 hover-type-none has-aspect-ratio\"><a class=\"fusion-no-lightbox\" href=\"https:\/\/www.ch-orthez.fr\/wp-content\/uploads\/2022\/07\/Charte-handicap-CHO-affichage_page-0001.jpg\" target=\"_self\" aria-label=\"Charte handicap CHO_image\"><img decoding=\"async\" width=\"212\" height=\"300\" alt=\"Charte handicap CHO_image\" src=\"https:\/\/www.ch-orthez.fr\/wp-content\/uploads\/2022\/07\/Charte-handicap-CHO-affichage_page-0001-212x300.jpg\" class=\"img-responsive wp-image-2128 img-with-aspect-ratio\" srcset=\"https:\/\/www.ch-orthez.fr\/wp-content\/uploads\/2022\/07\/Charte-handicap-CHO-affichage_page-0001-200x283.jpg 200w, https:\/\/www.ch-orthez.fr\/wp-content\/uploads\/2022\/07\/Charte-handicap-CHO-affichage_page-0001-400x566.jpg 400w, https:\/\/www.ch-orthez.fr\/wp-content\/uploads\/2022\/07\/Charte-handicap-CHO-affichage_page-0001-600x849.jpg 600w, https:\/\/www.ch-orthez.fr\/wp-content\/uploads\/2022\/07\/Charte-handicap-CHO-affichage_page-0001-800x1132.jpg 800w, https:\/\/www.ch-orthez.fr\/wp-content\/uploads\/2022\/07\/Charte-handicap-CHO-affichage_page-0001-1200x1698.jpg 1200w, https:\/\/www.ch-orthez.fr\/wp-content\/uploads\/2022\/07\/Charte-handicap-CHO-affichage_page-0001.jpg 1240w\" sizes=\"(max-width: 640px) 100vw, 212px\" \/><\/a><\/span><\/div><div class=\"fusion-separator fusion-full-width-sep\" style=\"align-self: center;margin-left: auto;margin-right: auto;width:100%;\"><div class=\"fusion-separator-border sep-double\" style=\"border-color:#e2e2e2;border-top-width:1px;border-bottom-width:1px;\"><\/div><\/div><div class=\"fusion-text fusion-text-5\"><h5><strong>Articles ou actions du Centre Hospitalier d&rsquo;Orthez sur cette th\u00e9matique :<\/strong><\/h5>\n<\/div><div class=\"fusion-blog-shortcode fusion-blog-shortcode-1 fusion-blog-archive fusion-blog-layout-large fusion-blog-no fusion-blog-no-images\"><div class=\"fusion-posts-container fusion-posts-container-no\" data-pages=\"0\"><article id=\"blog-1-post-2504\" class=\"fusion-post-large post-2504 post type-post status-publish format-standard has-post-thumbnail hentry category-handicap category-projets-divers\">\n<div class=\"fusion-post-content post-content\"><h2 class=\"blog-shortcode-post-title entry-title\"><a href=\"https:\/\/www.ch-orthez.fr\/index.php\/2022\/12\/16\/retour-sur-la-journee-de-sensibilisation-au-handicap-vis-ma-difference-2022\/\">Retour sur la journ\u00e9e de sensibilisation au handicap : VIS MA DIFFERENCE 2022<\/a><\/h2><div class=\"fusion-post-content-container\"><p>Vendredi 02 juin 2022, Dominique Verdier Samson et Ma\u00efte Soteras, [...]<\/p><\/div><\/div><div class=\"fusion-clearfix\"><\/div><div class=\"fusion-meta-info\"><div class=\"fusion-alignleft\"><span class=\"vcard\" style=\"display: none;\"><span class=\"fn\"><a href=\"https:\/\/www.ch-orthez.fr\/index.php\/author\/valerie\/\" title=\"Articles par Bucau Val\u00e9rie\" rel=\"author\">Bucau Val\u00e9rie<\/a><\/span><\/span><span class=\"updated\" style=\"display:none;\">2022-12-16T16:45:40+01:00<\/span><span>16 d\u00e9cembre 2022<\/span><span class=\"fusion-inline-sep\">|<\/span><\/div><div class=\"fusion-alignright\"><a class=\"fusion-read-more\" href=\"https:\/\/www.ch-orthez.fr\/index.php\/2022\/12\/16\/retour-sur-la-journee-de-sensibilisation-au-handicap-vis-ma-difference-2022\/\" aria-label=\"More on Retour sur la journ\u00e9e de sensibilisation au handicap : VIS MA DIFFERENCE 2022\">Read More<\/a><\/div><\/div><\/article>\n<article id=\"blog-1-post-2158\" class=\"fusion-post-large post-2158 post type-post status-publish format-standard has-post-thumbnail hentry category-handicap\">\n<div class=\"fusion-post-content post-content\"><h2 class=\"blog-shortcode-post-title entry-title\"><a href=\"https:\/\/www.ch-orthez.fr\/index.php\/2022\/06\/10\/audit-rgaa-un-site-internet-pour-tous\/\">Audit RGAA : un site internet pour tous !<\/a><\/h2><div class=\"fusion-post-content-container\"><p> Avec la cr\u00e9ation du nouveau site internet, un travail [...]<\/p><\/div><\/div><div class=\"fusion-clearfix\"><\/div><div class=\"fusion-meta-info\"><div class=\"fusion-alignleft\"><span class=\"vcard\" style=\"display: none;\"><span class=\"fn\"><a href=\"https:\/\/www.ch-orthez.fr\/index.php\/author\/valerie\/\" title=\"Articles par Bucau Val\u00e9rie\" rel=\"author\">Bucau Val\u00e9rie<\/a><\/span><\/span><span class=\"updated\" style=\"display:none;\">2022-07-27T10:46:37+02:00<\/span><span>10 juin 2022<\/span><span class=\"fusion-inline-sep\">|<\/span><\/div><div class=\"fusion-alignright\"><a class=\"fusion-read-more\" href=\"https:\/\/www.ch-orthez.fr\/index.php\/2022\/06\/10\/audit-rgaa-un-site-internet-pour-tous\/\" aria-label=\"More on Audit RGAA : un site internet pour tous !\">Read More<\/a><\/div><\/div><\/article>\n<\/div><\/div><\/div><style type=\"text\/css\">.fusion-body .fusion-builder-column-0{width:100% !important;margin-top : 0px;margin-bottom : 20px;}.fusion-builder-column-0 > .fusion-column-wrapper {padding-top : 0px !important;padding-right : 0px !important;margin-right : 1.92%;padding-bottom : 0px !important;padding-left : 0px !important;margin-left : 1.92%;}@media only screen and (max-width:1024px) {.fusion-body .fusion-builder-column-0{width:100% !important;order : 0;}.fusion-builder-column-0 > .fusion-column-wrapper {margin-right : 1.92%;margin-left : 1.92%;}}@media only screen and (max-width:640px) {.fusion-body .fusion-builder-column-0{width:100% !important;order : 0;}.fusion-builder-column-0 > .fusion-column-wrapper {margin-right : 1.92%;margin-left : 1.92%;}}<\/style><\/div><\/div><style type=\"text\/css\">.fusion-body .fusion-flex-container.fusion-builder-row-1{ padding-top : 0px;margin-top : 0px;padding-right : 0px;padding-bottom : 0px;margin-bottom : 0px;padding-left : 0px;}<\/style><\/div><div class=\"fusion-fullwidth fullwidth-box fusion-builder-row-2 fusion-flex-container nonhundred-percent-fullwidth non-hundred-percent-height-scrolling\" style=\"background-color: rgba(255,255,255,0);background-position: center center;background-repeat: no-repeat;border-width: 0px 0px 0px 0px;border-color:#e2e2e2;border-style:solid;\" ><div class=\"fusion-builder-row fusion-row fusion-flex-align-items-flex-start\" style=\"max-width:1331.2px;margin-left: calc(-4% \/ 2 );margin-right: calc(-4% \/ 2 );\"><div class=\"fusion-layout-column fusion_builder_column fusion-builder-column-1 fusion_builder_column_1_1 1_1 fusion-flex-column\"><div class=\"fusion-column-wrapper fusion-flex-justify-content-flex-start fusion-content-layout-column\" style=\"background-position:left top;background-repeat:no-repeat;-webkit-background-size:cover;-moz-background-size:cover;-o-background-size:cover;background-size:cover;padding: 0px 0px 0px 0px;\"><\/div><style type=\"text\/css\">.fusion-body .fusion-builder-column-1{width:100% !important;margin-top : 0px;margin-bottom : 20px;}.fusion-builder-column-1 > .fusion-column-wrapper {padding-top : 0px !important;padding-right : 0px !important;margin-right : 1.92%;padding-bottom : 0px !important;padding-left : 0px !important;margin-left : 1.92%;}@media only screen and (max-width:1024px) {.fusion-body .fusion-builder-column-1{width:100% !important;order : 0;}.fusion-builder-column-1 > .fusion-column-wrapper {margin-right : 1.92%;margin-left : 1.92%;}}@media only screen and (max-width:640px) {.fusion-body .fusion-builder-column-1{width:100% !important;order : 0;}.fusion-builder-column-1 > .fusion-column-wrapper {margin-right : 1.92%;margin-left : 1.92%;}}<\/style><\/div><\/div><style type=\"text\/css\">.fusion-body .fusion-flex-container.fusion-builder-row-2{ padding-top : 0px;margin-top : 0px;padding-right : 0px;padding-bottom : 0px;margin-bottom : 0px;padding-left : 0px;}<\/style><\/div><div class=\"fusion-fullwidth fullwidth-box fusion-builder-row-3 fusion-flex-container nonhundred-percent-fullwidth non-hundred-percent-height-scrolling\" style=\"background-color: rgba(255,255,255,0);background-position: center center;background-repeat: no-repeat;border-width: 0px 0px 0px 0px;border-color:#e2e2e2;border-style:solid;\" ><div class=\"fusion-builder-row fusion-row fusion-flex-align-items-flex-start\" style=\"max-width:1331.2px;margin-left: calc(-4% \/ 2 );margin-right: calc(-4% \/ 2 );\"><div class=\"fusion-layout-column fusion_builder_column fusion-builder-column-2 fusion_builder_column_1_1 1_1 fusion-flex-column\"><div class=\"fusion-column-wrapper fusion-flex-justify-content-flex-start fusion-content-layout-column\" style=\"background-position:left top;background-repeat:no-repeat;-webkit-background-size:cover;-moz-background-size:cover;-o-background-size:cover;background-size:cover;padding: 0px 0px 0px 0px;\"><\/div><style type=\"text\/css\">.fusion-body .fusion-builder-column-2{width:100% !important;margin-top : 0px;margin-bottom : 20px;}.fusion-builder-column-2 > .fusion-column-wrapper {padding-top : 0px !important;padding-right : 0px !important;margin-right : 1.92%;padding-bottom : 0px !important;padding-left : 0px !important;margin-left : 1.92%;}@media only screen and (max-width:1024px) {.fusion-body .fusion-builder-column-2{width:100% !important;order : 0;}.fusion-builder-column-2 > .fusion-column-wrapper {margin-right : 1.92%;margin-left : 1.92%;}}@media only screen and (max-width:640px) {.fusion-body .fusion-builder-column-2{width:100% !important;order : 0;}.fusion-builder-column-2 > .fusion-column-wrapper {margin-right : 1.92%;margin-left : 1.92%;}}<\/style><\/div><\/div><style type=\"text\/css\">.fusion-body .fusion-flex-container.fusion-builder-row-3{ padding-top : 0px;margin-top : 0px;padding-right : 0px;padding-bottom : 0px;margin-bottom : 0px;padding-left : 0px;}<\/style><\/div><\/p>\n","protected":false},"excerpt":{"rendered":"","protected":false},"author":1,"featured_media":0,"parent":0,"menu_order":0,"comment_status":"closed","ping_status":"closed","template":"","meta":{"footnotes":""},"_links":{"self":[{"href":"https:\/\/www.ch-orthez.fr\/index.php\/wp-json\/wp\/v2\/pages\/1186"}],"collection":[{"href":"https:\/\/www.ch-orthez.fr\/index.php\/wp-json\/wp\/v2\/pages"}],"about":[{"href":"https:\/\/www.ch-orthez.fr\/index.php\/wp-json\/wp\/v2\/types\/page"}],"author":[{"embeddable":true,"href":"https:\/\/www.ch-orthez.fr\/index.php\/wp-json\/wp\/v2\/users\/1"}],"replies":[{"embeddable":true,"href":"https:\/\/www.ch-orthez.fr\/index.php\/wp-json\/wp\/v2\/comments?post=1186"}],"version-history":[{"count":0,"href":"https:\/\/www.ch-orthez.fr\/index.php\/wp-json\/wp\/v2\/pages\/1186\/revisions"}],"wp:attachment":[{"href":"https:\/\/www.ch-orthez.fr\/index.php\/wp-json\/wp\/v2\/media?parent=1186"}],"curies":[{"name":"wp","href":"https:\/\/api.w.org\/{rel}","templated":true}]}}