{"id":1182,"date":"2022-01-29T11:15:16","date_gmt":"2022-01-29T10:15:16","guid":{"rendered":"http:\/\/www.ch-orthez.fr\/?page_id=1182"},"modified":"2022-07-28T10:12:22","modified_gmt":"2022-07-28T08:12:22","slug":"maison-sport-sante","status":"publish","type":"page","link":"https:\/\/www.ch-orthez.fr\/index.php\/maison-sport-sante\/","title":{"rendered":"Maison Sport Sant\u00e9"},"content":{"rendered":"<p><div class=\"fusion-fullwidth fullwidth-box fusion-builder-row-1 fusion-flex-container nonhundred-percent-fullwidth non-hundred-percent-height-scrolling\" style=\"background-color: rgba(255,255,255,0);background-position: center center;background-repeat: no-repeat;border-width: 0px 0px 0px 0px;border-color:#e2e2e2;border-style:solid;\" ><div class=\"fusion-builder-row fusion-row fusion-flex-align-items-flex-start\" style=\"max-width:1331.2px;margin-left: calc(-4% \/ 2 );margin-right: calc(-4% \/ 2 );\"><div class=\"fusion-layout-column fusion_builder_column fusion-builder-column-0 fusion_builder_column_2_3 2_3 fusion-flex-column\"><div class=\"fusion-column-wrapper fusion-flex-justify-content-flex-start fusion-content-layout-column\" style=\"background-position:left top;background-repeat:no-repeat;-webkit-background-size:cover;-moz-background-size:cover;-o-background-size:cover;background-size:cover;padding: 0px 0px 0px 0px;\"><div class=\"fusion-text fusion-text-1\"><p><strong><u>Qu\u2019est-ce que c\u2019est : <\/u><\/strong><\/p>\n<p>La Maison Sport Sant\u00e9 a pour objectif <b>d\u2019accueillir et d\u2019orienter<\/b> les personnes souhaitant pratiquer une activit\u00e9 physique pour leur sant\u00e9 (physique, mentale ou sociale). Elle s\u2019inscrit dans une volont\u00e9 nationale, r\u00e9gionale et locale de promouvoir la pratique sportive pour tous.<\/p>\n<p>Quel que soit votre \u00e2ge, votre milieu, vos probl\u00e9matiques de sant\u00e9, <b>la Maison Sport Sant\u00e9 et ses professionnels vous accompagneront<\/b> dans cette d\u00e9marche. Toutes sortes d\u2019activit\u00e9s physiques peuvent vous \u00eatre propos\u00e9es, aupr\u00e8s de professionnels de l\u2019<b>activit\u00e9 physique adapt\u00e9e<\/b>, selon vos envies et vos besoins, \u00e9tudi\u00e9s au travers de bilans et d\u2019entretiens !<\/p>\n<\/div><\/div><style type=\"text\/css\">.fusion-body .fusion-builder-column-0{width:66.666666666667% !important;margin-top : 0px;margin-bottom : 20px;}.fusion-builder-column-0 > .fusion-column-wrapper {padding-top : 0px !important;padding-right : 0px !important;margin-right : 2.88%;padding-bottom : 0px !important;padding-left : 0px !important;margin-left : 2.88%;}@media only screen and (max-width:1024px) {.fusion-body .fusion-builder-column-0{width:66.666666666667% !important;order : 0;}.fusion-builder-column-0 > .fusion-column-wrapper {margin-right : 2.88%;margin-left : 2.88%;}}@media only screen and (max-width:640px) {.fusion-body .fusion-builder-column-0{width:100% !important;order : 0;}.fusion-builder-column-0 > .fusion-column-wrapper {margin-right : 1.92%;margin-left : 1.92%;}}<\/style><\/div><div class=\"fusion-layout-column fusion_builder_column fusion-builder-column-1 fusion_builder_column_1_3 1_3 fusion-flex-column\"><div class=\"fusion-column-wrapper fusion-flex-justify-content-flex-start fusion-content-layout-column\" style=\"background-position:left top;background-repeat:no-repeat;-webkit-background-size:cover;-moz-background-size:cover;-o-background-size:cover;background-size:cover;padding: 0px 0px 0px 0px;\"><div ><span class=\" fusion-imageframe imageframe-none imageframe-1 hover-type-none\"><img decoding=\"async\" width=\"300\" height=\"239\" alt=\"logo Maisons Sport Sant\u00e9\" title=\"logo Maisons Sport Sant\u00e9\" src=\"https:\/\/www.ch-orthez.fr\/wp-content\/uploads\/2022\/07\/logo-MSS-300x239.png\" class=\"img-responsive wp-image-2070\" srcset=\"https:\/\/www.ch-orthez.fr\/wp-content\/uploads\/2022\/07\/logo-MSS-200x159.png 200w, https:\/\/www.ch-orthez.fr\/wp-content\/uploads\/2022\/07\/logo-MSS-400x318.png 400w, https:\/\/www.ch-orthez.fr\/wp-content\/uploads\/2022\/07\/logo-MSS.png 563w\" sizes=\"(max-width: 640px) 100vw, 400px\" \/><\/span><\/div><\/div><style type=\"text\/css\">.fusion-body .fusion-builder-column-1{width:33.333333333333% !important;margin-top : 0px;margin-bottom : 20px;}.fusion-builder-column-1 > .fusion-column-wrapper {padding-top : 0px !important;padding-right : 0px !important;margin-right : 5.76%;padding-bottom : 0px !important;padding-left : 0px !important;margin-left : 5.76%;}@media only screen and (max-width:1024px) {.fusion-body .fusion-builder-column-1{width:33.333333333333% !important;order : 0;}.fusion-builder-column-1 > .fusion-column-wrapper {margin-right : 5.76%;margin-left : 5.76%;}}@media only screen and (max-width:640px) {.fusion-body .fusion-builder-column-1{width:100% !important;order : 0;}.fusion-builder-column-1 > .fusion-column-wrapper {margin-right : 1.92%;margin-left : 1.92%;}}<\/style><\/div><\/div><style type=\"text\/css\">.fusion-body .fusion-flex-container.fusion-builder-row-1{ padding-top : 0px;margin-top : 0px;padding-right : 0px;padding-bottom : 0px;margin-bottom : 0px;padding-left : 0px;}<\/style><\/div><div class=\"fusion-fullwidth fullwidth-box fusion-builder-row-2 fusion-flex-container nonhundred-percent-fullwidth non-hundred-percent-height-scrolling\" style=\"background-color: rgba(255,255,255,0);background-position: center center;background-repeat: no-repeat;border-width: 0px 0px 0px 0px;border-color:#e2e2e2;border-style:solid;\" ><div class=\"fusion-builder-row fusion-row fusion-flex-align-items-flex-start\" style=\"max-width:1331.2px;margin-left: calc(-4% \/ 2 );margin-right: calc(-4% \/ 2 );\"><div class=\"fusion-layout-column fusion_builder_column fusion-builder-column-2 fusion_builder_column_2_3 2_3 fusion-flex-column\"><div class=\"fusion-column-wrapper fusion-flex-justify-content-flex-start fusion-content-layout-column\" style=\"background-position:left top;background-repeat:no-repeat;-webkit-background-size:cover;-moz-background-size:cover;-o-background-size:cover;background-size:cover;padding: 0px 0px 0px 0px;\"><div class=\"fusion-text fusion-text-2\"><p>Les Maisons Sport Sant\u00e9 s\u2019inscrivent dans le cadre du dispositif<b> PEPS (Prescription d\u2019Exercice Physique pour la Sant\u00e9)<\/b>. C&rsquo;est un projet n\u00e9o-aquitain port\u00e9 conjointement par l&rsquo;ARS, la DRAJES et le Conseil R\u00e9gional s&rsquo;inscrivant dans la Strat\u00e9gie R\u00e9gionale Sport Sant\u00e9 Bien-\u00catre. Il offre aux m\u00e9decins et \u00e0 leurs patients un cadre partag\u00e9, valid\u00e9 et s\u00e9curis\u00e9 afin de favoriser une pratique d\u2019activit\u00e9 physique sur prescription m\u00e9dicale dans les meilleures conditions. Pour plus d\u2019informations, rendez-vous sur le site internet <a href=\"http:\/\/www.peps-na.fr\">www.peps-na.fr<\/a><\/p>\n<\/div><\/div><style type=\"text\/css\">.fusion-body .fusion-builder-column-2{width:66.666666666667% !important;margin-top : 0px;margin-bottom : 20px;}.fusion-builder-column-2 > .fusion-column-wrapper {padding-top : 0px !important;padding-right : 0px !important;margin-right : 2.88%;padding-bottom : 0px !important;padding-left : 0px !important;margin-left : 2.88%;}@media only screen and (max-width:1024px) {.fusion-body .fusion-builder-column-2{width:66.666666666667% !important;order : 0;}.fusion-builder-column-2 > .fusion-column-wrapper {margin-right : 2.88%;margin-left : 2.88%;}}@media only screen and (max-width:640px) {.fusion-body .fusion-builder-column-2{width:100% !important;order : 0;}.fusion-builder-column-2 > .fusion-column-wrapper {margin-right : 1.92%;margin-left : 1.92%;}}<\/style><\/div><div class=\"fusion-layout-column fusion_builder_column fusion-builder-column-3 fusion_builder_column_1_3 1_3 fusion-flex-column\"><div class=\"fusion-column-wrapper fusion-flex-justify-content-flex-start fusion-content-layout-column\" style=\"background-position:left top;background-repeat:no-repeat;-webkit-background-size:cover;-moz-background-size:cover;-o-background-size:cover;background-size:cover;padding: 0px 0px 0px 0px;\"><div ><span class=\" fusion-imageframe imageframe-none imageframe-2 hover-type-none\"><img decoding=\"async\" width=\"300\" height=\"150\" alt=\"Logo PEPS 64\" title=\"Logo PEPS 64\" src=\"https:\/\/www.ch-orthez.fr\/wp-content\/uploads\/2022\/07\/Logo-PEPS-64-300x150.png\" class=\"img-responsive wp-image-2071\" srcset=\"https:\/\/www.ch-orthez.fr\/wp-content\/uploads\/2022\/07\/Logo-PEPS-64-200x100.png 200w, https:\/\/www.ch-orthez.fr\/wp-content\/uploads\/2022\/07\/Logo-PEPS-64.png 332w\" sizes=\"(max-width: 640px) 100vw, 300px\" \/><\/span><\/div><\/div><style type=\"text\/css\">.fusion-body .fusion-builder-column-3{width:33.333333333333% !important;margin-top : 0px;margin-bottom : 20px;}.fusion-builder-column-3 > .fusion-column-wrapper {padding-top : 0px !important;padding-right : 0px !important;margin-right : 5.76%;padding-bottom : 0px !important;padding-left : 0px !important;margin-left : 5.76%;}@media only screen and (max-width:1024px) {.fusion-body .fusion-builder-column-3{width:33.333333333333% !important;order : 0;}.fusion-builder-column-3 > .fusion-column-wrapper {margin-right : 5.76%;margin-left : 5.76%;}}@media only screen and (max-width:640px) {.fusion-body .fusion-builder-column-3{width:100% !important;order : 0;}.fusion-builder-column-3 > .fusion-column-wrapper {margin-right : 1.92%;margin-left : 1.92%;}}<\/style><\/div><\/div><style type=\"text\/css\">.fusion-body .fusion-flex-container.fusion-builder-row-2{ padding-top : 0px;margin-top : 0px;padding-right : 0px;padding-bottom : 0px;margin-bottom : 0px;padding-left : 0px;}<\/style><\/div><div class=\"fusion-fullwidth fullwidth-box fusion-builder-row-3 fusion-flex-container nonhundred-percent-fullwidth non-hundred-percent-height-scrolling\" style=\"background-color: rgba(255,255,255,0);background-position: center center;background-repeat: no-repeat;border-width: 0px 0px 0px 0px;border-color:#e2e2e2;border-style:solid;\" ><div class=\"fusion-builder-row fusion-row fusion-flex-align-items-flex-start\" style=\"max-width:1331.2px;margin-left: calc(-4% \/ 2 );margin-right: calc(-4% \/ 2 );\"><div class=\"fusion-layout-column fusion_builder_column fusion-builder-column-4 fusion_builder_column_2_3 2_3 fusion-flex-column\"><div class=\"fusion-column-wrapper fusion-flex-justify-content-flex-start fusion-content-layout-column\" style=\"background-position:left top;background-repeat:no-repeat;-webkit-background-size:cover;-moz-background-size:cover;-o-background-size:cover;background-size:cover;padding: 0px 0px 0px 0px;\"><div class=\"fusion-text fusion-text-3\"><p><strong><u>Comment \u00e7a marche ?<\/u><\/strong><\/p>\n<p>&#8211; <span style=\"text-decoration: underline;\">Etape n\u00b01 <\/span>: j\u2019obtiens une prescription d\u2019activit\u00e9 physique (formulaire de prescription peps : <i><b>ici<\/b><\/i> );<\/p>\n<p>&#8211; <span style=\"text-decoration: underline;\">Etape n\u00b02<\/span> : je prends contact avec la Maison Sport Sant\u00e9 d\u2019Orthez : <b>05.59.69.70.70 \/ maison.sportsante@ch-orthez.fr<\/b> ;<\/p>\n<p>&#8211; <span style=\"text-decoration: underline;\">Etape n\u00b03 <\/span>: je r\u00e9alise un entretien individuel (bilan de condition physique et motivationnel) et je suis orient\u00e9e vers une structure sport sant\u00e9 adapt\u00e9e \u00e0 mes besoins et envies ;<\/p>\n<p>&#8211; <span style=\"text-decoration: underline;\">Etape n\u00b04 <\/span>: je r\u00e9alise les activit\u00e9s de mon programme personnalis\u00e9 sport sant\u00e9 en \u00e9tant suivi tout au long de l&rsquo;ann\u00e9e ;<\/p>\n<p>&#8211; <span style=\"text-decoration: underline;\">Etape n\u00b05 <\/span>: je fais un bilan de mon parcours \u00e0 3 mois, 6 mois et 1 an ;<\/p>\n<p>&#8211; <span style=\"text-decoration: underline;\">Etape n\u00b06 <\/span>: je sors du dispositif et je deviens autonome dans ma pratique.<\/p><\/p>\n<\/div><\/div><style type=\"text\/css\">.fusion-body .fusion-builder-column-4{width:66.666666666667% !important;margin-top : 0px;margin-bottom : 20px;}.fusion-builder-column-4 > .fusion-column-wrapper {padding-top : 0px !important;padding-right : 0px !important;margin-right : 2.88%;padding-bottom : 0px !important;padding-left : 0px !important;margin-left : 2.88%;}@media only screen and (max-width:1024px) {.fusion-body .fusion-builder-column-4{width:66.666666666667% !important;order : 0;}.fusion-builder-column-4 > .fusion-column-wrapper {margin-right : 2.88%;margin-left : 2.88%;}}@media only screen and (max-width:640px) {.fusion-body .fusion-builder-column-4{width:100% !important;order : 0;}.fusion-builder-column-4 > .fusion-column-wrapper {margin-right : 1.92%;margin-left : 1.92%;}}<\/style><\/div><\/div><style type=\"text\/css\">.fusion-body .fusion-flex-container.fusion-builder-row-3{ padding-top : 0px;margin-top : 0px;padding-right : 0px;padding-bottom : 0px;margin-bottom : 0px;padding-left : 0px;}<\/style><\/div><div class=\"fusion-fullwidth fullwidth-box fusion-builder-row-4 fusion-flex-container nonhundred-percent-fullwidth non-hundred-percent-height-scrolling\" style=\"background-color: rgba(255,255,255,0);background-position: center center;background-repeat: no-repeat;border-width: 0px 0px 0px 0px;border-color:#e2e2e2;border-style:solid;\" ><div class=\"fusion-builder-row fusion-row fusion-flex-align-items-flex-start\" style=\"max-width:1331.2px;margin-left: calc(-4% \/ 2 );margin-right: calc(-4% \/ 2 );\"><div class=\"fusion-layout-column fusion_builder_column fusion-builder-column-5 fusion_builder_column_1_1 1_1 fusion-flex-column\"><div class=\"fusion-column-wrapper fusion-flex-justify-content-flex-start fusion-content-layout-column\" style=\"background-position:left top;background-repeat:no-repeat;-webkit-background-size:cover;-moz-background-size:cover;-o-background-size:cover;background-size:cover;padding: 0px 0px 0px 0px;\"><div class=\"fusion-text fusion-text-4\"><p style=\"text-align: center;\"><a href=\"https:\/\/www.ch-orthez.fr\/wp-content\/uploads\/2022\/07\/Flyers-MSS.pdf\"><strong>T\u00e9l\u00e9charger notre plaquette d&rsquo;information en cliquant<em> ici !<\/em><\/strong><\/a><\/p>\n<\/div><div class=\"fusion-slider-sc\" style=\"margin-left:300px;\"><div class=\"fusion-flexslider-loading flexslider flexslider-hover-type-none\" data-slideshow_autoplay=\"1\" data-slideshow_smooth_height=\"0\" data-slideshow_speed=\"7000\" style=\"max-width:400px;height:100%;\"><ul class=\"slides\"><li class=\"image\"><span class=\"fusion-image-hover-element hover-type-none\"><img decoding=\"async\" src=\"https:\/\/www.ch-orthez.fr\/wp-content\/uploads\/2022\/07\/Affiche-MSS_-5.jpg\" alt=\"Affiche Maison Sport Sant\u00e9_5\" width=\"1587\" height=\"2245\" class=\"wp-image-2077\" srcset=\"https:\/\/www.ch-orthez.fr\/wp-content\/uploads\/2022\/07\/Affiche-MSS_-5-200x283.jpg 200w, https:\/\/www.ch-orthez.fr\/wp-content\/uploads\/2022\/07\/Affiche-MSS_-5-400x566.jpg 400w, https:\/\/www.ch-orthez.fr\/wp-content\/uploads\/2022\/07\/Affiche-MSS_-5-600x849.jpg 600w, https:\/\/www.ch-orthez.fr\/wp-content\/uploads\/2022\/07\/Affiche-MSS_-5-800x1132.jpg 800w, https:\/\/www.ch-orthez.fr\/wp-content\/uploads\/2022\/07\/Affiche-MSS_-5-1200x1698.jpg 1200w, https:\/\/www.ch-orthez.fr\/wp-content\/uploads\/2022\/07\/Affiche-MSS_-5.jpg 1587w\" sizes=\"(max-width: 640px) 100vw, 1587px\" \/><\/span><\/li><li class=\"image\"><span class=\"fusion-image-hover-element hover-type-none\"><img decoding=\"async\" src=\"https:\/\/www.ch-orthez.fr\/wp-content\/uploads\/2022\/07\/Affiche-MSS_-4.jpg\" alt=\"Affiche Maison Sport Sant\u00e9_4\" width=\"1587\" height=\"2245\" class=\"wp-image-2076\" srcset=\"https:\/\/www.ch-orthez.fr\/wp-content\/uploads\/2022\/07\/Affiche-MSS_-4-200x283.jpg 200w, https:\/\/www.ch-orthez.fr\/wp-content\/uploads\/2022\/07\/Affiche-MSS_-4-400x566.jpg 400w, https:\/\/www.ch-orthez.fr\/wp-content\/uploads\/2022\/07\/Affiche-MSS_-4-600x849.jpg 600w, https:\/\/www.ch-orthez.fr\/wp-content\/uploads\/2022\/07\/Affiche-MSS_-4-800x1132.jpg 800w, https:\/\/www.ch-orthez.fr\/wp-content\/uploads\/2022\/07\/Affiche-MSS_-4-1200x1698.jpg 1200w, https:\/\/www.ch-orthez.fr\/wp-content\/uploads\/2022\/07\/Affiche-MSS_-4.jpg 1587w\" sizes=\"(max-width: 640px) 100vw, 1587px\" \/><\/span><\/li><li class=\"image\"><span class=\"fusion-image-hover-element hover-type-none\"><img decoding=\"async\" src=\"https:\/\/www.ch-orthez.fr\/wp-content\/uploads\/2022\/07\/Affiche-MSS_-3.jpg\" alt=\"Affiche Maison Sport Sant\u00e9_3\" width=\"1587\" height=\"2245\" class=\"wp-image-2075\" srcset=\"https:\/\/www.ch-orthez.fr\/wp-content\/uploads\/2022\/07\/Affiche-MSS_-3-200x283.jpg 200w, https:\/\/www.ch-orthez.fr\/wp-content\/uploads\/2022\/07\/Affiche-MSS_-3-400x566.jpg 400w, https:\/\/www.ch-orthez.fr\/wp-content\/uploads\/2022\/07\/Affiche-MSS_-3-600x849.jpg 600w, https:\/\/www.ch-orthez.fr\/wp-content\/uploads\/2022\/07\/Affiche-MSS_-3-800x1132.jpg 800w, https:\/\/www.ch-orthez.fr\/wp-content\/uploads\/2022\/07\/Affiche-MSS_-3-1200x1698.jpg 1200w, https:\/\/www.ch-orthez.fr\/wp-content\/uploads\/2022\/07\/Affiche-MSS_-3.jpg 1587w\" sizes=\"(max-width: 640px) 100vw, 1587px\" \/><\/span><\/li><li class=\"image\"><span class=\"fusion-image-hover-element hover-type-none\"><img decoding=\"async\" src=\"https:\/\/www.ch-orthez.fr\/wp-content\/uploads\/2022\/07\/Affiche-MSS_-2.jpg\" alt=\"Affiche Maison Sport Sant\u00e9_2\" width=\"1587\" height=\"2245\" class=\"wp-image-2074\" srcset=\"https:\/\/www.ch-orthez.fr\/wp-content\/uploads\/2022\/07\/Affiche-MSS_-2-200x283.jpg 200w, https:\/\/www.ch-orthez.fr\/wp-content\/uploads\/2022\/07\/Affiche-MSS_-2-400x566.jpg 400w, https:\/\/www.ch-orthez.fr\/wp-content\/uploads\/2022\/07\/Affiche-MSS_-2-600x849.jpg 600w, https:\/\/www.ch-orthez.fr\/wp-content\/uploads\/2022\/07\/Affiche-MSS_-2-800x1132.jpg 800w, https:\/\/www.ch-orthez.fr\/wp-content\/uploads\/2022\/07\/Affiche-MSS_-2-1200x1698.jpg 1200w, https:\/\/www.ch-orthez.fr\/wp-content\/uploads\/2022\/07\/Affiche-MSS_-2.jpg 1587w\" sizes=\"(max-width: 640px) 100vw, 1587px\" \/><\/span><\/li><li class=\"image\"><span class=\"fusion-image-hover-element hover-type-none\"><img decoding=\"async\" src=\"https:\/\/www.ch-orthez.fr\/wp-content\/uploads\/2022\/07\/Affiche-MSS_-1.jpg\" alt=\"Affiche Maison Sport Sant\u00e9_2\" width=\"1587\" height=\"2245\" class=\"wp-image-2073\" srcset=\"https:\/\/www.ch-orthez.fr\/wp-content\/uploads\/2022\/07\/Affiche-MSS_-1-200x283.jpg 200w, https:\/\/www.ch-orthez.fr\/wp-content\/uploads\/2022\/07\/Affiche-MSS_-1-400x566.jpg 400w, https:\/\/www.ch-orthez.fr\/wp-content\/uploads\/2022\/07\/Affiche-MSS_-1-600x849.jpg 600w, https:\/\/www.ch-orthez.fr\/wp-content\/uploads\/2022\/07\/Affiche-MSS_-1-800x1132.jpg 800w, https:\/\/www.ch-orthez.fr\/wp-content\/uploads\/2022\/07\/Affiche-MSS_-1-1200x1698.jpg 1200w, https:\/\/www.ch-orthez.fr\/wp-content\/uploads\/2022\/07\/Affiche-MSS_-1.jpg 1587w\" sizes=\"(max-width: 640px) 100vw, 1587px\" \/><\/span><\/li><\/ul><\/div><\/div><div class=\"fusion-separator fusion-full-width-sep\" style=\"align-self: center;margin-left: auto;margin-right: auto;margin-top:40px;margin-bottom:40px;width:100%;\"><div class=\"fusion-separator-border sep-single sep-solid\" style=\"border-color:#e2e2e2;border-top-width:1px;\"><\/div><\/div><div class=\"fusion-blog-shortcode fusion-blog-shortcode-1 fusion-blog-archive fusion-blog-layout-large fusion-blog-no fusion-blog-no-images\"><div class=\"fusion-posts-container fusion-posts-container-no\" data-pages=\"0\"><article id=\"blog-1-post-2527\" class=\"fusion-post-large post-2527 post type-post status-publish format-standard has-post-thumbnail hentry category-maison-sport-sante category-projets-divers\">\n<div class=\"fusion-post-content post-content\"><h2 class=\"blog-shortcode-post-title entry-title\"><a href=\"https:\/\/www.ch-orthez.fr\/index.php\/2022\/12\/15\/retour-sur-la-table-ronde-a-mourenx-sport-sante-tous-concernes\/\">Retour sur la table Ronde \u00e0 Mourenx : \u00ab\u00a0Sport Sant\u00e9 : tous concern\u00e9s !\u00a0\u00bb<\/a><\/h2><div class=\"fusion-post-content-container\"><p> Jeudi 08 d\u00e9cembre 2022, une table ronde autour du [...]<\/p><\/div><\/div><div class=\"fusion-clearfix\"><\/div><div class=\"fusion-meta-info\"><div class=\"fusion-alignleft\"><span class=\"vcard\" style=\"display: none;\"><span class=\"fn\"><a href=\"https:\/\/www.ch-orthez.fr\/index.php\/author\/valerie\/\" title=\"Articles par Bucau Val\u00e9rie\" rel=\"author\">Bucau Val\u00e9rie<\/a><\/span><\/span><span class=\"updated\" style=\"display:none;\">2022-12-15T15:47:43+01:00<\/span><span>15 d\u00e9cembre 2022<\/span><span class=\"fusion-inline-sep\">|<\/span><\/div><div class=\"fusion-alignright\"><a class=\"fusion-read-more\" href=\"https:\/\/www.ch-orthez.fr\/index.php\/2022\/12\/15\/retour-sur-la-table-ronde-a-mourenx-sport-sante-tous-concernes\/\" aria-label=\"More on Retour sur la table Ronde \u00e0 Mourenx : \u00ab\u00a0Sport Sant\u00e9 : tous concern\u00e9s !\u00a0\u00bb\">Read More<\/a><\/div><\/div><\/article>\n<article id=\"blog-1-post-2407\" class=\"fusion-post-large post-2407 post type-post status-publish format-standard has-post-thumbnail hentry category-equipe-prevention-seniors category-maison-sport-sante category-projets-divers\">\n<div class=\"fusion-post-content post-content\"><h2 class=\"blog-shortcode-post-title entry-title\"><a href=\"https:\/\/www.ch-orthez.fr\/index.php\/2022\/11\/29\/nos-actions-pour-la-semaine-nationale-de-la-denutrition-2022\/\">Nos actions pour la Semaine Nationale de la D\u00e9nutrition 2022<\/a><\/h2><div class=\"fusion-post-content-container\"><p> Du 18 au 25 novembre 2022 avait lieu la [...]<\/p><\/div><\/div><div class=\"fusion-clearfix\"><\/div><div class=\"fusion-meta-info\"><div class=\"fusion-alignleft\"><span class=\"vcard\" style=\"display: none;\"><span class=\"fn\"><a href=\"https:\/\/www.ch-orthez.fr\/index.php\/author\/valerie\/\" title=\"Articles par Bucau Val\u00e9rie\" rel=\"author\">Bucau Val\u00e9rie<\/a><\/span><\/span><span class=\"updated\" style=\"display:none;\">2022-11-29T15:55:30+01:00<\/span><span>29 novembre 2022<\/span><span class=\"fusion-inline-sep\">|<\/span><\/div><div class=\"fusion-alignright\"><a class=\"fusion-read-more\" href=\"https:\/\/www.ch-orthez.fr\/index.php\/2022\/11\/29\/nos-actions-pour-la-semaine-nationale-de-la-denutrition-2022\/\" aria-label=\"More on Nos actions pour la Semaine Nationale de la D\u00e9nutrition 2022\">Read More<\/a><\/div><\/div><\/article>\n<article id=\"blog-1-post-2146\" class=\"fusion-post-large post-2146 post type-post status-publish format-standard has-post-thumbnail hentry category-maison-sport-sante\">\n<div class=\"fusion-post-content post-content\"><h2 class=\"blog-shortcode-post-title entry-title\"><a href=\"https:\/\/www.ch-orthez.fr\/index.php\/2022\/06\/26\/inauguration-maison-sport-sante-orthez\/\">Inauguration Maison Sport Sant\u00e9 Orthez<\/a><\/h2><div class=\"fusion-post-content-container\"><p> Le Centre Hospitalier d'Orthez vient d'inaugurer l'ouverture de sa [...]<\/p><\/div><\/div><div class=\"fusion-clearfix\"><\/div><div class=\"fusion-meta-info\"><div class=\"fusion-alignleft\"><span class=\"vcard\" style=\"display: none;\"><span class=\"fn\"><a href=\"https:\/\/www.ch-orthez.fr\/index.php\/author\/valerie\/\" title=\"Articles par Bucau Val\u00e9rie\" rel=\"author\">Bucau Val\u00e9rie<\/a><\/span><\/span><span class=\"updated\" style=\"display:none;\">2022-07-26T15:15:33+02:00<\/span><span>26 juin 2022<\/span><span class=\"fusion-inline-sep\">|<\/span><\/div><div class=\"fusion-alignright\"><a class=\"fusion-read-more\" href=\"https:\/\/www.ch-orthez.fr\/index.php\/2022\/06\/26\/inauguration-maison-sport-sante-orthez\/\" aria-label=\"More on Inauguration Maison Sport Sant\u00e9 Orthez\">Read More<\/a><\/div><\/div><\/article>\n<\/div><\/div><\/div><style type=\"text\/css\">.fusion-body .fusion-builder-column-5{width:100% !important;margin-top : 0px;margin-bottom : 20px;}.fusion-builder-column-5 > .fusion-column-wrapper {padding-top : 0px !important;padding-right : 0px !important;margin-right : 1.92%;padding-bottom : 0px !important;padding-left : 0px !important;margin-left : 1.92%;}@media only screen and (max-width:1024px) {.fusion-body .fusion-builder-column-5{width:100% !important;order : 0;}.fusion-builder-column-5 > .fusion-column-wrapper {margin-right : 1.92%;margin-left : 1.92%;}}@media only screen and (max-width:640px) {.fusion-body .fusion-builder-column-5{width:100% !important;order : 0;}.fusion-builder-column-5 > .fusion-column-wrapper {margin-right : 1.92%;margin-left : 1.92%;}}<\/style><\/div><\/div><style type=\"text\/css\">.fusion-body .fusion-flex-container.fusion-builder-row-4{ padding-top : 0px;margin-top : 0px;padding-right : 0px;padding-bottom : 0px;margin-bottom : 0px;padding-left : 0px;}<\/style><\/div><\/p>\n","protected":false},"excerpt":{"rendered":"","protected":false},"author":1,"featured_media":0,"parent":0,"menu_order":0,"comment_status":"closed","ping_status":"closed","template":"","meta":{"footnotes":""},"_links":{"self":[{"href":"https:\/\/www.ch-orthez.fr\/index.php\/wp-json\/wp\/v2\/pages\/1182"}],"collection":[{"href":"https:\/\/www.ch-orthez.fr\/index.php\/wp-json\/wp\/v2\/pages"}],"about":[{"href":"https:\/\/www.ch-orthez.fr\/index.php\/wp-json\/wp\/v2\/types\/page"}],"author":[{"embeddable":true,"href":"https:\/\/www.ch-orthez.fr\/index.php\/wp-json\/wp\/v2\/users\/1"}],"replies":[{"embeddable":true,"href":"https:\/\/www.ch-orthez.fr\/index.php\/wp-json\/wp\/v2\/comments?post=1182"}],"version-history":[{"count":0,"href":"https:\/\/www.ch-orthez.fr\/index.php\/wp-json\/wp\/v2\/pages\/1182\/revisions"}],"wp:attachment":[{"href":"https:\/\/www.ch-orthez.fr\/index.php\/wp-json\/wp\/v2\/media?parent=1182"}],"curies":[{"name":"wp","href":"https:\/\/api.w.org\/{rel}","templated":true}]}}